{"id":2468,"date":"2024-12-19T13:00:07","date_gmt":"2024-12-19T12:00:07","guid":{"rendered":"https:\/\/grevy.art\/impressum\/"},"modified":"2025-02-14T19:38:10","modified_gmt":"2025-02-14T18:38:10","slug":"site-notice","status":"publish","type":"page","link":"https:\/\/grevy.art\/en\/site-notice\/","title":{"rendered":"Site Notice"},"content":{"rendered":"\t\t<div data-elementor-type=\"wp-page\" data-elementor-id=\"2468\" class=\"elementor elementor-2468 elementor-282\" data-elementor-post-type=\"page\">\n\t\t\t\t<div class=\"elementor-element elementor-element-1d28ed2c e-flex e-con-boxed e-con e-parent\" data-id=\"1d28ed2c\" data-element_type=\"container\" data-e-type=\"container\">\n\t\t\t\t\t<div class=\"e-con-inner\">\n\t\t\t\t<div class=\"elementor-element elementor-element-2bfc2e0a elementor-widget elementor-widget-text-editor\" data-id=\"2bfc2e0a\" data-element_type=\"widget\" data-e-type=\"widget\" data-widget_type=\"text-editor.default\">\n\t\t\t\t<div class=\"elementor-widget-container\">\n\t\t\t\t\t\t\t\t\t\n<p>Grevy GmbH<br \/>Goltsteinstra\u00dfe 28-30<br \/>B\u00fcrogemeinschaft FGR<br \/>50968 K\u00f6ln<\/p>\n<p>Commercial Register: HRB 83120<br \/>Registration court: Amtsgericht K\u00f6ln<\/p>\n<p><strong>Represented by:<\/strong><br \/>Arnd Sch\u00e4fer<\/p>\n<h2>Contact<\/h2>\n<p>Phone: 0172 \/ 73 20 515<br \/>E-mail: info@grevy.org<\/p>\n<h2>VAT ID<\/h2>\n<p>Sales tax identification number according to Sect. 27 a of the Sales Tax Law:<br \/>DE298102295<\/p>\n<h2>Person responsible for editorial<\/h2>\n<p>Arnd Sch\u00e4fer<\/p>\n<h2>EU dispute resolution<\/h2>\n<p>The European Commission provides a platform for online dispute resolution (ODR): <a href=\"https:\/\/ec.europa.eu\/consumers\/odr\/\" target=\"_blank\" rel=\"noopener noreferrer\">https:\/\/ec.europa.eu\/consumers\/odr\/<\/a>.<br \/>Our e-mail address can be found above in the site notice.<\/p>\n<h2>Dispute resolution proceedings in front of a consumer arbitration board<\/h2>\n<p>We are not willing or obliged to participate in dispute resolution proceedings in front of a consumer arbitration board.<\/p>\n\n<p><div class=\"woocommerce woocommerce-gzd woocommerce-gzd-complaints-shortcode\">\n\t\t\t<h3>Alternative Dispute Resolution in accordance with Art. 14 (1) ODR-VO and \u00a7 36 VSBG:<\/h3>\n\t\nZur Teilnahme an einem Streitbeilegungsverfahren vor einer Verbraucherschlichtungsstelle sind wir nicht verpflichtet und nicht bereit.<\/div><\/p>\t\t\t\t\t\t\t\t<\/div>\n\t\t\t\t<\/div>\n\t\t\t\t\t<\/div>\n\t\t\t\t<\/div>\n\t\t\t\t<\/div>\n\t\t","protected":false},"excerpt":{"rendered":"<p>Grevy GmbHGoltsteinstra\u00dfe 28-30B\u00fcrogemeinschaft FGR50968 K\u00f6ln Commercial Register: HRB 83120Registration court: Amtsgericht K\u00f6ln Represented by:Arnd Sch\u00e4fer Contact Phone: 0172 \/ 73 20 515E-mail: info@grevy.org VAT ID Sales tax identification number according to Sect. 27 a of the Sales Tax Law:DE298102295 Person responsible for editorial Arnd Sch\u00e4fer EU dispute resolution The European Commission provides a platform for [&hellip;]<\/p>\n","protected":false},"author":1,"featured_media":0,"parent":0,"menu_order":0,"comment_status":"closed","ping_status":"closed","template":"","meta":{"_acf_changed":false,"footnotes":""},"class_list":["post-2468","page","type-page","status-publish","hentry"],"acf":[],"aioseo_notices":[],"_links":{"self":[{"href":"https:\/\/grevy.art\/en\/wp-json\/wp\/v2\/pages\/2468","targetHints":{"allow":["GET"]}}],"collection":[{"href":"https:\/\/grevy.art\/en\/wp-json\/wp\/v2\/pages"}],"about":[{"href":"https:\/\/grevy.art\/en\/wp-json\/wp\/v2\/types\/page"}],"author":[{"embeddable":true,"href":"https:\/\/grevy.art\/en\/wp-json\/wp\/v2\/users\/1"}],"replies":[{"embeddable":true,"href":"https:\/\/grevy.art\/en\/wp-json\/wp\/v2\/comments?post=2468"}],"version-history":[{"count":0,"href":"https:\/\/grevy.art\/en\/wp-json\/wp\/v2\/pages\/2468\/revisions"}],"wp:attachment":[{"href":"https:\/\/grevy.art\/en\/wp-json\/wp\/v2\/media?parent=2468"}],"curies":[{"name":"wp","href":"https:\/\/api.w.org\/{rel}","templated":true}]}}