{"id":2721,"date":"2025-02-18T22:10:14","date_gmt":"2025-02-18T21:10:14","guid":{"rendered":"https:\/\/grevy.art\/?post_type=product&#038;p=2721"},"modified":"2026-03-12T23:43:40","modified_gmt":"2026-03-12T22:43:40","slug":"butterflies-in-your-stomach","status":"publish","type":"product","link":"https:\/\/grevy.art\/en\/kunstwerke\/painting\/butterflies-in-your-stomach\/","title":{"rendered":"Butterflies in your stomach"},"content":{"rendered":"<p>Figuren:<br \/>\nIm Vordergrund sehen wir ein verliebtes Paar, das sehr emotional und fr\u00f6hlich wirkt.<br \/>\nDer Mann hebt die Frau in einer liebevollen Geste, was Freude, Freiheit und Leidenschaft symbolisiert.<br \/>\nDer Ausdruck beider Figuren ist lebhaft; sie strahlen Gl\u00fcck und Zuneigung aus<br \/>\nDetails:<br \/>\nUm das Paar herum fliegen Schmetterlinge, die oft Symbolik f\u00fcr Transformation und Freiheit haben. Dies k\u00f6nnte darauf hinweisen, dass die Liebe und der Moment sie befl\u00fcgeln und Ver\u00e4nderungen in ihrem Leben mit sich bringen.<br \/>\nIm Hintergrund erhebt sich majest\u00e4tisch das Matterhorn, das Sinnbild f\u00fcr die sch\u00f6ne Schweiz.<\/p>\n","protected":false},"excerpt":{"rendered":"<p>Wie stellt man k\u00fcnstlerisch \u201eSchmetterlinge im Bauch\u201c dar? Oder wie malt man das gro\u00dfe Gl\u00fcck von Verliebtheit?<\/p>\n","protected":false},"featured_media":2695,"comment_status":"open","ping_status":"closed","template":"","meta":{"_acf_changed":false},"ausgestaltungen":[73],"farbigkeit":[57,247,63,66],"material":[212,217],"motiv":[183,184,182],"product_brand":[],"product_cat":[18],"product_tag":[133],"class_list":{"0":"post-2721","1":"product","2":"type-product","3":"status-publish","4":"has-post-thumbnail","6":"ausgestaltungen-unikat","7":"farbigkeit-blau","8":"farbigkeit-goldgelb","9":"farbigkeit-tuerkis","10":"farbigkeit-weiss","11":"material-acryl","12":"material-leinwand","13":"motiv-frau","14":"motiv-landschaft","15":"motiv-mann","16":"product_cat-malerei","17":"product_tag-acrylmalerei","19":"first","20":"instock","21":"purchasable","22":"product-type-simple"},"acf":[],"aioseo_notices":[],"_links":{"self":[{"href":"https:\/\/grevy.art\/en\/wp-json\/wp\/v2\/product\/2721","targetHints":{"allow":["GET"]}}],"collection":[{"href":"https:\/\/grevy.art\/en\/wp-json\/wp\/v2\/product"}],"about":[{"href":"https:\/\/grevy.art\/en\/wp-json\/wp\/v2\/types\/product"}],"replies":[{"embeddable":true,"href":"https:\/\/grevy.art\/en\/wp-json\/wp\/v2\/comments?post=2721"}],"wp:featuredmedia":[{"embeddable":true,"href":"https:\/\/grevy.art\/en\/wp-json\/wp\/v2\/media\/2695"}],"wp:attachment":[{"href":"https:\/\/grevy.art\/en\/wp-json\/wp\/v2\/media?parent=2721"}],"wp:term":[{"taxonomy":"ausgestaltungen","embeddable":true,"href":"https:\/\/grevy.art\/en\/wp-json\/wp\/v2\/ausgestaltungen?post=2721"},{"taxonomy":"farbigkeit","embeddable":true,"href":"https:\/\/grevy.art\/en\/wp-json\/wp\/v2\/farbigkeit?post=2721"},{"taxonomy":"material","embeddable":true,"href":"https:\/\/grevy.art\/en\/wp-json\/wp\/v2\/material?post=2721"},{"taxonomy":"motiv","embeddable":true,"href":"https:\/\/grevy.art\/en\/wp-json\/wp\/v2\/motiv?post=2721"},{"taxonomy":"product_brand","embeddable":true,"href":"https:\/\/grevy.art\/en\/wp-json\/wp\/v2\/product_brand?post=2721"},{"taxonomy":"product_cat","embeddable":true,"href":"https:\/\/grevy.art\/en\/wp-json\/wp\/v2\/product_cat?post=2721"},{"taxonomy":"product_tag","embeddable":true,"href":"https:\/\/grevy.art\/en\/wp-json\/wp\/v2\/product_tag?post=2721"}],"curies":[{"name":"wp","href":"https:\/\/api.w.org\/{rel}","templated":true}]}}