{"id":2913,"date":"2025-02-23T16:43:00","date_gmt":"2025-02-23T15:43:00","guid":{"rendered":"https:\/\/grevy.art\/?post_type=product&#038;p=2913"},"modified":"2025-07-25T19:30:02","modified_gmt":"2025-07-25T17:30:02","slug":"644-ohne-titel","status":"publish","type":"product","link":"https:\/\/grevy.art\/en\/kunstwerke\/painting\/644-ohne-titel\/","title":{"rendered":"#644 ohne Titel"},"content":{"rendered":"<p>Das Motiv erinnert uns vielleicht an eine Landschaft mit Felsen am Meer, \u00fcber die sich ein blauer Himmel spannt. Im Sonnenlicht erscheint alles sehr still und l\u00e4dt zum Verweilen ein. Vor klarem Blau bewegen sich Farben und Formen \u00fcber die Leinwand und verbinden Ruhe und Bewegung. Bei genauerer Betrachtung l\u00f6st sich die Vorstellung in Farbfl\u00e4chen auf und die Komposition als reine Malerei steht im Vordergrund der Wahrnehmung. Die Gliederung in senkrechte Bildfelder verbunden mit den schwungvoll gesetzten Formen f\u00fchrt unseren Blick immer wieder zu neuen Entdeckungen in der Fl\u00e4che.<\/p>\n<p>Die Gliederung des Kunstwerks in mehrere Fl\u00e4chen mit ihren markant gro\u00dfen Abst\u00e4nden ist ein typisches Merkmal der Arbeiten von Schultze-Schnabl. Zusammen mit der Abstraktion wird so der Vorgang des Betrachtens selbst zum Thema. Wie der Blick die Elemente verfolgt und zusammensetzt \u201ebauen\u201c wir unsere Vorstellungen von Wirklichkeit aus vielen Teileindr\u00fccken.<\/p>\n","protected":false},"excerpt":{"rendered":"<p>Das dreiteilige Kunstwerk l\u00e4dt uns auf einen Spaziergang in die Weite ein. \u00dcber blauem Wasser scheint ein blauer Himmel. Die gelben Formen geben der Komposition Leichtigkeit und Dynamik.<\/p>\n","protected":false},"featured_media":2914,"comment_status":"open","ping_status":"closed","template":"","meta":{"_acf_changed":false},"ausgestaltungen":[73],"farbigkeit":[57,58],"material":[212,217],"motiv":[173,177,184,185],"product_brand":[],"product_cat":[18],"product_tag":[138,147,161,143,315,314,259],"class_list":{"0":"post-2913","1":"product","2":"type-product","3":"status-publish","4":"has-post-thumbnail","6":"ausgestaltungen-unikat","7":"farbigkeit-blau","8":"farbigkeit-gelb","9":"material-acryl","10":"material-leinwand","11":"motiv-abstrakt","12":"motiv-gegenstaendlich","13":"motiv-landschaft","14":"motiv-meer","15":"product_cat-malerei","16":"product_tag-himmel","17":"product_tag-licht","18":"product_tag-meer","19":"product_tag-sonne","20":"product_tag-steine","21":"product_tag-ufer","22":"product_tag-wasser","24":"first","25":"instock","26":"taxable","27":"shipping-taxable","28":"purchasable","29":"product-type-simple"},"acf":[],"aioseo_notices":[],"_links":{"self":[{"href":"https:\/\/grevy.art\/en\/wp-json\/wp\/v2\/product\/2913","targetHints":{"allow":["GET"]}}],"collection":[{"href":"https:\/\/grevy.art\/en\/wp-json\/wp\/v2\/product"}],"about":[{"href":"https:\/\/grevy.art\/en\/wp-json\/wp\/v2\/types\/product"}],"replies":[{"embeddable":true,"href":"https:\/\/grevy.art\/en\/wp-json\/wp\/v2\/comments?post=2913"}],"wp:featuredmedia":[{"embeddable":true,"href":"https:\/\/grevy.art\/en\/wp-json\/wp\/v2\/media\/2914"}],"wp:attachment":[{"href":"https:\/\/grevy.art\/en\/wp-json\/wp\/v2\/media?parent=2913"}],"wp:term":[{"taxonomy":"ausgestaltungen","embeddable":true,"href":"https:\/\/grevy.art\/en\/wp-json\/wp\/v2\/ausgestaltungen?post=2913"},{"taxonomy":"farbigkeit","embeddable":true,"href":"https:\/\/grevy.art\/en\/wp-json\/wp\/v2\/farbigkeit?post=2913"},{"taxonomy":"material","embeddable":true,"href":"https:\/\/grevy.art\/en\/wp-json\/wp\/v2\/material?post=2913"},{"taxonomy":"motiv","embeddable":true,"href":"https:\/\/grevy.art\/en\/wp-json\/wp\/v2\/motiv?post=2913"},{"taxonomy":"product_brand","embeddable":true,"href":"https:\/\/grevy.art\/en\/wp-json\/wp\/v2\/product_brand?post=2913"},{"taxonomy":"product_cat","embeddable":true,"href":"https:\/\/grevy.art\/en\/wp-json\/wp\/v2\/product_cat?post=2913"},{"taxonomy":"product_tag","embeddable":true,"href":"https:\/\/grevy.art\/en\/wp-json\/wp\/v2\/product_tag?post=2913"}],"curies":[{"name":"wp","href":"https:\/\/api.w.org\/{rel}","templated":true}]}}