{"id":2916,"date":"2025-02-23T17:14:51","date_gmt":"2025-02-23T16:14:51","guid":{"rendered":"https:\/\/grevy.art\/?post_type=product&#038;p=2916"},"modified":"2025-07-25T19:29:21","modified_gmt":"2025-07-25T17:29:21","slug":"1412-ohne-titel-landschaft","status":"publish","type":"product","link":"https:\/\/grevy.art\/en\/kunstwerke\/painting\/1412-ohne-titel-landschaft\/","title":{"rendered":"#1412 ohne Titel (Landschaft)"},"content":{"rendered":"<p>Das Motiv erinnert uns vielleicht an eine Landschaft mit Felsen am Meer, \u00fcber die sich ein blauer Himmel spannt. Im Sonnenlicht erscheint alles sehr still und l\u00e4dt zum Verweilen ein. Vor klarem Blau bewegen sich Farben und Formen \u00fcber die Leinwand und verbinden Ruhe und Bewegung. Bei genauerer Betrachtung l\u00f6st sich die Vorstellung in Farbfl\u00e4chen auf und die Komposition als reine Malerei steht im Vordergrund der Wahrnehmung. Die Gliederung in senkrechte Bildfelder verbunden mit den schwungvoll gesetzten Formen f\u00fchrt unseren Blick immer wieder zu neuen Entdeckungen in der Fl\u00e4che.<\/p>\n<p>Durch die hemrteilige Art der Arbeit entsteht ein Dialog zwischen dem &#8220;Blick in ein Bildfenster&#8221;, zu dem die Arbeit einl\u00e4dt, und dem Bewusstsein einer plastischen Form auf der Wand. Damit wird das k\u00fcnstlerische Leitthema, wie unser Kopf Informationen ordnet und deutet, auf eine besondere Weise umgesetzt: Das Werk bezieht den Betrachter selbst ein, denn die breiten Seitenfl\u00e4chen der Leinw\u00e4nde (7,5, cm) sind gleichfalls malerisch bearbeitet. Dies l\u00e4dt uns ein, intuitiv das Werk von verschiedenen Seiten zu sehen und zu schauen, wie sich die Wahrnehmung in unserem Kopf zusammensetzt. Der Prozess des Betrachtens wird Teil der k\u00fcnstlerischen Arbeit, ein Element der typischen Handschrift des K\u00fcnstlers.<\/p>\n","protected":false},"excerpt":{"rendered":"<p>Die hellen und nuancenreichen Gr\u00fcnt\u00f6ne in dieser dreiteiligen Arbeit strahlen zusammen mit den sanften Linien eine angenehme Ruhe aus in einer Szenerie, die eine Waldlichtung oder \u00c4hnliches darstellen k\u00f6nnte. Grauviolette Formen erinnern an Steine. Die warmen Rotbraunt\u00f6ne unterstreichen den fr\u00fchlingshaften Eindruck.<\/p>\n","protected":false},"featured_media":2917,"comment_status":"open","ping_status":"closed","template":"","meta":{"_acf_changed":false},"ausgestaltungen":[73],"farbigkeit":[57,67,59,195,192,64],"material":[212,217],"motiv":[173,177,184],"product_brand":[],"product_cat":[18],"product_tag":[141,140,315,144,142],"class_list":{"0":"post-2916","1":"product","2":"type-product","3":"status-publish","4":"has-post-thumbnail","6":"ausgestaltungen-unikat","7":"farbigkeit-blau","8":"farbigkeit-grau","9":"farbigkeit-gruen","10":"farbigkeit-hell","11":"farbigkeit-pastell","12":"farbigkeit-violett","13":"material-acryl","14":"material-leinwand","15":"motiv-abstrakt","16":"motiv-gegenstaendlich","17":"motiv-landschaft","18":"product_cat-malerei","19":"product_tag-lichtung","20":"product_tag-natur","21":"product_tag-steine","22":"product_tag-stille","23":"product_tag-waldstueck","25":"first","26":"instock","27":"featured","28":"taxable","29":"shipping-taxable","30":"purchasable","31":"product-type-simple"},"acf":[],"aioseo_notices":[],"_links":{"self":[{"href":"https:\/\/grevy.art\/en\/wp-json\/wp\/v2\/product\/2916","targetHints":{"allow":["GET"]}}],"collection":[{"href":"https:\/\/grevy.art\/en\/wp-json\/wp\/v2\/product"}],"about":[{"href":"https:\/\/grevy.art\/en\/wp-json\/wp\/v2\/types\/product"}],"replies":[{"embeddable":true,"href":"https:\/\/grevy.art\/en\/wp-json\/wp\/v2\/comments?post=2916"}],"wp:featuredmedia":[{"embeddable":true,"href":"https:\/\/grevy.art\/en\/wp-json\/wp\/v2\/media\/2917"}],"wp:attachment":[{"href":"https:\/\/grevy.art\/en\/wp-json\/wp\/v2\/media?parent=2916"}],"wp:term":[{"taxonomy":"ausgestaltungen","embeddable":true,"href":"https:\/\/grevy.art\/en\/wp-json\/wp\/v2\/ausgestaltungen?post=2916"},{"taxonomy":"farbigkeit","embeddable":true,"href":"https:\/\/grevy.art\/en\/wp-json\/wp\/v2\/farbigkeit?post=2916"},{"taxonomy":"material","embeddable":true,"href":"https:\/\/grevy.art\/en\/wp-json\/wp\/v2\/material?post=2916"},{"taxonomy":"motiv","embeddable":true,"href":"https:\/\/grevy.art\/en\/wp-json\/wp\/v2\/motiv?post=2916"},{"taxonomy":"product_brand","embeddable":true,"href":"https:\/\/grevy.art\/en\/wp-json\/wp\/v2\/product_brand?post=2916"},{"taxonomy":"product_cat","embeddable":true,"href":"https:\/\/grevy.art\/en\/wp-json\/wp\/v2\/product_cat?post=2916"},{"taxonomy":"product_tag","embeddable":true,"href":"https:\/\/grevy.art\/en\/wp-json\/wp\/v2\/product_tag?post=2916"}],"curies":[{"name":"wp","href":"https:\/\/api.w.org\/{rel}","templated":true}]}}