{"id":2919,"date":"2025-02-23T17:37:19","date_gmt":"2025-02-23T16:37:19","guid":{"rendered":"https:\/\/grevy.art\/?post_type=product&#038;p=2919"},"modified":"2025-07-25T19:28:29","modified_gmt":"2025-07-25T17:28:29","slug":"1574-ohne-titel-formen-auf-grau","status":"publish","type":"product","link":"https:\/\/grevy.art\/en\/kunstwerke\/painting\/1574-ohne-titel-formen-auf-grau\/","title":{"rendered":"#1574 ohne Titel"},"content":{"rendered":"<p>Eine expressiv wirkende Landschaft scheint vor uns zu liegen und der Blick tastet sich durch den Raum und sucht nach Erkennbarem, Vertrautem. Es bleibt letztlich offen, wie wir uns entscheiden, denn mit den sparsam, aber akzentuiert gesetzten Pinselstrichen bietet uns der Maler Formen und Gliederungen an, die unsere Vorstellungskraft zu Deutungen verlockt. Die Betonung der Farbspur als Bildmittel l\u00e4sst uns aber in der Schwebe und wir sp\u00fcren, wie in unserem Kopf Bedeutung \u201egemacht\u201c wird und nicht durch den K\u00fcnstler im Bild fertig formuliert vorgegeben ist.<br \/>\nDie typische Gestaltungsweise des K\u00fcnstlers, die 4,5 cm dicken Leinw\u00e4nde auch von der Seite zu bearbeiten, l\u00e4dt uns ein, das Werk von verschiedenen Perspektiven aus zu betrachten und Verbindungen der Elemente zu sehen. Wir erleben den Prozess des Sehens als Aktivit\u00e4t mit dem Bild.<\/p>\n","protected":false},"excerpt":{"rendered":"<p>Unser Blick geht bei dieser dreiteiligen Arbeit scheinbar in die Weite einer Landschaft, die etwas von einem Eismeer oder einer W\u00fcste hat. Die spannungsvollen Formen entwickeln sich aus den sparsam gesetzten, kraftvollen Pinselstrichen.<\/p>\n","protected":false},"featured_media":2920,"comment_status":"open","ping_status":"closed","template":"","meta":{"_acf_changed":false},"ausgestaltungen":[73],"farbigkeit":[57,67,254,195],"material":[212,217],"motiv":[173,186,177,184,185],"product_brand":[],"product_cat":[18],"product_tag":[146,256,311,258,140,315,144],"class_list":{"0":"post-2919","1":"product","2":"type-product","3":"status-publish","4":"has-post-thumbnail","6":"ausgestaltungen-unikat","7":"farbigkeit-blau","8":"farbigkeit-grau","9":"farbigkeit-grauweiss","10":"farbigkeit-hell","11":"material-acryl","12":"material-leinwand","13":"motiv-abstrakt","14":"motiv-elemente","15":"motiv-gegenstaendlich","16":"motiv-landschaft","17":"motiv-meer","18":"product_cat-malerei","19":"product_tag-berge","20":"product_tag-einsamkeit","21":"product_tag-expressiv","22":"product_tag-horizont","23":"product_tag-natur","24":"product_tag-steine","25":"product_tag-stille","27":"first","28":"instock","29":"taxable","30":"shipping-taxable","31":"purchasable","32":"product-type-simple"},"acf":[],"aioseo_notices":[],"_links":{"self":[{"href":"https:\/\/grevy.art\/en\/wp-json\/wp\/v2\/product\/2919","targetHints":{"allow":["GET"]}}],"collection":[{"href":"https:\/\/grevy.art\/en\/wp-json\/wp\/v2\/product"}],"about":[{"href":"https:\/\/grevy.art\/en\/wp-json\/wp\/v2\/types\/product"}],"replies":[{"embeddable":true,"href":"https:\/\/grevy.art\/en\/wp-json\/wp\/v2\/comments?post=2919"}],"wp:featuredmedia":[{"embeddable":true,"href":"https:\/\/grevy.art\/en\/wp-json\/wp\/v2\/media\/2920"}],"wp:attachment":[{"href":"https:\/\/grevy.art\/en\/wp-json\/wp\/v2\/media?parent=2919"}],"wp:term":[{"taxonomy":"ausgestaltungen","embeddable":true,"href":"https:\/\/grevy.art\/en\/wp-json\/wp\/v2\/ausgestaltungen?post=2919"},{"taxonomy":"farbigkeit","embeddable":true,"href":"https:\/\/grevy.art\/en\/wp-json\/wp\/v2\/farbigkeit?post=2919"},{"taxonomy":"material","embeddable":true,"href":"https:\/\/grevy.art\/en\/wp-json\/wp\/v2\/material?post=2919"},{"taxonomy":"motiv","embeddable":true,"href":"https:\/\/grevy.art\/en\/wp-json\/wp\/v2\/motiv?post=2919"},{"taxonomy":"product_brand","embeddable":true,"href":"https:\/\/grevy.art\/en\/wp-json\/wp\/v2\/product_brand?post=2919"},{"taxonomy":"product_cat","embeddable":true,"href":"https:\/\/grevy.art\/en\/wp-json\/wp\/v2\/product_cat?post=2919"},{"taxonomy":"product_tag","embeddable":true,"href":"https:\/\/grevy.art\/en\/wp-json\/wp\/v2\/product_tag?post=2919"}],"curies":[{"name":"wp","href":"https:\/\/api.w.org\/{rel}","templated":true}]}}