{"id":2934,"date":"2025-02-23T18:59:30","date_gmt":"2025-02-23T17:59:30","guid":{"rendered":"https:\/\/grevy.art\/?post_type=product&#038;p=2934"},"modified":"2025-07-25T19:27:50","modified_gmt":"2025-07-25T17:27:50","slug":"1568-ohne-titel","status":"publish","type":"product","link":"https:\/\/grevy.art\/en\/kunstwerke\/painting\/1568-ohne-titel\/","title":{"rendered":"#1568 ohne Titel"},"content":{"rendered":"<p>Eine expressive Landschaftsszene scheint vor uns zu liegen. Unser Blick tastet sich durch den Raum und und wir assoziieren vielleicht eine sommerliche Landschaft in einem luftig wirkenden Waldst\u00fcck. Die sparsam, aber akzentuiert gesetzten Pinselstrichen brechen die Illusion imer wieder und verdeutlichen, dass dies &#8220;nur Malerei&#8221; ist, dass der Pinselstrich uns zum Finden und Deuten einl\u00e4dt.\u00a0Die Betonung der Farbspur als Bildmittel l\u00e4sst uns aber in der Schwebe und wir sp\u00fcren, wie in unserem Kopf Bedeutung \u201egemacht\u201c wird und nicht durch den K\u00fcnstler im Bild fertig formuliert vorgegeben ist.<br \/>\nDie typische Gestaltungsweise des K\u00fcnstlers, die 4,5 cm dicken Leinw\u00e4nde auch von der Seite zu bearbeiten, l\u00e4dt uns ein, das Werk von verschiedenen Perspektiven aus zu betrachten und Verbindungen der Elemente zu sehen. Wir erleben den Prozess des Sehens als Aktivit\u00e4t mit dem Bild.<\/p>\n","protected":false},"excerpt":{"rendered":"<p>Auf hellgrauem Untergrund verbinden sich Farbflecken auf dieser dreiteiligen Arbeit zu einem luftigen Eindruck einer sommerlichen Naturszene.<\/p>\n","protected":false},"featured_media":2935,"comment_status":"open","ping_status":"closed","template":"","meta":{"_acf_changed":false},"ausgestaltungen":[74],"farbigkeit":[57,241,251,67,59,195],"material":[212,217],"motiv":[173,177,184],"product_brand":[],"product_cat":[18],"product_tag":[147,140,378,316,144,142],"class_list":{"0":"post-2934","1":"product","2":"type-product","3":"status-publish","4":"has-post-thumbnail","6":"ausgestaltungen-original","7":"farbigkeit-blau","8":"farbigkeit-erdfarben","9":"farbigkeit-gold","10":"farbigkeit-grau","11":"farbigkeit-gruen","12":"farbigkeit-hell","13":"material-acryl","14":"material-leinwand","15":"motiv-abstrakt","16":"motiv-gegenstaendlich","17":"motiv-landschaft","18":"product_cat-malerei","19":"product_tag-licht","20":"product_tag-natur","21":"product_tag-ruhe","22":"product_tag-sommer","23":"product_tag-stille","24":"product_tag-waldstueck","26":"first","27":"instock","28":"taxable","29":"shipping-taxable","30":"purchasable","31":"product-type-simple"},"acf":[],"aioseo_notices":[],"_links":{"self":[{"href":"https:\/\/grevy.art\/en\/wp-json\/wp\/v2\/product\/2934","targetHints":{"allow":["GET"]}}],"collection":[{"href":"https:\/\/grevy.art\/en\/wp-json\/wp\/v2\/product"}],"about":[{"href":"https:\/\/grevy.art\/en\/wp-json\/wp\/v2\/types\/product"}],"replies":[{"embeddable":true,"href":"https:\/\/grevy.art\/en\/wp-json\/wp\/v2\/comments?post=2934"}],"wp:featuredmedia":[{"embeddable":true,"href":"https:\/\/grevy.art\/en\/wp-json\/wp\/v2\/media\/2935"}],"wp:attachment":[{"href":"https:\/\/grevy.art\/en\/wp-json\/wp\/v2\/media?parent=2934"}],"wp:term":[{"taxonomy":"ausgestaltungen","embeddable":true,"href":"https:\/\/grevy.art\/en\/wp-json\/wp\/v2\/ausgestaltungen?post=2934"},{"taxonomy":"farbigkeit","embeddable":true,"href":"https:\/\/grevy.art\/en\/wp-json\/wp\/v2\/farbigkeit?post=2934"},{"taxonomy":"material","embeddable":true,"href":"https:\/\/grevy.art\/en\/wp-json\/wp\/v2\/material?post=2934"},{"taxonomy":"motiv","embeddable":true,"href":"https:\/\/grevy.art\/en\/wp-json\/wp\/v2\/motiv?post=2934"},{"taxonomy":"product_brand","embeddable":true,"href":"https:\/\/grevy.art\/en\/wp-json\/wp\/v2\/product_brand?post=2934"},{"taxonomy":"product_cat","embeddable":true,"href":"https:\/\/grevy.art\/en\/wp-json\/wp\/v2\/product_cat?post=2934"},{"taxonomy":"product_tag","embeddable":true,"href":"https:\/\/grevy.art\/en\/wp-json\/wp\/v2\/product_tag?post=2934"}],"curies":[{"name":"wp","href":"https:\/\/api.w.org\/{rel}","templated":true}]}}