{"id":3169,"date":"2025-03-14T11:28:48","date_gmt":"2025-03-14T10:28:48","guid":{"rendered":"https:\/\/grevy.art\/?post_type=product&#038;p=3169"},"modified":"2025-07-25T19:39:53","modified_gmt":"2025-07-25T17:39:53","slug":"857-ohne-titel","status":"publish","type":"product","link":"https:\/\/grevy.art\/en\/kunstwerke\/painting\/857-ohne-titel\/","title":{"rendered":"#857 ohne Titel"},"content":{"rendered":"<p>Das Bild wirkt mit seinen frischen Farben und bewegten Fl\u00e4chen hell und einladend.Wir erkennen Motivelemente von Landschaft, wie Himmel, Baum, Bewuchs, Formen der Architektur. Die Art der Unsetzung l\u00f6st das Motiv auf, macht es leicht und bewegt, befreit die Bildelemente ein St\u00fcck weit von der Wirklichkeit und gibt dem Auge doch Anregungen, dass wir uns im Kopf eine Situation vorstellen, den malerischen Emelemten Sinn zuordnen. So bleibt das Bild in der Schwebe zwischen einer gegenst\u00e4ndlichen und einer ungegenst\u00e4ndlichen Betrachtungsweise und macht uns damit auf seine spezielle Weise darauf aufmerksam, wie unser Sehen die Wirklichkeit wahrnimmt und unser Kopf auf Deutung des Gesehenen aus ist.<\/p>\n<p>Dies wird durch die spezielle Gestaltungsweise des Werks nochmals unterstrichen: die Aufteilung der Bildfl\u00e4chen bremst unser Vorgehen, mit dem Auge etwas ganzheitlich erfassen zu wollen und dann schnell zum n\u00e4chsten Objekt weiterzugehen. Der Sprung \u201e\u00fcber die L\u00fccke hinweg\u201c und das Zusammensetzen des punktuell Gesehene ist ein Kernprozess unserer Wahrnehmung. Dies wird nochmals auf eine andere Eben gebracht, indem die Arbeit auf besondere Keilrahmen umgesetzt ist. Die fast 8 cm breiten Seiten sind ebenfalls bemalt und f\u00fchren die Motive weiter. So kann man von allen Seiten auf das Bild schauen und sehen, wie es sich so ver\u00e4ndert und unser Sehen sich anpasst. Das aktive Sehen bimndet den Betrachter ein und die Kunst f\u00fchrt zu einer Interaktion.<\/p>\n<p>Die typische Gestaltungsweise des K\u00fcnstlers, seine Bilder in mehreren Fl\u00e4chen auf Abstand zueinander zu gestalten (der englische Begriff des \u201emultipanel paintings\u201c trifft das Vorgehen gut) findet sich auch hier wieder. So entstehen in seinen Bildern immer wieder ungew\u00f6hnliche und spannende Kompositionen.<\/p>\n","protected":false},"excerpt":{"rendered":"<p>Frisch, vielleicht sogar k\u00fchl wirkt die Farbskala des Bildes im ersten Moment. Die bewegten Fl\u00e4chen schaffen Leichtigkeit und Bewegung. Formen erinnern an die Natur, an unsere Lebensumgebung. Sie l\u00f6st sich auf und setzt sich spielerisch im Kopf wieder zusammen.<\/p>\n","protected":false},"featured_media":3180,"comment_status":"open","ping_status":"closed","template":"","meta":{"_acf_changed":false},"ausgestaltungen":[74],"farbigkeit":[57,59,66],"material":[212,217],"motiv":[174,177,184,178],"product_brand":[],"product_cat":[18],"product_tag":[360,508,381,349,512,249,383,342,377,303],"class_list":{"0":"post-3169","1":"product","2":"type-product","3":"status-publish","4":"has-post-thumbnail","6":"ausgestaltungen-original","7":"farbigkeit-blau","8":"farbigkeit-gruen","9":"farbigkeit-weiss","10":"material-acryl","11":"material-leinwand","12":"motiv-figurativ","13":"motiv-gegenstaendlich","14":"motiv-landschaft","15":"motiv-natur-und-tiere","16":"product_cat-malerei","17":"product_tag-acryl","18":"product_tag-aufbruch","19":"product_tag-baeume","20":"product_tag-bewegung","21":"product_tag-blau","22":"product_tag-dynamik","23":"product_tag-himmelblau","24":"product_tag-landschaft","25":"product_tag-leicht","26":"product_tag-leinwand","28":"first","29":"instock","30":"sold-individually","31":"taxable","32":"shipping-taxable","33":"purchasable","34":"product-type-simple"},"acf":[],"aioseo_notices":[],"_links":{"self":[{"href":"https:\/\/grevy.art\/en\/wp-json\/wp\/v2\/product\/3169","targetHints":{"allow":["GET"]}}],"collection":[{"href":"https:\/\/grevy.art\/en\/wp-json\/wp\/v2\/product"}],"about":[{"href":"https:\/\/grevy.art\/en\/wp-json\/wp\/v2\/types\/product"}],"replies":[{"embeddable":true,"href":"https:\/\/grevy.art\/en\/wp-json\/wp\/v2\/comments?post=3169"}],"wp:featuredmedia":[{"embeddable":true,"href":"https:\/\/grevy.art\/en\/wp-json\/wp\/v2\/media\/3180"}],"wp:attachment":[{"href":"https:\/\/grevy.art\/en\/wp-json\/wp\/v2\/media?parent=3169"}],"wp:term":[{"taxonomy":"ausgestaltungen","embeddable":true,"href":"https:\/\/grevy.art\/en\/wp-json\/wp\/v2\/ausgestaltungen?post=3169"},{"taxonomy":"farbigkeit","embeddable":true,"href":"https:\/\/grevy.art\/en\/wp-json\/wp\/v2\/farbigkeit?post=3169"},{"taxonomy":"material","embeddable":true,"href":"https:\/\/grevy.art\/en\/wp-json\/wp\/v2\/material?post=3169"},{"taxonomy":"motiv","embeddable":true,"href":"https:\/\/grevy.art\/en\/wp-json\/wp\/v2\/motiv?post=3169"},{"taxonomy":"product_brand","embeddable":true,"href":"https:\/\/grevy.art\/en\/wp-json\/wp\/v2\/product_brand?post=3169"},{"taxonomy":"product_cat","embeddable":true,"href":"https:\/\/grevy.art\/en\/wp-json\/wp\/v2\/product_cat?post=3169"},{"taxonomy":"product_tag","embeddable":true,"href":"https:\/\/grevy.art\/en\/wp-json\/wp\/v2\/product_tag?post=3169"}],"curies":[{"name":"wp","href":"https:\/\/api.w.org\/{rel}","templated":true}]}}