{"id":3185,"date":"2025-03-14T11:38:13","date_gmt":"2025-03-14T10:38:13","guid":{"rendered":"https:\/\/grevy.art\/?post_type=product&#038;p=3185"},"modified":"2025-07-25T19:23:34","modified_gmt":"2025-07-25T17:23:34","slug":"1685-ohne-titel-stillleben","status":"publish","type":"product","link":"https:\/\/grevy.art\/en\/kunstwerke\/painting\/1685-ohne-titel-stillleben\/","title":{"rendered":"#1685 ohne Titel"},"content":{"rendered":"<p>In diesem Werk findet sich eine harmonische Verbindung von Ruhe und Bewegung: Kraftvolle und etwas kantig wirkende Pinselstriche gliedern den Vordergrund. Die leicht gebrochenen Farben mildern den Kontrast und die Schattierungen auf dem hellen Untergrund ergeben reizvolle malerische Stufungen. Ihre diagonale Anordnung f\u00fchrt unseren Blick in die Bildmitte.<\/p>\n<p>Ein Bereich mit \u00fcberwiegenden Gelbt\u00f6nen scheint die Formen nach hinten abzugrenzen und einzurahmen. Sie bringen eine strahlende Atmosph\u00e4re in das Bild, was durch die Gruppe von Blaut\u00f6nen noch verst\u00e4rkt wird, die das Bild nach oben abschlie\u00dft.<\/p>\n<p>So entsteht eine Komposition, die etwas von der Intimit\u00e4t traditioneller Stillleben haben, ohne dass wir auf eine konkrete Situation festgelegt w\u00e4ren. Die Abstraktion der Formen l\u00e4sst eine Offenheit im Bild und die Farbe dient nicht in erster Linie der Schilderung von Objekten, sondern ihr Gestaltungswert bleibt im Vordergrund der Wahrnehmung.<\/p>\n<p>Durch den Abstand der einzelnen Leinw\u00e4nde entfaltet sich ein rhythmischer Dialog der Farben und Fl\u00e4chen, der dem Werk eine besondere Leichtigkeit verleiht. Licht und Schatten, klare und diffuse Elemente spielen zusammen und laden dazu ein, immer neue Details in der vielschichtigen Komposition zu entdecken.<\/p>\n<p>Die typische Gestaltungsweise des K\u00fcnstlers, seine Bilder in mehreren Fl\u00e4chen auf Abstand zueinander zu gestalten (der englische Begriff des \u201emultipanel paintings\u201c trifft das Vorgehen gut) findet sich auch hier wieder. So entstehen in seinen Bildern immer wieder ungew\u00f6hnliche und spannende Kompositionen.<\/p>\n","protected":false},"excerpt":{"rendered":"<p>An eine warme, abendliche Stimmung erinnert diese Komposition. Abstrakte Formen und Farben gliedern das dreiteilige Leinwandbild. Die lebhaften und ausdrucksstarken Strukturen im Vordergrund f\u00fchren den Blick in den Bildraum, der im Hintergrund mit seinem variantenreichen Dunkelblau harmonisch abgeschlossen wird.<\/p>\n","protected":false},"featured_media":3187,"comment_status":"open","ping_status":"closed","template":"","meta":{"_acf_changed":false},"ausgestaltungen":[74],"farbigkeit":[57,196,58,67,59,62,66],"material":[212,217],"motiv":[173,177,187],"product_brand":[],"product_cat":[18],"product_tag":[393,395,394,378,139],"class_list":{"0":"post-3185","1":"product","2":"type-product","3":"status-publish","4":"has-post-thumbnail","6":"ausgestaltungen-original","7":"farbigkeit-blau","8":"farbigkeit-dunkel","9":"farbigkeit-gelb","10":"farbigkeit-grau","11":"farbigkeit-gruen","12":"farbigkeit-rot","13":"farbigkeit-weiss","14":"material-acryl","15":"material-leinwand","16":"motiv-abstrakt","17":"motiv-gegenstaendlich","18":"motiv-stillleben","19":"product_cat-malerei","20":"product_tag-essen","21":"product_tag-kueche","22":"product_tag-privat","23":"product_tag-ruhe","24":"product_tag-tisch","26":"first","27":"instock","28":"taxable","29":"shipping-taxable","30":"purchasable","31":"product-type-simple"},"acf":[],"aioseo_notices":[],"_links":{"self":[{"href":"https:\/\/grevy.art\/en\/wp-json\/wp\/v2\/product\/3185","targetHints":{"allow":["GET"]}}],"collection":[{"href":"https:\/\/grevy.art\/en\/wp-json\/wp\/v2\/product"}],"about":[{"href":"https:\/\/grevy.art\/en\/wp-json\/wp\/v2\/types\/product"}],"replies":[{"embeddable":true,"href":"https:\/\/grevy.art\/en\/wp-json\/wp\/v2\/comments?post=3185"}],"wp:featuredmedia":[{"embeddable":true,"href":"https:\/\/grevy.art\/en\/wp-json\/wp\/v2\/media\/3187"}],"wp:attachment":[{"href":"https:\/\/grevy.art\/en\/wp-json\/wp\/v2\/media?parent=3185"}],"wp:term":[{"taxonomy":"ausgestaltungen","embeddable":true,"href":"https:\/\/grevy.art\/en\/wp-json\/wp\/v2\/ausgestaltungen?post=3185"},{"taxonomy":"farbigkeit","embeddable":true,"href":"https:\/\/grevy.art\/en\/wp-json\/wp\/v2\/farbigkeit?post=3185"},{"taxonomy":"material","embeddable":true,"href":"https:\/\/grevy.art\/en\/wp-json\/wp\/v2\/material?post=3185"},{"taxonomy":"motiv","embeddable":true,"href":"https:\/\/grevy.art\/en\/wp-json\/wp\/v2\/motiv?post=3185"},{"taxonomy":"product_brand","embeddable":true,"href":"https:\/\/grevy.art\/en\/wp-json\/wp\/v2\/product_brand?post=3185"},{"taxonomy":"product_cat","embeddable":true,"href":"https:\/\/grevy.art\/en\/wp-json\/wp\/v2\/product_cat?post=3185"},{"taxonomy":"product_tag","embeddable":true,"href":"https:\/\/grevy.art\/en\/wp-json\/wp\/v2\/product_tag?post=3185"}],"curies":[{"name":"wp","href":"https:\/\/api.w.org\/{rel}","templated":true}]}}