{"id":3189,"date":"2025-03-14T11:43:26","date_gmt":"2025-03-14T10:43:26","guid":{"rendered":"https:\/\/grevy.art\/?post_type=product&#038;p=3189"},"modified":"2025-07-29T17:57:06","modified_gmt":"2025-07-29T15:57:06","slug":"1668-ohne-titel-landschaft","status":"publish","type":"product","link":"https:\/\/grevy.art\/en\/kunstwerke\/painting\/1668-ohne-titel-landschaft\/","title":{"rendered":"#1668 ohne Titel (Landschaft)"},"content":{"rendered":"<p>Leicht, luftig und einladend wirkt die dargestellt Szenerie. Wir lassen uns gerne auf die Vorstellung einer expressiv umgesetzten Landschaft im Fr\u00fchling oder Fr\u00fchsommer ein. Die Formen und ihre Staffelung f\u00fchrt den Blick in die Raumtiefe. De wenigen B\u00e4ume und der Himmel wirken luftig und das Motiv l\u00e4dt ein, mit den Blicken durch die Landschaft zu wandern.<\/p>\n<p>Die Leinwand ist in einem hellen, warmen Grau grundiert. Die Farbe ist in lockeren Flecken und bewegtem Farbauftrag gegliedert, was die Bildatmosph\u00e4re unterst\u00fctzt. Vergleicht man die drei steinartigen Formen, fallen leichte Unterschiede auf. Ist die rechte noch spontan glaubhaft vorstellbar, so ist die mittlere eigentlich nur mir grobem Farbstrich angedeutet. \u00dcberhaupt gibt es nur wenige Bildstellen, in den der pr\u00fcfende Blick des Auges eine Oberfl\u00e4che abtasten kann oder uns signalisieren kann, wo und wie tief wir uns eigentlich im Landschaftsraum befinden.<\/p>\n<p>Die Einladung zur Illusion und ihre Aufhebung macht uns stutzig, l\u00e4sst uns sp\u00fcren, wie die Pinselspur der Malerei die Vorstellungen des Betrachters auf einen Weg schickt, er selbst also zum Sinngeber der gesehenen Malspuren wird.<\/p>\n<p>Die typische Gestaltungsweise des K\u00fcnstlers, seine Bilder in mehreren Fl\u00e4chen auf Abstand zueinander zu gestalten (der englische Begriff des \u201emultipanel paintings\u201c trifft das Vorgehen gut) findet sich auch hier wieder. So entstehen in seinen Bildern immer wieder ungew\u00f6hnliche und spannende Kompositionen.<\/p>\n<p>Unser Auge wandert \u00fcber die Bildfl\u00e4chen und findet gestalterische Verbindungen in Farben und Formen. Schnell stellen sich Assoziationen ein, um das Gesehen zu deuten und unser Kopf ist besch\u00e4ftigt, das Gesehen zu pr\u00fcfen, zu korrigieren und im weitesten Sinne zu deuten, ohne dass\u00a0 wir letztlich auf Inhalte festgelegt sind. So erleben wir den Prozess des Sehens als Aktivit\u00e4t, als Interaktion mit der Kunst.<\/p>\n","protected":false},"excerpt":{"rendered":"<p>In dieser dreiteiligen Arbeit f\u00e4llt unser Blick auf eine helle, offene Landschaft. Unter hellblauem Himmel mit wei\u00dfer Bew\u00f6lkung deutet sich eine von ein paar B\u00e4umen bewachsene Naturlandschaft an, Massive Formen bilden Gruppen, die sich in die Tiefe staffeln. Sie erinnern an Basaltgestein.<\/p>\n","protected":false},"featured_media":3192,"comment_status":"open","ping_status":"closed","template":"","meta":{"_acf_changed":false},"ausgestaltungen":[74],"farbigkeit":[57,191,58,59,318,192,66],"material":[212,217],"motiv":[],"product_brand":[],"product_cat":[18],"product_tag":[381,380,383,375,378,384,379,142,382],"class_list":{"0":"post-3189","1":"product","2":"type-product","3":"status-publish","4":"has-post-thumbnail","6":"ausgestaltungen-original","7":"farbigkeit-blau","8":"farbigkeit-farbig","9":"farbigkeit-gelb","10":"farbigkeit-gruen","11":"farbigkeit-ocker","12":"farbigkeit-pastell","13":"farbigkeit-weiss","14":"material-acryl","15":"material-leinwand","16":"product_cat-malerei","17":"product_tag-baeume","18":"product_tag-fels","19":"product_tag-himmelblau","20":"product_tag-romantisch","21":"product_tag-ruhe","22":"product_tag-still","23":"product_tag-wald","24":"product_tag-waldstueck","25":"product_tag-wiese","27":"first","28":"instock","29":"featured","30":"taxable","31":"shipping-taxable","32":"purchasable","33":"product-type-simple"},"acf":[],"aioseo_notices":[],"_links":{"self":[{"href":"https:\/\/grevy.art\/en\/wp-json\/wp\/v2\/product\/3189","targetHints":{"allow":["GET"]}}],"collection":[{"href":"https:\/\/grevy.art\/en\/wp-json\/wp\/v2\/product"}],"about":[{"href":"https:\/\/grevy.art\/en\/wp-json\/wp\/v2\/types\/product"}],"replies":[{"embeddable":true,"href":"https:\/\/grevy.art\/en\/wp-json\/wp\/v2\/comments?post=3189"}],"wp:featuredmedia":[{"embeddable":true,"href":"https:\/\/grevy.art\/en\/wp-json\/wp\/v2\/media\/3192"}],"wp:attachment":[{"href":"https:\/\/grevy.art\/en\/wp-json\/wp\/v2\/media?parent=3189"}],"wp:term":[{"taxonomy":"ausgestaltungen","embeddable":true,"href":"https:\/\/grevy.art\/en\/wp-json\/wp\/v2\/ausgestaltungen?post=3189"},{"taxonomy":"farbigkeit","embeddable":true,"href":"https:\/\/grevy.art\/en\/wp-json\/wp\/v2\/farbigkeit?post=3189"},{"taxonomy":"material","embeddable":true,"href":"https:\/\/grevy.art\/en\/wp-json\/wp\/v2\/material?post=3189"},{"taxonomy":"motiv","embeddable":true,"href":"https:\/\/grevy.art\/en\/wp-json\/wp\/v2\/motiv?post=3189"},{"taxonomy":"product_brand","embeddable":true,"href":"https:\/\/grevy.art\/en\/wp-json\/wp\/v2\/product_brand?post=3189"},{"taxonomy":"product_cat","embeddable":true,"href":"https:\/\/grevy.art\/en\/wp-json\/wp\/v2\/product_cat?post=3189"},{"taxonomy":"product_tag","embeddable":true,"href":"https:\/\/grevy.art\/en\/wp-json\/wp\/v2\/product_tag?post=3189"}],"curies":[{"name":"wp","href":"https:\/\/api.w.org\/{rel}","templated":true}]}}