{"id":3203,"date":"2025-03-14T11:59:06","date_gmt":"2025-03-14T10:59:06","guid":{"rendered":"https:\/\/grevy.art\/?post_type=product&#038;p=3203"},"modified":"2025-07-25T19:19:20","modified_gmt":"2025-07-25T17:19:20","slug":"1134-ohne-titel-serie-counterbalance-no-7","status":"publish","type":"product","link":"https:\/\/grevy.art\/en\/kunstwerke\/painting\/1134-ohne-titel-serie-counterbalance-no-7\/","title":{"rendered":"#1134 ohne Titel (Serie CounterBalance No. 7)"},"content":{"rendered":"<p>Die geschwungenen Formen des Bildes scheinen sich durch einen Raum zu bewegen und dabei etwas anderes auf ihrer Oberseite zu tragen. Auch ein genauer Blick erkl\u00e4rt uns keine Gegenst\u00e4nde als zugrundeliegendes Motiv. Es bleibt \u201enur\u201c Malerei, die in unserem Kopf Vorstellungen von Oben und Unten, von Raum, Fl\u00e4che und Balance ausl\u00f6sen.<\/p>\n<p>Hier finden wir dann auch das gedankliche Zentrum: die Frage, wo bei der Malerei die Vorstellung von Gegenst\u00e4ndlichkeit beginnt. Unter der \u00dcberschrift \u201eCounterbalance\u201c entstand eine Serie von Werken, die sich in Varianten mit diesem Aspekt unserer Wahrnehmung besch\u00e4ftigt. Wo f\u00e4ngt es an, was \u201etriggert\u201c unsere Vorstellung und wie entsteht Bedeutung?<\/p>\n<p>Die typische Gestaltungsweise des K\u00fcnstlers, seine Bilder in mehreren Fl\u00e4chen auf Abstand zueinander zu gestalten (der englische Begriff des \u201emultipanel paintings\u201c trifft das Vorgehen gut) findet sich auch hier wieder. So entstehen in seinen Bildern immer wieder ungew\u00f6hnliche und spannende Kompositionen.<\/p>\n","protected":false},"excerpt":{"rendered":"<p>Schwungvoll streckt sich eine Form \u00fcber die dreigeteilte Bildfl\u00e4che und \u00fcberbr\u00fcckt in Gedanken die L\u00fccke zwischen den Bildpartien. Irgend etwas scheint auf den Formen zu balancieren.<\/p>\n","protected":false},"featured_media":3204,"comment_status":"open","ping_status":"closed","template":"","meta":{"_acf_changed":false},"ausgestaltungen":[74],"farbigkeit":[57,197,67,199,343],"material":[212,218],"motiv":[173],"product_brand":[],"product_cat":[18],"product_tag":[354,349,355,350,356],"class_list":{"0":"post-3203","1":"product","2":"type-product","3":"status-publish","4":"has-post-thumbnail","6":"ausgestaltungen-original","7":"farbigkeit-blau","8":"farbigkeit-gedeckte-farben","9":"farbigkeit-grau","10":"farbigkeit-graustufen","11":"farbigkeit-gruenlich","12":"material-acryl","13":"material-papier","14":"motiv-abstrakt","15":"product_cat-malerei","16":"product_tag-balance","17":"product_tag-bewegung","18":"product_tag-gewicht","19":"product_tag-raum","20":"product_tag-schweben","22":"first","23":"instock","24":"taxable","25":"shipping-taxable","26":"purchasable","27":"product-type-simple"},"acf":[],"aioseo_notices":[],"_links":{"self":[{"href":"https:\/\/grevy.art\/en\/wp-json\/wp\/v2\/product\/3203","targetHints":{"allow":["GET"]}}],"collection":[{"href":"https:\/\/grevy.art\/en\/wp-json\/wp\/v2\/product"}],"about":[{"href":"https:\/\/grevy.art\/en\/wp-json\/wp\/v2\/types\/product"}],"replies":[{"embeddable":true,"href":"https:\/\/grevy.art\/en\/wp-json\/wp\/v2\/comments?post=3203"}],"wp:featuredmedia":[{"embeddable":true,"href":"https:\/\/grevy.art\/en\/wp-json\/wp\/v2\/media\/3204"}],"wp:attachment":[{"href":"https:\/\/grevy.art\/en\/wp-json\/wp\/v2\/media?parent=3203"}],"wp:term":[{"taxonomy":"ausgestaltungen","embeddable":true,"href":"https:\/\/grevy.art\/en\/wp-json\/wp\/v2\/ausgestaltungen?post=3203"},{"taxonomy":"farbigkeit","embeddable":true,"href":"https:\/\/grevy.art\/en\/wp-json\/wp\/v2\/farbigkeit?post=3203"},{"taxonomy":"material","embeddable":true,"href":"https:\/\/grevy.art\/en\/wp-json\/wp\/v2\/material?post=3203"},{"taxonomy":"motiv","embeddable":true,"href":"https:\/\/grevy.art\/en\/wp-json\/wp\/v2\/motiv?post=3203"},{"taxonomy":"product_brand","embeddable":true,"href":"https:\/\/grevy.art\/en\/wp-json\/wp\/v2\/product_brand?post=3203"},{"taxonomy":"product_cat","embeddable":true,"href":"https:\/\/grevy.art\/en\/wp-json\/wp\/v2\/product_cat?post=3203"},{"taxonomy":"product_tag","embeddable":true,"href":"https:\/\/grevy.art\/en\/wp-json\/wp\/v2\/product_tag?post=3203"}],"curies":[{"name":"wp","href":"https:\/\/api.w.org\/{rel}","templated":true}]}}