{"id":3206,"date":"2025-03-14T12:01:56","date_gmt":"2025-03-14T11:01:56","guid":{"rendered":"https:\/\/grevy.art\/?post_type=product&#038;p=3206"},"modified":"2025-07-25T19:18:45","modified_gmt":"2025-07-25T17:18:45","slug":"1254-ohne-titel","status":"publish","type":"product","link":"https:\/\/grevy.art\/en\/kunstwerke\/painting\/1254-ohne-titel\/","title":{"rendered":"#1254 ohne Titel"},"content":{"rendered":"<p>Das Dargestellte erinnert an ein expressive wirkendes Landschaftsmotiv. Auf einer Gr\u00fcnfl\u00e4che befinden sich von der Sonne beschienene basaltartige Formen zwischen denen Pflanzen angedeutet sind. Unser Blick \u00a0wandert in die Tiefe, wo in warmen Gelb-Braun-T\u00f6nen meist organische Formen angedeutet scheinen.<\/p>\n<p>Die skizzenhaft andeutende Arbeitseise wirkt auf angenehme Art lebendig. Gleichzeitig bleibt die Arbeit in der Schwebe zwischen expressiv umgesetzter Gegenst\u00e4ndlichkeit und freier Farbgestaltung. Farbspiel und Pinselspur haben ein deutliches Eigenleben in der Bildfl\u00e4che, die immer wieder die Raumillusion aufbricht und die Fl\u00e4che im Bild betont.<\/p>\n<p>Die typische Gestaltungsweise des K\u00fcnstlers, seine Bilder in mehreren Fl\u00e4chen auf Abstand zueinander zu gestalten (der englische Begriff des \u201emultipanel paintings\u201c trifft das Vorgehen gut) findet sich auch hier wieder. So entstehen in seinen Bildern immer wieder ungew\u00f6hnliche und spannende Kompositionen. Unser Auge wandert \u00fcber die Bildfl\u00e4chen und findet gestalterische Verbindungen in Farben und Formen. So erleben wir den Prozess des Sehens als Aktivit\u00e4t, als Interaktion mit der Kunst.<\/p>\n","protected":false},"excerpt":{"rendered":"<p>Eine Naturszene? Eingebettet in warme Gelb-Gr\u00fcn-T\u00f6ne gliedern blaugraue Formen die Fl\u00e4chen. Ihre spannungsvollen Formen entwickeln sich aus den sparsam gesetzten, kraftvollen Pinselstrichen.<\/p>\n","protected":false},"featured_media":3207,"comment_status":"open","ping_status":"closed","template":"","meta":{"_acf_changed":false},"ausgestaltungen":[74],"farbigkeit":[58,59,195,64],"material":[212,218],"motiv":[173,177,184],"product_brand":[],"product_cat":[18],"product_tag":[347,147,141,140,378,143,144,379,142,340],"class_list":{"0":"post-3206","1":"product","2":"type-product","3":"status-publish","4":"has-post-thumbnail","6":"ausgestaltungen-original","7":"farbigkeit-gelb","8":"farbigkeit-gruen","9":"farbigkeit-hell","10":"farbigkeit-violett","11":"material-acryl","12":"material-papier","13":"motiv-abstrakt","14":"motiv-gegenstaendlich","15":"motiv-landschaft","16":"product_cat-malerei","17":"product_tag-hell","18":"product_tag-licht","19":"product_tag-lichtung","20":"product_tag-natur","21":"product_tag-ruhe","22":"product_tag-sonne","23":"product_tag-stille","24":"product_tag-wald","25":"product_tag-waldstueck","26":"product_tag-warm","28":"first","29":"instock","30":"taxable","31":"shipping-taxable","32":"purchasable","33":"product-type-simple"},"acf":[],"aioseo_notices":[],"_links":{"self":[{"href":"https:\/\/grevy.art\/en\/wp-json\/wp\/v2\/product\/3206","targetHints":{"allow":["GET"]}}],"collection":[{"href":"https:\/\/grevy.art\/en\/wp-json\/wp\/v2\/product"}],"about":[{"href":"https:\/\/grevy.art\/en\/wp-json\/wp\/v2\/types\/product"}],"replies":[{"embeddable":true,"href":"https:\/\/grevy.art\/en\/wp-json\/wp\/v2\/comments?post=3206"}],"wp:featuredmedia":[{"embeddable":true,"href":"https:\/\/grevy.art\/en\/wp-json\/wp\/v2\/media\/3207"}],"wp:attachment":[{"href":"https:\/\/grevy.art\/en\/wp-json\/wp\/v2\/media?parent=3206"}],"wp:term":[{"taxonomy":"ausgestaltungen","embeddable":true,"href":"https:\/\/grevy.art\/en\/wp-json\/wp\/v2\/ausgestaltungen?post=3206"},{"taxonomy":"farbigkeit","embeddable":true,"href":"https:\/\/grevy.art\/en\/wp-json\/wp\/v2\/farbigkeit?post=3206"},{"taxonomy":"material","embeddable":true,"href":"https:\/\/grevy.art\/en\/wp-json\/wp\/v2\/material?post=3206"},{"taxonomy":"motiv","embeddable":true,"href":"https:\/\/grevy.art\/en\/wp-json\/wp\/v2\/motiv?post=3206"},{"taxonomy":"product_brand","embeddable":true,"href":"https:\/\/grevy.art\/en\/wp-json\/wp\/v2\/product_brand?post=3206"},{"taxonomy":"product_cat","embeddable":true,"href":"https:\/\/grevy.art\/en\/wp-json\/wp\/v2\/product_cat?post=3206"},{"taxonomy":"product_tag","embeddable":true,"href":"https:\/\/grevy.art\/en\/wp-json\/wp\/v2\/product_tag?post=3206"}],"curies":[{"name":"wp","href":"https:\/\/api.w.org\/{rel}","templated":true}]}}