{"id":3209,"date":"2025-03-14T12:15:51","date_gmt":"2025-03-14T11:15:51","guid":{"rendered":"https:\/\/grevy.art\/?post_type=product&#038;p=3209"},"modified":"2025-07-25T19:18:15","modified_gmt":"2025-07-25T17:18:15","slug":"1265-ohne-titel","status":"publish","type":"product","link":"https:\/\/grevy.art\/en\/kunstwerke\/painting\/1265-ohne-titel\/","title":{"rendered":"#1265 ohne Titel"},"content":{"rendered":"<p>Das Bild wird optisch bestimmt von den drei Formen, die sich jeweils verschieden ausgestaltet auf einer der drei gemalten Farbfl\u00e4chen befinden. Sie gegenst\u00e4ndlich einzuordnen f\u00e4llt nicht leicht. Ihre einfache, kantige Form erinnert an Steine, die auf einer Wiese stehen oder sich an etwas anlehnen. Eine Vielzahl von Farbt\u00f6nen und Formen gestaltet den unteren Bildbereich abwechslungsreich, w\u00e4hrend der Hintergrund mit zartem Gelb und Blau und ruhigen Formen optisch etwas zur\u00fccktritt. Auch hier wissen wir nicht, was dies ist und wo wir uns gedanklich befinden.<\/p>\n<p>In diesem Werk bieten uns Form und Farbe Reize an, die unsere Lust am Deuten und Verstehen-Wollen anspricht. Die Gedanken gehen auf eine Reise, ohne dass uns die Kunst auf eine L\u00f6sung festlegt. Sie bleibt frei und in der Schwebe und l\u00e4sst damit unseren Kopf besch\u00e4ftigt sein.<\/p>\n<p>Die skizzenhaft andeutende Arbeitsweise wirkt auf angenehme Art lebendig. Gleichzeitig bleibt die Arbeit in der Schwebe zwischen expressiv umgesetzter Gegenst\u00e4ndlichkeit und freier Farbgestaltung. Farbspiel und Pinselspur f\u00fchren ein deutliches Eigenleben in der Bildfl\u00e4che, die immer wieder die Raumillusion aufbricht und die Fl\u00e4che im Bild betont.<\/p>\n<p>Die typische Gestaltungsweise des K\u00fcnstlers, seine Bilder in mehreren Fl\u00e4chen auf Abstand zueinander zu gestalten (der englische Begriff des \u201emultipanel paintings\u201c trifft das Vorgehen gut) findet sich auch hier wieder. So entstehen in seinen Bildern immer wieder ungew\u00f6hnliche und spannende Kompositionen. Unser Auge wandert \u00fcber die Bildfl\u00e4chen und findet gestalterische Verbindungen in Farben und Formen. So erleben wir den Prozess des Sehens als Aktivit\u00e4t, als Interaktion mit der Kunst.<\/p>\n","protected":false},"excerpt":{"rendered":"<p>Auf drei Bildfeldern finden sich vor einem pastellfarbenen Hintergrund drei Formen in Graugr\u00fcn und Violett in einer angedeuteten Bewegung. Die Gliederung durch die zarten Farben und einfachen Formen strahlt Ruhe und Entspanntheit aus. Belebt wird die Fl\u00e4che vom Rhythmus der sparsam gesetzten, aber kraftvollen Pinselstriche.<\/p>\n","protected":false},"featured_media":3210,"comment_status":"open","ping_status":"closed","template":"","meta":{"_acf_changed":false},"ausgestaltungen":[74],"farbigkeit":[57,197,343,195,64,66],"material":[212,218],"motiv":[173,177,184],"product_brand":[],"product_cat":[18],"product_tag":[377,140,378,376,144,351],"class_list":{"0":"post-3209","1":"product","2":"type-product","3":"status-publish","4":"has-post-thumbnail","6":"ausgestaltungen-original","7":"farbigkeit-blau","8":"farbigkeit-gedeckte-farben","9":"farbigkeit-gruenlich","10":"farbigkeit-hell","11":"farbigkeit-violett","12":"farbigkeit-weiss","13":"material-acryl","14":"material-papier","15":"motiv-abstrakt","16":"motiv-gegenstaendlich","17":"motiv-landschaft","18":"product_cat-malerei","19":"product_tag-leicht","20":"product_tag-natur","21":"product_tag-ruhe","22":"product_tag-stein","23":"product_tag-stille","24":"product_tag-zart","26":"first","27":"instock","28":"taxable","29":"shipping-taxable","30":"purchasable","31":"product-type-simple"},"acf":[],"aioseo_notices":[],"_links":{"self":[{"href":"https:\/\/grevy.art\/en\/wp-json\/wp\/v2\/product\/3209","targetHints":{"allow":["GET"]}}],"collection":[{"href":"https:\/\/grevy.art\/en\/wp-json\/wp\/v2\/product"}],"about":[{"href":"https:\/\/grevy.art\/en\/wp-json\/wp\/v2\/types\/product"}],"replies":[{"embeddable":true,"href":"https:\/\/grevy.art\/en\/wp-json\/wp\/v2\/comments?post=3209"}],"wp:featuredmedia":[{"embeddable":true,"href":"https:\/\/grevy.art\/en\/wp-json\/wp\/v2\/media\/3210"}],"wp:attachment":[{"href":"https:\/\/grevy.art\/en\/wp-json\/wp\/v2\/media?parent=3209"}],"wp:term":[{"taxonomy":"ausgestaltungen","embeddable":true,"href":"https:\/\/grevy.art\/en\/wp-json\/wp\/v2\/ausgestaltungen?post=3209"},{"taxonomy":"farbigkeit","embeddable":true,"href":"https:\/\/grevy.art\/en\/wp-json\/wp\/v2\/farbigkeit?post=3209"},{"taxonomy":"material","embeddable":true,"href":"https:\/\/grevy.art\/en\/wp-json\/wp\/v2\/material?post=3209"},{"taxonomy":"motiv","embeddable":true,"href":"https:\/\/grevy.art\/en\/wp-json\/wp\/v2\/motiv?post=3209"},{"taxonomy":"product_brand","embeddable":true,"href":"https:\/\/grevy.art\/en\/wp-json\/wp\/v2\/product_brand?post=3209"},{"taxonomy":"product_cat","embeddable":true,"href":"https:\/\/grevy.art\/en\/wp-json\/wp\/v2\/product_cat?post=3209"},{"taxonomy":"product_tag","embeddable":true,"href":"https:\/\/grevy.art\/en\/wp-json\/wp\/v2\/product_tag?post=3209"}],"curies":[{"name":"wp","href":"https:\/\/api.w.org\/{rel}","templated":true}]}}