{"id":3320,"date":"2025-03-15T10:07:32","date_gmt":"2025-03-15T09:07:32","guid":{"rendered":"https:\/\/grevy.art\/?post_type=product&#038;p=3320"},"modified":"2025-07-25T19:16:06","modified_gmt":"2025-07-25T17:16:06","slug":"1157-ohne-titel","status":"publish","type":"product","link":"https:\/\/grevy.art\/en\/kunstwerke\/painting\/1157-ohne-titel\/","title":{"rendered":"#1157 ohne Titel"},"content":{"rendered":"<p>Leonardo da Vinci besch\u00e4ftigten Wolken mit ihrem assoziativen Reiz. Der englische Maler John Constables erforschte in seinen ber\u00fchmte Wolkenstudien die malerische Umsetzung von Objekten, die als Stimmungstr\u00e4ger wesentlich zur Darstellung von Landschaften beitragen.<\/p>\n<p>Hier im Bild finden wir nicht die klassischen gelagerten Formen, die sich in die Raumtiefe staffeln und ihre Schatten auf die meist gr\u00fcne Landschaft werfen. Das Bild ist freier und legt seinen Schwerpunkt auf die Untersuchung der Farbenvielfalt und Kontraste, der Formen und Gliederungen. So steht die Wirkung von Farbe und Bewegung in der Fl\u00e4che im Vordergrund und nicht die dienende Funktion zur Inszenierung eines Landschaftsraums.<\/p>\n<p>Die typische Gestaltungsweise des K\u00fcnstlers, seine Bilder in mehreren Fl\u00e4chen auf Abstand zueinander zu gestalten (der englische Begriff des \u201emultipanel paintings\u201c trifft das Vorgehen gut) findet sich auch hier wieder. So entstehen in seinen Bildern immer wieder ungew\u00f6hnliche und spannende Kompositionen.<\/p>\n<p>Unser Auge wandert \u00fcber die Bildfl\u00e4chen und findet gestalterische Verbindungen in Farben und Formen. Schnell stellen sich r\u00e4umlich-plastische Assoziationen ein um das Gesehen einzuordnen und unser Kopf ist besch\u00e4ftigt, unsere Vorstellungen zu pr\u00fcfen, zu korrigieren und im weitesten Sinne zu deuten, ohne dass\u00a0 wir letztlich auf Inhalte festgelegt sind. So erleben wir den Prozess des Sehens als Aktivit\u00e4t, als Interaktion mit der Kunst.<\/p>\n","protected":false},"excerpt":{"rendered":"<p>Wie ein Blick in die Wolken erscheint uns dieses Bild mit seinen hellen und warmen Farben.<br \/>\nDie bewegten Formen entwickeln sich aus den locker gesetzten Pinselstrichen und ihren Wechsel zwischen weichen \u00dcberg\u00e4ngen und deutlichen Kontrasten.<\/p>\n","protected":false},"featured_media":3222,"comment_status":"open","ping_status":"closed","template":"","meta":{"_acf_changed":false},"ausgestaltungen":[74],"farbigkeit":[57,197,67,195,66],"material":[212,218],"motiv":[173,177,184],"product_brand":[],"product_cat":[18],"product_tag":[312,345,138,342,147,143],"class_list":{"0":"post-3320","1":"product","2":"type-product","3":"status-publish","4":"has-post-thumbnail","6":"ausgestaltungen-original","7":"farbigkeit-blau","8":"farbigkeit-gedeckte-farben","9":"farbigkeit-grau","10":"farbigkeit-hell","11":"farbigkeit-weiss","12":"material-acryl","13":"material-papier","14":"motiv-abstrakt","15":"motiv-gegenstaendlich","16":"motiv-landschaft","17":"product_cat-malerei","18":"product_tag-abstrakt","19":"product_tag-gegenstaendlich","20":"product_tag-himmel","21":"product_tag-landschaft","22":"product_tag-licht","23":"product_tag-sonne","25":"first","26":"instock","27":"taxable","28":"shipping-taxable","29":"purchasable","30":"product-type-simple"},"acf":[],"aioseo_notices":[],"_links":{"self":[{"href":"https:\/\/grevy.art\/en\/wp-json\/wp\/v2\/product\/3320","targetHints":{"allow":["GET"]}}],"collection":[{"href":"https:\/\/grevy.art\/en\/wp-json\/wp\/v2\/product"}],"about":[{"href":"https:\/\/grevy.art\/en\/wp-json\/wp\/v2\/types\/product"}],"replies":[{"embeddable":true,"href":"https:\/\/grevy.art\/en\/wp-json\/wp\/v2\/comments?post=3320"}],"wp:featuredmedia":[{"embeddable":true,"href":"https:\/\/grevy.art\/en\/wp-json\/wp\/v2\/media\/3222"}],"wp:attachment":[{"href":"https:\/\/grevy.art\/en\/wp-json\/wp\/v2\/media?parent=3320"}],"wp:term":[{"taxonomy":"ausgestaltungen","embeddable":true,"href":"https:\/\/grevy.art\/en\/wp-json\/wp\/v2\/ausgestaltungen?post=3320"},{"taxonomy":"farbigkeit","embeddable":true,"href":"https:\/\/grevy.art\/en\/wp-json\/wp\/v2\/farbigkeit?post=3320"},{"taxonomy":"material","embeddable":true,"href":"https:\/\/grevy.art\/en\/wp-json\/wp\/v2\/material?post=3320"},{"taxonomy":"motiv","embeddable":true,"href":"https:\/\/grevy.art\/en\/wp-json\/wp\/v2\/motiv?post=3320"},{"taxonomy":"product_brand","embeddable":true,"href":"https:\/\/grevy.art\/en\/wp-json\/wp\/v2\/product_brand?post=3320"},{"taxonomy":"product_cat","embeddable":true,"href":"https:\/\/grevy.art\/en\/wp-json\/wp\/v2\/product_cat?post=3320"},{"taxonomy":"product_tag","embeddable":true,"href":"https:\/\/grevy.art\/en\/wp-json\/wp\/v2\/product_tag?post=3320"}],"curies":[{"name":"wp","href":"https:\/\/api.w.org\/{rel}","templated":true}]}}