{"id":3378,"date":"2025-03-15T14:40:53","date_gmt":"2025-03-15T13:40:53","guid":{"rendered":"https:\/\/grevy.art\/?post_type=product&#038;p=3378"},"modified":"2026-02-22T08:22:20","modified_gmt":"2026-02-22T07:22:20","slug":"kaefer","status":"publish","type":"product","link":"https:\/\/grevy.art\/en\/kunstwerke\/painting\/kaefer\/","title":{"rendered":"K\u00e4fer"},"content":{"rendered":"<p>K\u00e4fer, \u00d6l\/Leinwand, 18 x 24 cm, 2024, mit Rahmen<\/p>\n","protected":false},"excerpt":{"rendered":"<p>K\u00e4fer, \u00d6l\/Leinwand, 18 x 24 cm, 2024, mit Rahmen<\/p>\n","protected":false},"featured_media":3379,"comment_status":"open","ping_status":"closed","template":"","meta":{"_acf_changed":false},"ausgestaltungen":[73],"farbigkeit":[57,191,58,59,343,62,65],"material":[217,211],"motiv":[177,178],"product_brand":[],"product_cat":[18],"product_tag":[345,303,302,357],"class_list":{"0":"post-3378","1":"product","2":"type-product","3":"status-publish","4":"has-post-thumbnail","6":"ausgestaltungen-unikat","7":"farbigkeit-blau","8":"farbigkeit-farbig","9":"farbigkeit-gelb","10":"farbigkeit-gruen","11":"farbigkeit-gruenlich","12":"farbigkeit-rot","13":"farbigkeit-schwarz","14":"material-leinwand","15":"material-oelfarbe","16":"motiv-gegenstaendlich","17":"motiv-natur-und-tiere","18":"product_cat-malerei","19":"product_tag-gegenstaendlich","20":"product_tag-leinwand","21":"product_tag-oel","22":"product_tag-tier","24":"first","25":"instock","26":"purchasable","27":"product-type-simple"},"acf":[],"aioseo_notices":[],"_links":{"self":[{"href":"https:\/\/grevy.art\/en\/wp-json\/wp\/v2\/product\/3378","targetHints":{"allow":["GET"]}}],"collection":[{"href":"https:\/\/grevy.art\/en\/wp-json\/wp\/v2\/product"}],"about":[{"href":"https:\/\/grevy.art\/en\/wp-json\/wp\/v2\/types\/product"}],"replies":[{"embeddable":true,"href":"https:\/\/grevy.art\/en\/wp-json\/wp\/v2\/comments?post=3378"}],"wp:featuredmedia":[{"embeddable":true,"href":"https:\/\/grevy.art\/en\/wp-json\/wp\/v2\/media\/3379"}],"wp:attachment":[{"href":"https:\/\/grevy.art\/en\/wp-json\/wp\/v2\/media?parent=3378"}],"wp:term":[{"taxonomy":"ausgestaltungen","embeddable":true,"href":"https:\/\/grevy.art\/en\/wp-json\/wp\/v2\/ausgestaltungen?post=3378"},{"taxonomy":"farbigkeit","embeddable":true,"href":"https:\/\/grevy.art\/en\/wp-json\/wp\/v2\/farbigkeit?post=3378"},{"taxonomy":"material","embeddable":true,"href":"https:\/\/grevy.art\/en\/wp-json\/wp\/v2\/material?post=3378"},{"taxonomy":"motiv","embeddable":true,"href":"https:\/\/grevy.art\/en\/wp-json\/wp\/v2\/motiv?post=3378"},{"taxonomy":"product_brand","embeddable":true,"href":"https:\/\/grevy.art\/en\/wp-json\/wp\/v2\/product_brand?post=3378"},{"taxonomy":"product_cat","embeddable":true,"href":"https:\/\/grevy.art\/en\/wp-json\/wp\/v2\/product_cat?post=3378"},{"taxonomy":"product_tag","embeddable":true,"href":"https:\/\/grevy.art\/en\/wp-json\/wp\/v2\/product_tag?post=3378"}],"curies":[{"name":"wp","href":"https:\/\/api.w.org\/{rel}","templated":true}]}}