{"id":350,"date":"2024-12-30T17:21:19","date_gmt":"2024-12-30T17:21:19","guid":{"rendered":"https:\/\/grevy.art\/?post_type=product&#038;p=350"},"modified":"2025-12-17T18:45:17","modified_gmt":"2025-12-17T17:45:17","slug":"collected-moment-12-test-2","status":"publish","type":"product","link":"https:\/\/grevy.art\/en\/kunstwerke\/collagen-en\/collected-moment-12-test-2\/","title":{"rendered":"globali_15"},"content":{"rendered":"","protected":false},"excerpt":{"rendered":"<p>Collage und Acryl auf Leinwand, Format 40&#215;40 cm. Integrierte Metallschlie\u00dfen von 3 Getr\u00e4nkedosen, Motiv Eisb\u00e4r aus Svalbard.<\/p>\n","protected":false},"featured_media":351,"comment_status":"closed","ping_status":"closed","template":"","meta":{"_acf_changed":false},"ausgestaltungen":[73],"farbigkeit":[60,62],"material":[212,217],"motiv":[173,338],"product_brand":[],"product_cat":[201,28],"product_tag":[312,360,400,623],"class_list":{"0":"post-350","1":"product","2":"type-product","3":"status-publish","4":"has-post-thumbnail","6":"ausgestaltungen-unikat","7":"farbigkeit-hellgruen","8":"farbigkeit-rot","9":"material-acryl","10":"material-leinwand","11":"motiv-abstrakt","12":"motiv-farbflaechen","13":"product_cat-collagen","14":"product_cat-mixedmedia","15":"product_tag-abstrakt","16":"product_tag-acryl","17":"product_tag-collage","18":"product_tag-globalis","20":"first","21":"instock","22":"sold-individually","23":"purchasable","24":"product-type-simple"},"acf":[],"aioseo_notices":[],"_links":{"self":[{"href":"https:\/\/grevy.art\/en\/wp-json\/wp\/v2\/product\/350","targetHints":{"allow":["GET"]}}],"collection":[{"href":"https:\/\/grevy.art\/en\/wp-json\/wp\/v2\/product"}],"about":[{"href":"https:\/\/grevy.art\/en\/wp-json\/wp\/v2\/types\/product"}],"replies":[{"embeddable":true,"href":"https:\/\/grevy.art\/en\/wp-json\/wp\/v2\/comments?post=350"}],"wp:featuredmedia":[{"embeddable":true,"href":"https:\/\/grevy.art\/en\/wp-json\/wp\/v2\/media\/351"}],"wp:attachment":[{"href":"https:\/\/grevy.art\/en\/wp-json\/wp\/v2\/media?parent=350"}],"wp:term":[{"taxonomy":"ausgestaltungen","embeddable":true,"href":"https:\/\/grevy.art\/en\/wp-json\/wp\/v2\/ausgestaltungen?post=350"},{"taxonomy":"farbigkeit","embeddable":true,"href":"https:\/\/grevy.art\/en\/wp-json\/wp\/v2\/farbigkeit?post=350"},{"taxonomy":"material","embeddable":true,"href":"https:\/\/grevy.art\/en\/wp-json\/wp\/v2\/material?post=350"},{"taxonomy":"motiv","embeddable":true,"href":"https:\/\/grevy.art\/en\/wp-json\/wp\/v2\/motiv?post=350"},{"taxonomy":"product_brand","embeddable":true,"href":"https:\/\/grevy.art\/en\/wp-json\/wp\/v2\/product_brand?post=350"},{"taxonomy":"product_cat","embeddable":true,"href":"https:\/\/grevy.art\/en\/wp-json\/wp\/v2\/product_cat?post=350"},{"taxonomy":"product_tag","embeddable":true,"href":"https:\/\/grevy.art\/en\/wp-json\/wp\/v2\/product_tag?post=350"}],"curies":[{"name":"wp","href":"https:\/\/api.w.org\/{rel}","templated":true}]}}