{"id":3579,"date":"2025-03-24T15:02:02","date_gmt":"2025-03-24T14:02:02","guid":{"rendered":"https:\/\/grevy.art\/?post_type=product&#038;p=3579"},"modified":"2025-08-04T15:34:03","modified_gmt":"2025-08-04T13:34:03","slug":"sonntagmorgen-planetb-2025","status":"publish","type":"product","link":"https:\/\/grevy.art\/en\/kunstwerke\/painting\/sonntagmorgen-planetb-2025\/","title":{"rendered":"Sonntagmorgen, PlanetB (2025)"},"content":{"rendered":"<p>&nbsp;<\/p>\n<p>Ein Horizont, gehalten in k\u00fchlen Grau und Blaut\u00f6nen kontrastiert mit einer dunklen, schwarzen Fl\u00e4che &#8211;<\/p>\n<p>diese Elemente bilden den Hintergrund f\u00fcr skulpturale, aus Fl\u00e4chen zusammengesetzte Formen, die trotz aller Abstraktion menschliche Eigenschaften aufzuweisen scheinen. Ruhig und gelassen, fast melancholisch &#8220;schlendern&#8221; sie \u00fcber die weite Ebene, ohne festes Ziel vor Augen.<\/p>\n<p>Ein Sonntagmorgen auf PlanetB.<\/p>\n<p>&nbsp;<\/p>\n<p>&nbsp;<\/p>\n<p>&nbsp;<\/p>\n<p>&nbsp;<\/p>\n","protected":false},"excerpt":{"rendered":"<p>Mischtechnik auf MDF-PLatte und Papier<\/p>\n<p>Aufgrund von Abmessungen und Beschaffenheit des Werkes werden Versand\/Abholung\/Lieferung individuell gekl\u00e4rt &#8211; danke!<\/p>\n","protected":false},"featured_media":3584,"comment_status":"open","ping_status":"closed","template":"","meta":{"_acf_changed":false},"ausgestaltungen":[74,73],"farbigkeit":[57,199,62,65,66],"material":[212,219,230],"motiv":[173,186,338],"product_brand":[],"product_cat":[18,28],"product_tag":[312,258,255,397,245,398],"class_list":{"0":"post-3579","1":"product","2":"type-product","3":"status-publish","4":"has-post-thumbnail","6":"ausgestaltungen-original","7":"ausgestaltungen-unikat","8":"farbigkeit-blau","9":"farbigkeit-graustufen","10":"farbigkeit-rot","11":"farbigkeit-schwarz","12":"farbigkeit-weiss","13":"material-acryl","14":"material-holz","15":"material-wachs","16":"motiv-abstrakt","17":"motiv-elemente","18":"motiv-farbflaechen","19":"product_cat-malerei","20":"product_cat-mixedmedia","21":"product_tag-abstrakt","22":"product_tag-horizont","23":"product_tag-melancholie","24":"product_tag-skulptural","25":"product_tag-strukturen","26":"product_tag-tiefe","28":"first","29":"instock","30":"featured","31":"sold-individually","32":"shipping-taxable","33":"purchasable","34":"product-type-simple"},"acf":[],"aioseo_notices":[],"_links":{"self":[{"href":"https:\/\/grevy.art\/en\/wp-json\/wp\/v2\/product\/3579","targetHints":{"allow":["GET"]}}],"collection":[{"href":"https:\/\/grevy.art\/en\/wp-json\/wp\/v2\/product"}],"about":[{"href":"https:\/\/grevy.art\/en\/wp-json\/wp\/v2\/types\/product"}],"replies":[{"embeddable":true,"href":"https:\/\/grevy.art\/en\/wp-json\/wp\/v2\/comments?post=3579"}],"wp:featuredmedia":[{"embeddable":true,"href":"https:\/\/grevy.art\/en\/wp-json\/wp\/v2\/media\/3584"}],"wp:attachment":[{"href":"https:\/\/grevy.art\/en\/wp-json\/wp\/v2\/media?parent=3579"}],"wp:term":[{"taxonomy":"ausgestaltungen","embeddable":true,"href":"https:\/\/grevy.art\/en\/wp-json\/wp\/v2\/ausgestaltungen?post=3579"},{"taxonomy":"farbigkeit","embeddable":true,"href":"https:\/\/grevy.art\/en\/wp-json\/wp\/v2\/farbigkeit?post=3579"},{"taxonomy":"material","embeddable":true,"href":"https:\/\/grevy.art\/en\/wp-json\/wp\/v2\/material?post=3579"},{"taxonomy":"motiv","embeddable":true,"href":"https:\/\/grevy.art\/en\/wp-json\/wp\/v2\/motiv?post=3579"},{"taxonomy":"product_brand","embeddable":true,"href":"https:\/\/grevy.art\/en\/wp-json\/wp\/v2\/product_brand?post=3579"},{"taxonomy":"product_cat","embeddable":true,"href":"https:\/\/grevy.art\/en\/wp-json\/wp\/v2\/product_cat?post=3579"},{"taxonomy":"product_tag","embeddable":true,"href":"https:\/\/grevy.art\/en\/wp-json\/wp\/v2\/product_tag?post=3579"}],"curies":[{"name":"wp","href":"https:\/\/api.w.org\/{rel}","templated":true}]}}