{"id":3691,"date":"2025-03-28T16:55:49","date_gmt":"2025-03-28T15:55:49","guid":{"rendered":"https:\/\/grevy.art\/?post_type=product&#038;p=3691"},"modified":"2026-03-12T10:30:43","modified_gmt":"2026-03-12T09:30:43","slug":"aus-dem-hinterhalt","status":"publish","type":"product","link":"https:\/\/grevy.art\/en\/kunstwerke\/painting\/aus-dem-hinterhalt\/","title":{"rendered":"Aus dem Hinterhalt"},"content":{"rendered":"<p>Das Gem\u00e4lde zeigt ein Portr\u00e4t von Wolodymyr Selenskyj, dem Pr\u00e4sidenten der Ukraine, im Februar 2025 im Wei\u00dfen Haus. Das Auge der Welt\u00f6ffentlichkeit wird Zeuge einer verbl\u00fcffenden Demonstration von Wut und Groll gegen\u00fcber dem F\u00fchrer eines Landes, das von einer gr\u00f6\u00dferen Macht \u00fcberfallen wurde.<\/p>\n","protected":false},"excerpt":{"rendered":"<p>Das Kunstwerk besteht aus bespannter Leinwand, deren Kanten nicht bemalt sind. Es ist auf einen stabilen Holzrahmen aufgezogen und auf der Vorderseite signiert. Das Werk wird fertig, ohne Rahmung, zum Aufh\u00e4ngen verkauft.<\/p>\n","protected":false},"featured_media":3692,"comment_status":"closed","ping_status":"closed","template":"","meta":{"_acf_changed":false},"ausgestaltungen":[74,73],"farbigkeit":[200,57,196,58,247,254,195,66],"material":[217,211],"motiv":[174,182,179,181],"product_brand":[],"product_cat":[18],"product_tag":[406,404,403,405],"class_list":{"0":"post-3691","1":"product","2":"type-product","3":"status-publish","4":"has-post-thumbnail","6":"ausgestaltungen-original","7":"ausgestaltungen-unikat","8":"farbigkeit-anthrazit","9":"farbigkeit-blau","10":"farbigkeit-dunkel","11":"farbigkeit-gelb","12":"farbigkeit-goldgelb","13":"farbigkeit-grauweiss","14":"farbigkeit-hell","15":"farbigkeit-weiss","16":"material-leinwand","17":"material-oelfarbe","18":"motiv-figurativ","19":"motiv-mann","20":"motiv-mensch","21":"motiv-portrait","22":"product_cat-malerei","23":"product_tag-eklat","24":"product_tag-politik","25":"product_tag-selenskyj","26":"product_tag-ukraine","28":"first","29":"outofstock","30":"sold-individually","31":"taxable","32":"shipping-taxable","33":"purchasable","34":"product-type-simple"},"acf":[],"aioseo_notices":[],"_links":{"self":[{"href":"https:\/\/grevy.art\/en\/wp-json\/wp\/v2\/product\/3691","targetHints":{"allow":["GET"]}}],"collection":[{"href":"https:\/\/grevy.art\/en\/wp-json\/wp\/v2\/product"}],"about":[{"href":"https:\/\/grevy.art\/en\/wp-json\/wp\/v2\/types\/product"}],"replies":[{"embeddable":true,"href":"https:\/\/grevy.art\/en\/wp-json\/wp\/v2\/comments?post=3691"}],"wp:featuredmedia":[{"embeddable":true,"href":"https:\/\/grevy.art\/en\/wp-json\/wp\/v2\/media\/3692"}],"wp:attachment":[{"href":"https:\/\/grevy.art\/en\/wp-json\/wp\/v2\/media?parent=3691"}],"wp:term":[{"taxonomy":"ausgestaltungen","embeddable":true,"href":"https:\/\/grevy.art\/en\/wp-json\/wp\/v2\/ausgestaltungen?post=3691"},{"taxonomy":"farbigkeit","embeddable":true,"href":"https:\/\/grevy.art\/en\/wp-json\/wp\/v2\/farbigkeit?post=3691"},{"taxonomy":"material","embeddable":true,"href":"https:\/\/grevy.art\/en\/wp-json\/wp\/v2\/material?post=3691"},{"taxonomy":"motiv","embeddable":true,"href":"https:\/\/grevy.art\/en\/wp-json\/wp\/v2\/motiv?post=3691"},{"taxonomy":"product_brand","embeddable":true,"href":"https:\/\/grevy.art\/en\/wp-json\/wp\/v2\/product_brand?post=3691"},{"taxonomy":"product_cat","embeddable":true,"href":"https:\/\/grevy.art\/en\/wp-json\/wp\/v2\/product_cat?post=3691"},{"taxonomy":"product_tag","embeddable":true,"href":"https:\/\/grevy.art\/en\/wp-json\/wp\/v2\/product_tag?post=3691"}],"curies":[{"name":"wp","href":"https:\/\/api.w.org\/{rel}","templated":true}]}}