{"id":3694,"date":"2025-03-28T17:03:23","date_gmt":"2025-03-28T16:03:23","guid":{"rendered":"https:\/\/grevy.art\/?post_type=product&#038;p=3694"},"modified":"2026-03-12T10:30:17","modified_gmt":"2026-03-12T09:30:17","slug":"der-abgrund","status":"publish","type":"product","link":"https:\/\/grevy.art\/en\/kunstwerke\/painting\/der-abgrund\/","title":{"rendered":"Der Abgrund"},"content":{"rendered":"<p>Sieht so die Angst und Verzweiflung aus? Der Sturz eines gefallenen Engels, umgeben von kleineren, d\u00e4monischen Figuren. Eine dramatische Szene mit einem intensiven Farbspektrum aus tiefen Rot- und Blaut\u00f6nen, die die chaotische Atmosph\u00e4re unterstreichen.<\/p>\n","protected":false},"excerpt":{"rendered":"<p>Das Kunstwerk besteht aus zwei bespannten Leinw\u00e4nden, deren Kanten nicht bemalt sind. Jede Leinwand ist auf einen stabilen Holzrahmen aufgezogen und 70 cm hoch, 50 cm breit und drei Zentimeter tief. Das linke Bild ist auf der Vorderseite signiert. Beide Einzelbilder sind auf der R\u00fcckseite beschriftet. Das Gesamtwerk wird ohne Rahmung, zum Aufh\u00e4ngen verkauft.<\/p>\n","protected":false},"featured_media":3695,"comment_status":"closed","ping_status":"closed","template":"","meta":{"_acf_changed":false},"ausgestaltungen":[74,73],"farbigkeit":[57,68,196,241,197,62],"material":[217,211],"motiv":[180,174,177,184,179,337],"product_brand":[],"product_cat":[18],"product_tag":[410,407,408,138,409],"class_list":{"0":"post-3694","1":"product","2":"type-product","3":"status-publish","4":"has-post-thumbnail","6":"ausgestaltungen-original","7":"ausgestaltungen-unikat","8":"farbigkeit-blau","9":"farbigkeit-braun","10":"farbigkeit-dunkel","11":"farbigkeit-erdfarben","12":"farbigkeit-gedeckte-farben","13":"farbigkeit-rot","14":"material-leinwand","15":"material-oelfarbe","16":"motiv-akt","17":"motiv-figurativ","18":"motiv-gegenstaendlich","19":"motiv-landschaft","20":"motiv-mensch","21":"motiv-torso","22":"product_cat-malerei","23":"product_tag-daemonen","24":"product_tag-dante","25":"product_tag-engel","26":"product_tag-himmel","27":"product_tag-sturz","29":"first","30":"instock","31":"sold-individually","32":"taxable","33":"shipping-taxable","34":"purchasable","35":"product-type-simple"},"acf":[],"aioseo_notices":[],"_links":{"self":[{"href":"https:\/\/grevy.art\/en\/wp-json\/wp\/v2\/product\/3694","targetHints":{"allow":["GET"]}}],"collection":[{"href":"https:\/\/grevy.art\/en\/wp-json\/wp\/v2\/product"}],"about":[{"href":"https:\/\/grevy.art\/en\/wp-json\/wp\/v2\/types\/product"}],"replies":[{"embeddable":true,"href":"https:\/\/grevy.art\/en\/wp-json\/wp\/v2\/comments?post=3694"}],"wp:featuredmedia":[{"embeddable":true,"href":"https:\/\/grevy.art\/en\/wp-json\/wp\/v2\/media\/3695"}],"wp:attachment":[{"href":"https:\/\/grevy.art\/en\/wp-json\/wp\/v2\/media?parent=3694"}],"wp:term":[{"taxonomy":"ausgestaltungen","embeddable":true,"href":"https:\/\/grevy.art\/en\/wp-json\/wp\/v2\/ausgestaltungen?post=3694"},{"taxonomy":"farbigkeit","embeddable":true,"href":"https:\/\/grevy.art\/en\/wp-json\/wp\/v2\/farbigkeit?post=3694"},{"taxonomy":"material","embeddable":true,"href":"https:\/\/grevy.art\/en\/wp-json\/wp\/v2\/material?post=3694"},{"taxonomy":"motiv","embeddable":true,"href":"https:\/\/grevy.art\/en\/wp-json\/wp\/v2\/motiv?post=3694"},{"taxonomy":"product_brand","embeddable":true,"href":"https:\/\/grevy.art\/en\/wp-json\/wp\/v2\/product_brand?post=3694"},{"taxonomy":"product_cat","embeddable":true,"href":"https:\/\/grevy.art\/en\/wp-json\/wp\/v2\/product_cat?post=3694"},{"taxonomy":"product_tag","embeddable":true,"href":"https:\/\/grevy.art\/en\/wp-json\/wp\/v2\/product_tag?post=3694"}],"curies":[{"name":"wp","href":"https:\/\/api.w.org\/{rel}","templated":true}]}}