{"id":3722,"date":"2025-03-28T18:09:56","date_gmt":"2025-03-28T17:09:56","guid":{"rendered":"https:\/\/grevy.art\/?post_type=product&#038;p=3722"},"modified":"2025-03-28T18:33:54","modified_gmt":"2025-03-28T17:33:54","slug":"daunenjackenschluss","status":"publish","type":"product","link":"https:\/\/grevy.art\/en\/kunstwerke\/painting\/daunenjackenschluss\/","title":{"rendered":"Daunenjackenschluss"},"content":{"rendered":"<p>Die Materialit\u00e4t des Kleidungsst\u00fccks. Das Gem\u00e4lde zeigt eine Nahaufnahme eines leuchtend roten Mantels. Der Fokus liegt auf der Textur des Stoffes und den Details des Rei\u00dfverschlusses und der Kordeln. Die Farbe Rot dominiert das Bild.<\/p>\n","protected":false},"excerpt":{"rendered":"<p>Dieses Kunstwerk ist eine Tafelmalerei, die auf hochwertig behandeltem Holz gefertigt wurde. Es ist auf einem stabilen Holzrahmen montiert und wird als fertiges St\u00fcck ohne zus\u00e4tzliche Rahmung zum Aufh\u00e4ngen angeboten. Das Gem\u00e4lde ist auf der Vorderseite signiert und auf der R\u00fcckseite beschriftet.<\/p>\n","protected":false},"featured_media":3723,"comment_status":"open","ping_status":"closed","template":"","meta":{"_acf_changed":false},"ausgestaltungen":[74,73],"farbigkeit":[200,241,191,62,252],"material":[219,211],"motiv":[174,177,187],"product_brand":[],"product_cat":[18],"product_tag":[416,414,415,413],"class_list":{"0":"post-3722","1":"product","2":"type-product","3":"status-publish","4":"has-post-thumbnail","6":"ausgestaltungen-original","7":"ausgestaltungen-unikat","8":"farbigkeit-anthrazit","9":"farbigkeit-erdfarben","10":"farbigkeit-farbig","11":"farbigkeit-rot","12":"farbigkeit-silber","13":"material-holz","14":"material-oelfarbe","15":"motiv-figurativ","16":"motiv-gegenstaendlich","17":"motiv-stillleben","18":"product_cat-malerei","19":"product_tag-daunen","20":"product_tag-jacke","21":"product_tag-mantel","22":"product_tag-stofflichkeit","24":"first","25":"instock","26":"sold-individually","27":"taxable","28":"shipping-taxable","29":"purchasable","30":"product-type-simple"},"acf":[],"aioseo_notices":[],"_links":{"self":[{"href":"https:\/\/grevy.art\/en\/wp-json\/wp\/v2\/product\/3722","targetHints":{"allow":["GET"]}}],"collection":[{"href":"https:\/\/grevy.art\/en\/wp-json\/wp\/v2\/product"}],"about":[{"href":"https:\/\/grevy.art\/en\/wp-json\/wp\/v2\/types\/product"}],"replies":[{"embeddable":true,"href":"https:\/\/grevy.art\/en\/wp-json\/wp\/v2\/comments?post=3722"}],"wp:featuredmedia":[{"embeddable":true,"href":"https:\/\/grevy.art\/en\/wp-json\/wp\/v2\/media\/3723"}],"wp:attachment":[{"href":"https:\/\/grevy.art\/en\/wp-json\/wp\/v2\/media?parent=3722"}],"wp:term":[{"taxonomy":"ausgestaltungen","embeddable":true,"href":"https:\/\/grevy.art\/en\/wp-json\/wp\/v2\/ausgestaltungen?post=3722"},{"taxonomy":"farbigkeit","embeddable":true,"href":"https:\/\/grevy.art\/en\/wp-json\/wp\/v2\/farbigkeit?post=3722"},{"taxonomy":"material","embeddable":true,"href":"https:\/\/grevy.art\/en\/wp-json\/wp\/v2\/material?post=3722"},{"taxonomy":"motiv","embeddable":true,"href":"https:\/\/grevy.art\/en\/wp-json\/wp\/v2\/motiv?post=3722"},{"taxonomy":"product_brand","embeddable":true,"href":"https:\/\/grevy.art\/en\/wp-json\/wp\/v2\/product_brand?post=3722"},{"taxonomy":"product_cat","embeddable":true,"href":"https:\/\/grevy.art\/en\/wp-json\/wp\/v2\/product_cat?post=3722"},{"taxonomy":"product_tag","embeddable":true,"href":"https:\/\/grevy.art\/en\/wp-json\/wp\/v2\/product_tag?post=3722"}],"curies":[{"name":"wp","href":"https:\/\/api.w.org\/{rel}","templated":true}]}}