{"id":4740,"date":"2025-05-21T02:42:45","date_gmt":"2025-05-21T00:42:45","guid":{"rendered":"https:\/\/grevy.art\/?post_type=product&#038;p=4740"},"modified":"2026-04-30T06:40:04","modified_gmt":"2026-04-30T04:40:04","slug":"pure-ii","status":"publish","type":"product","link":"https:\/\/grevy.art\/en\/kunstwerke\/digital-art-en\/pure-ii\/","title":{"rendered":"Pure II"},"content":{"rendered":"<p style=\"font-weight: 400\"><em>Pop-Ukiyo-e<\/em> oder \u201ePop-E\u201c (\u30dd\u30c3\u30d7\u7d75), wie JUN Sch\u00e4ffer seinen Stil nennt, ist ein zeitgen\u00f6ssischer Japonismus, der zeigt, dass beide Stiel trotz ihrer unterschiedlichen historischen und kulturellen Kontexte \u00fcber Grenzen und Jahrhunderte hinweg miteinander verschmelzen k\u00f6nnen.<\/p>\n<p style=\"font-weight: 400\">Latexdruck auf Leinwand. Edition von 10, verso signiert und nummeriert.<\/p>\n","protected":false},"excerpt":{"rendered":"<p style=\"font-weight: 400\">Die von der <em>Pop-Art<\/em> inspirierten Werke spielen mit leuchtenden Farben, klaren Linien und ikonischen Elementen japanischer Farbholzschnitte.<\/p>\n","protected":false},"featured_media":4741,"comment_status":"open","ping_status":"closed","template":"","meta":{"_acf_changed":false},"ausgestaltungen":[75],"farbigkeit":[58,62,65,66],"material":[424,220,217],"motiv":[176,190,188],"product_brand":[],"product_cat":[204],"product_tag":[134,476],"class_list":{"0":"post-4740","1":"product","2":"type-product","3":"status-publish","4":"has-post-thumbnail","6":"ausgestaltungen-edition","7":"farbigkeit-gelb","8":"farbigkeit-rot","9":"farbigkeit-schwarz","10":"farbigkeit-weiss","11":"material-foto","12":"material-kunststoff","13":"material-leinwand","14":"motiv-geometrisch","15":"motiv-streetart","16":"motiv-urban","17":"product_cat-digital-art","18":"product_tag-kanji","19":"product_tag-pop-art","21":"first","22":"instock","23":"taxable","24":"shipping-taxable","25":"purchasable","26":"product-type-simple"},"acf":[],"aioseo_notices":[],"_links":{"self":[{"href":"https:\/\/grevy.art\/en\/wp-json\/wp\/v2\/product\/4740","targetHints":{"allow":["GET"]}}],"collection":[{"href":"https:\/\/grevy.art\/en\/wp-json\/wp\/v2\/product"}],"about":[{"href":"https:\/\/grevy.art\/en\/wp-json\/wp\/v2\/types\/product"}],"replies":[{"embeddable":true,"href":"https:\/\/grevy.art\/en\/wp-json\/wp\/v2\/comments?post=4740"}],"wp:featuredmedia":[{"embeddable":true,"href":"https:\/\/grevy.art\/en\/wp-json\/wp\/v2\/media\/4741"}],"wp:attachment":[{"href":"https:\/\/grevy.art\/en\/wp-json\/wp\/v2\/media?parent=4740"}],"wp:term":[{"taxonomy":"ausgestaltungen","embeddable":true,"href":"https:\/\/grevy.art\/en\/wp-json\/wp\/v2\/ausgestaltungen?post=4740"},{"taxonomy":"farbigkeit","embeddable":true,"href":"https:\/\/grevy.art\/en\/wp-json\/wp\/v2\/farbigkeit?post=4740"},{"taxonomy":"material","embeddable":true,"href":"https:\/\/grevy.art\/en\/wp-json\/wp\/v2\/material?post=4740"},{"taxonomy":"motiv","embeddable":true,"href":"https:\/\/grevy.art\/en\/wp-json\/wp\/v2\/motiv?post=4740"},{"taxonomy":"product_brand","embeddable":true,"href":"https:\/\/grevy.art\/en\/wp-json\/wp\/v2\/product_brand?post=4740"},{"taxonomy":"product_cat","embeddable":true,"href":"https:\/\/grevy.art\/en\/wp-json\/wp\/v2\/product_cat?post=4740"},{"taxonomy":"product_tag","embeddable":true,"href":"https:\/\/grevy.art\/en\/wp-json\/wp\/v2\/product_tag?post=4740"}],"curies":[{"name":"wp","href":"https:\/\/api.w.org\/{rel}","templated":true}]}}