{"id":4749,"date":"2025-05-21T03:18:33","date_gmt":"2025-05-21T01:18:33","guid":{"rendered":"https:\/\/grevy.art\/?post_type=product&#038;p=4749"},"modified":"2025-05-21T03:31:14","modified_gmt":"2025-05-21T01:31:14","slug":"tokyo-ants-3","status":"publish","type":"product","link":"https:\/\/grevy.art\/en\/kunstwerke\/digital-art-en\/tokyo-ants-3\/","title":{"rendered":"Tokyo Ants"},"content":{"rendered":"<div>\n<div>\n<p class=\"my-0\">JUN Sch\u00e4ffer ist ein K\u00fcnstler, der sich in seinen Werken h\u00e4ufig mit Themen wie Schein, T\u00e4uschung, Perspektive und Standpunkt auseinandersetzt<span class=\"whitespace-nowrap\">.<\/span> Das Werk zeigt eine der bekanntesten Kreuzungen in Tokio und stellt eine Momentaufnahme des urbanen Lebens dar<span class=\"whitespace-nowrap\">.<\/span><span class=\"apple-converted-space\">\u00a0<\/span>&#8220;Tokyo Ants&#8221; reiht sich in diese Auseinandersetzung ein und reflektiert die Dynamik und das Nebeneinander von Individuen im metropolischen Raum. Es verbindet Sch\u00e4ffers Interesse an Wahrnehmungst\u00e4uschungen und urbanen Strukturen mit einer visuellen Hommage an Tokio.<\/p>\n<\/div>\n<\/div>\n","protected":false},"excerpt":{"rendered":"<p class=\"my-0\">&#8220;Tokyo Ants&#8221; von JUN Sch\u00e4ffer ist ein Kunstwerk, das als digitale Malerei und als Videoarbeit existiert. Diese Edition ist beispielsweise als Kunstdruck auf Hahnem\u00fchle (Baumwolle 310g), unter Glas gerahmt, erh\u00e4ltlich.<\/p>\n<p style=\"font-weight: 400\">Motivma\u00dfe: 37 x 20 cm (+1 cm Wei\u00dfrand), Au\u00dfenma\u00dfe: 52,7 x 35,7 cm. Edition von 5, verso signiert und nummeriert.<\/p>\n","protected":false},"featured_media":4750,"comment_status":"open","ping_status":"closed","template":"","meta":{"_acf_changed":false},"ausgestaltungen":[75],"farbigkeit":[],"material":[424,223,219,218],"motiv":[179,190,188],"product_brand":[],"product_cat":[204,30],"product_tag":[],"class_list":{"0":"post-4749","1":"product","2":"type-product","3":"status-publish","4":"has-post-thumbnail","6":"ausgestaltungen-edition","7":"material-foto","8":"material-glas","9":"material-holz","10":"material-papier","11":"motiv-mensch","12":"motiv-streetart","13":"motiv-urban","14":"product_cat-digital-art","15":"product_cat-foto","17":"first","18":"instock","19":"taxable","20":"shipping-taxable","21":"purchasable","22":"product-type-simple"},"acf":[],"aioseo_notices":[],"_links":{"self":[{"href":"https:\/\/grevy.art\/en\/wp-json\/wp\/v2\/product\/4749","targetHints":{"allow":["GET"]}}],"collection":[{"href":"https:\/\/grevy.art\/en\/wp-json\/wp\/v2\/product"}],"about":[{"href":"https:\/\/grevy.art\/en\/wp-json\/wp\/v2\/types\/product"}],"replies":[{"embeddable":true,"href":"https:\/\/grevy.art\/en\/wp-json\/wp\/v2\/comments?post=4749"}],"wp:featuredmedia":[{"embeddable":true,"href":"https:\/\/grevy.art\/en\/wp-json\/wp\/v2\/media\/4750"}],"wp:attachment":[{"href":"https:\/\/grevy.art\/en\/wp-json\/wp\/v2\/media?parent=4749"}],"wp:term":[{"taxonomy":"ausgestaltungen","embeddable":true,"href":"https:\/\/grevy.art\/en\/wp-json\/wp\/v2\/ausgestaltungen?post=4749"},{"taxonomy":"farbigkeit","embeddable":true,"href":"https:\/\/grevy.art\/en\/wp-json\/wp\/v2\/farbigkeit?post=4749"},{"taxonomy":"material","embeddable":true,"href":"https:\/\/grevy.art\/en\/wp-json\/wp\/v2\/material?post=4749"},{"taxonomy":"motiv","embeddable":true,"href":"https:\/\/grevy.art\/en\/wp-json\/wp\/v2\/motiv?post=4749"},{"taxonomy":"product_brand","embeddable":true,"href":"https:\/\/grevy.art\/en\/wp-json\/wp\/v2\/product_brand?post=4749"},{"taxonomy":"product_cat","embeddable":true,"href":"https:\/\/grevy.art\/en\/wp-json\/wp\/v2\/product_cat?post=4749"},{"taxonomy":"product_tag","embeddable":true,"href":"https:\/\/grevy.art\/en\/wp-json\/wp\/v2\/product_tag?post=4749"}],"curies":[{"name":"wp","href":"https:\/\/api.w.org\/{rel}","templated":true}]}}