{"id":4909,"date":"2025-06-01T16:01:34","date_gmt":"2025-06-01T14:01:34","guid":{"rendered":"https:\/\/grevy.art\/?post_type=product&#038;p=4909"},"modified":"2026-02-22T08:21:26","modified_gmt":"2026-02-22T07:21:26","slug":"holzkueken","status":"publish","type":"product","link":"https:\/\/grevy.art\/en\/kunstwerke\/painting\/holzkueken\/","title":{"rendered":"Holzk\u00fcken"},"content":{"rendered":"<p>Holzk\u00fcken, \u00d6l\/Leinwand, 25 x 25 cm, 2025, mit Rahmen<\/p>\n","protected":false},"excerpt":{"rendered":"<p>Holzk\u00fcken, \u00d6l\/Leinwand, 25 x 25 cm, 2025, mit Rahmen<\/p>\n","protected":false},"featured_media":4910,"comment_status":"open","ping_status":"closed","template":"","meta":{"_acf_changed":false},"ausgestaltungen":[74,73],"farbigkeit":[191,58],"material":[217,211],"motiv":[174,177,178,187],"product_brand":[],"product_cat":[18],"product_tag":[345,303,302,492,357],"class_list":{"0":"post-4909","1":"product","2":"type-product","3":"status-publish","4":"has-post-thumbnail","6":"ausgestaltungen-original","7":"ausgestaltungen-unikat","8":"farbigkeit-farbig","9":"farbigkeit-gelb","10":"material-leinwand","11":"material-oelfarbe","12":"motiv-figurativ","13":"motiv-gegenstaendlich","14":"motiv-natur-und-tiere","15":"motiv-stillleben","16":"product_cat-malerei","17":"product_tag-gegenstaendlich","18":"product_tag-leinwand","19":"product_tag-oel","20":"product_tag-spielzeug","21":"product_tag-tier","23":"first","24":"instock","25":"sold-individually","26":"purchasable","27":"product-type-simple"},"acf":[],"aioseo_notices":[],"_links":{"self":[{"href":"https:\/\/grevy.art\/en\/wp-json\/wp\/v2\/product\/4909","targetHints":{"allow":["GET"]}}],"collection":[{"href":"https:\/\/grevy.art\/en\/wp-json\/wp\/v2\/product"}],"about":[{"href":"https:\/\/grevy.art\/en\/wp-json\/wp\/v2\/types\/product"}],"replies":[{"embeddable":true,"href":"https:\/\/grevy.art\/en\/wp-json\/wp\/v2\/comments?post=4909"}],"wp:featuredmedia":[{"embeddable":true,"href":"https:\/\/grevy.art\/en\/wp-json\/wp\/v2\/media\/4910"}],"wp:attachment":[{"href":"https:\/\/grevy.art\/en\/wp-json\/wp\/v2\/media?parent=4909"}],"wp:term":[{"taxonomy":"ausgestaltungen","embeddable":true,"href":"https:\/\/grevy.art\/en\/wp-json\/wp\/v2\/ausgestaltungen?post=4909"},{"taxonomy":"farbigkeit","embeddable":true,"href":"https:\/\/grevy.art\/en\/wp-json\/wp\/v2\/farbigkeit?post=4909"},{"taxonomy":"material","embeddable":true,"href":"https:\/\/grevy.art\/en\/wp-json\/wp\/v2\/material?post=4909"},{"taxonomy":"motiv","embeddable":true,"href":"https:\/\/grevy.art\/en\/wp-json\/wp\/v2\/motiv?post=4909"},{"taxonomy":"product_brand","embeddable":true,"href":"https:\/\/grevy.art\/en\/wp-json\/wp\/v2\/product_brand?post=4909"},{"taxonomy":"product_cat","embeddable":true,"href":"https:\/\/grevy.art\/en\/wp-json\/wp\/v2\/product_cat?post=4909"},{"taxonomy":"product_tag","embeddable":true,"href":"https:\/\/grevy.art\/en\/wp-json\/wp\/v2\/product_tag?post=4909"}],"curies":[{"name":"wp","href":"https:\/\/api.w.org\/{rel}","templated":true}]}}