{"id":5021,"date":"2025-06-08T14:16:32","date_gmt":"2025-06-08T12:16:32","guid":{"rendered":"https:\/\/grevy.art\/?post_type=product&#038;p=5021"},"modified":"2025-06-09T13:51:43","modified_gmt":"2025-06-09T11:51:43","slug":"mut-widerstand-lebendigkeit-4","status":"publish","type":"product","link":"https:\/\/grevy.art\/en\/kunstwerke\/illustration-en\/mut-widerstand-lebendigkeit-4\/","title":{"rendered":"Mut &#8211; Widerstand &#8211; Lebendigkeit 4"},"content":{"rendered":"<p>Raus aus dem Haus! Auf in den Kampf! gegen Windm\u00fchlen? Golgatha?<\/p>\n","protected":false},"excerpt":{"rendered":"<p>Ein gelbes Haus mit gr\u00fcner T\u00fcr. Im Freien: der aufrecht springende blaue Hase. In der Ferne: Windm\u00fchlen? Golgatha?<br \/>\nQuerformat ca 15 x 20 cm, auf hellem Hintergrundkarton mit Titel und Signatur (Bleistift), im Objektrahmen (Hochformat) 30 x 40 cm<\/p>\n","protected":false},"featured_media":4009,"comment_status":"open","ping_status":"closed","template":"","meta":{"_acf_changed":false},"ausgestaltungen":[],"farbigkeit":[57,247,59,65],"material":[212,430,218,344],"motiv":[173,338,174,184],"product_brand":[],"product_cat":[206,18,28],"product_tag":[400,507,504,501,506],"class_list":{"0":"post-5021","1":"product","2":"type-product","3":"status-publish","4":"has-post-thumbnail","6":"farbigkeit-blau","7":"farbigkeit-goldgelb","8":"farbigkeit-gruen","9":"farbigkeit-schwarz","10":"material-acryl","11":"material-bleistift","12":"material-papier","13":"material-pappe","14":"motiv-abstrakt","15":"motiv-farbflaechen","16":"motiv-figurativ","17":"motiv-landschaft","18":"product_cat-illustration","19":"product_cat-malerei","20":"product_cat-mixedmedia","21":"product_tag-collage","22":"product_tag-freiheit","23":"product_tag-hase","24":"product_tag-mut","25":"product_tag-schwarz","27":"first","28":"instock","29":"taxable","30":"shipping-taxable","31":"purchasable","32":"product-type-simple"},"acf":[],"aioseo_notices":[],"_links":{"self":[{"href":"https:\/\/grevy.art\/en\/wp-json\/wp\/v2\/product\/5021","targetHints":{"allow":["GET"]}}],"collection":[{"href":"https:\/\/grevy.art\/en\/wp-json\/wp\/v2\/product"}],"about":[{"href":"https:\/\/grevy.art\/en\/wp-json\/wp\/v2\/types\/product"}],"replies":[{"embeddable":true,"href":"https:\/\/grevy.art\/en\/wp-json\/wp\/v2\/comments?post=5021"}],"wp:featuredmedia":[{"embeddable":true,"href":"https:\/\/grevy.art\/en\/wp-json\/wp\/v2\/media\/4009"}],"wp:attachment":[{"href":"https:\/\/grevy.art\/en\/wp-json\/wp\/v2\/media?parent=5021"}],"wp:term":[{"taxonomy":"ausgestaltungen","embeddable":true,"href":"https:\/\/grevy.art\/en\/wp-json\/wp\/v2\/ausgestaltungen?post=5021"},{"taxonomy":"farbigkeit","embeddable":true,"href":"https:\/\/grevy.art\/en\/wp-json\/wp\/v2\/farbigkeit?post=5021"},{"taxonomy":"material","embeddable":true,"href":"https:\/\/grevy.art\/en\/wp-json\/wp\/v2\/material?post=5021"},{"taxonomy":"motiv","embeddable":true,"href":"https:\/\/grevy.art\/en\/wp-json\/wp\/v2\/motiv?post=5021"},{"taxonomy":"product_brand","embeddable":true,"href":"https:\/\/grevy.art\/en\/wp-json\/wp\/v2\/product_brand?post=5021"},{"taxonomy":"product_cat","embeddable":true,"href":"https:\/\/grevy.art\/en\/wp-json\/wp\/v2\/product_cat?post=5021"},{"taxonomy":"product_tag","embeddable":true,"href":"https:\/\/grevy.art\/en\/wp-json\/wp\/v2\/product_tag?post=5021"}],"curies":[{"name":"wp","href":"https:\/\/api.w.org\/{rel}","templated":true}]}}