{"id":5093,"date":"2025-06-23T16:36:40","date_gmt":"2025-06-23T14:36:40","guid":{"rendered":"https:\/\/grevy.art\/?post_type=product&#038;p=5093"},"modified":"2025-07-08T21:23:22","modified_gmt":"2025-07-08T19:23:22","slug":"dont-cry","status":"publish","type":"product","link":"https:\/\/grevy.art\/en\/kunstwerke\/painting\/dont-cry\/","title":{"rendered":"DON&#8217;T_cry"},"content":{"rendered":"","protected":false},"excerpt":{"rendered":"<p>Diptychon: Collage + Acryl auf Leinwand, Format 120 x 50 cm, mit grobem Pinselstrich strukturierte Fl\u00e4che in wei\u00df und hellgrau. Faltig angelegte Papiercollage, die die helle Fl\u00e4che gestaltet und einzelne Akzente mit Goldglanz und pr\u00e4gnantem Bildelement von roten Zwiebeln.<\/p>\n","protected":false},"featured_media":5282,"comment_status":"open","ping_status":"closed","template":"","meta":{"_acf_changed":false},"ausgestaltungen":[73],"farbigkeit":[251,62,66],"material":[212,217],"motiv":[187],"product_brand":[],"product_cat":[18],"product_tag":[133,393],"class_list":{"0":"post-5093","1":"product","2":"type-product","3":"status-publish","4":"has-post-thumbnail","6":"ausgestaltungen-unikat","7":"farbigkeit-gold","8":"farbigkeit-rot","9":"farbigkeit-weiss","10":"material-acryl","11":"material-leinwand","12":"motiv-stillleben","13":"product_cat-malerei","14":"product_tag-acrylmalerei","15":"product_tag-essen","17":"first","18":"instock","19":"sold-individually","20":"purchasable","21":"product-type-simple"},"acf":[],"aioseo_notices":[],"_links":{"self":[{"href":"https:\/\/grevy.art\/en\/wp-json\/wp\/v2\/product\/5093","targetHints":{"allow":["GET"]}}],"collection":[{"href":"https:\/\/grevy.art\/en\/wp-json\/wp\/v2\/product"}],"about":[{"href":"https:\/\/grevy.art\/en\/wp-json\/wp\/v2\/types\/product"}],"replies":[{"embeddable":true,"href":"https:\/\/grevy.art\/en\/wp-json\/wp\/v2\/comments?post=5093"}],"wp:featuredmedia":[{"embeddable":true,"href":"https:\/\/grevy.art\/en\/wp-json\/wp\/v2\/media\/5282"}],"wp:attachment":[{"href":"https:\/\/grevy.art\/en\/wp-json\/wp\/v2\/media?parent=5093"}],"wp:term":[{"taxonomy":"ausgestaltungen","embeddable":true,"href":"https:\/\/grevy.art\/en\/wp-json\/wp\/v2\/ausgestaltungen?post=5093"},{"taxonomy":"farbigkeit","embeddable":true,"href":"https:\/\/grevy.art\/en\/wp-json\/wp\/v2\/farbigkeit?post=5093"},{"taxonomy":"material","embeddable":true,"href":"https:\/\/grevy.art\/en\/wp-json\/wp\/v2\/material?post=5093"},{"taxonomy":"motiv","embeddable":true,"href":"https:\/\/grevy.art\/en\/wp-json\/wp\/v2\/motiv?post=5093"},{"taxonomy":"product_brand","embeddable":true,"href":"https:\/\/grevy.art\/en\/wp-json\/wp\/v2\/product_brand?post=5093"},{"taxonomy":"product_cat","embeddable":true,"href":"https:\/\/grevy.art\/en\/wp-json\/wp\/v2\/product_cat?post=5093"},{"taxonomy":"product_tag","embeddable":true,"href":"https:\/\/grevy.art\/en\/wp-json\/wp\/v2\/product_tag?post=5093"}],"curies":[{"name":"wp","href":"https:\/\/api.w.org\/{rel}","templated":true}]}}