{"id":5471,"date":"2025-07-16T16:52:50","date_gmt":"2025-07-16T14:52:50","guid":{"rendered":"https:\/\/grevy.art\/?post_type=product&#038;p=5471"},"modified":"2025-12-08T23:58:49","modified_gmt":"2025-12-08T22:58:49","slug":"die-aufrechten-unaufrichtigen","status":"publish","type":"product","link":"https:\/\/grevy.art\/en\/kunstwerke\/without\/die-aufrechten-unaufrichtigen\/","title":{"rendered":"Die aufrechten Unaufrichtigen"},"content":{"rendered":"","protected":false},"excerpt":{"rendered":"<p>In leuchtenden Farben stehen sie da \u2013 stolz, pr\u00e4sent, fast einladend. Und doch ist alles Fassade. <strong data-start=\"216\" data-end=\"249\">Die aufrechten Unaufrichtigen<\/strong> geben sich lebendig, freundlich, gar charmant, doch hinter der ornamentalen Oberfl\u00e4che bleibt ihr Inneres verborgen. Ihre Aufrichtigkeit endet an der Haut aus Farbe und Linie. Jeder Versuch, sie zu durchdringen, prallt ab an ihrer kunstvoll errichteten H\u00fclle. Die spiralischen Strukturen suggerieren Tiefe, f\u00fchren aber ins Leere. Dieses Bild erz\u00e4hlt von einem Stolz, der sich aus Tarnung speist \u2013 einer Selbstsicherheit, die auf dem Verschweigen gr\u00fcndet. Sch\u00f6nheit wird hier zur Maske, Aufrichtigkeit zur Pose. Man sollte wachsam bleiben.<\/p>\n","protected":false},"featured_media":5472,"comment_status":"open","ping_status":"closed","template":"","meta":{"_acf_changed":false},"ausgestaltungen":[73],"farbigkeit":[191],"material":[211],"motiv":[173],"product_brand":[],"product_cat":[16],"product_tag":[],"class_list":{"0":"post-5471","1":"product","2":"type-product","3":"status-publish","4":"has-post-thumbnail","6":"ausgestaltungen-unikat","7":"farbigkeit-farbig","8":"material-oelfarbe","9":"motiv-abstrakt","10":"product_cat-ohne","12":"first","13":"instock","14":"taxable","15":"shipping-taxable","16":"purchasable","17":"product-type-simple"},"acf":[],"aioseo_notices":[],"_links":{"self":[{"href":"https:\/\/grevy.art\/en\/wp-json\/wp\/v2\/product\/5471","targetHints":{"allow":["GET"]}}],"collection":[{"href":"https:\/\/grevy.art\/en\/wp-json\/wp\/v2\/product"}],"about":[{"href":"https:\/\/grevy.art\/en\/wp-json\/wp\/v2\/types\/product"}],"replies":[{"embeddable":true,"href":"https:\/\/grevy.art\/en\/wp-json\/wp\/v2\/comments?post=5471"}],"wp:featuredmedia":[{"embeddable":true,"href":"https:\/\/grevy.art\/en\/wp-json\/wp\/v2\/media\/5472"}],"wp:attachment":[{"href":"https:\/\/grevy.art\/en\/wp-json\/wp\/v2\/media?parent=5471"}],"wp:term":[{"taxonomy":"ausgestaltungen","embeddable":true,"href":"https:\/\/grevy.art\/en\/wp-json\/wp\/v2\/ausgestaltungen?post=5471"},{"taxonomy":"farbigkeit","embeddable":true,"href":"https:\/\/grevy.art\/en\/wp-json\/wp\/v2\/farbigkeit?post=5471"},{"taxonomy":"material","embeddable":true,"href":"https:\/\/grevy.art\/en\/wp-json\/wp\/v2\/material?post=5471"},{"taxonomy":"motiv","embeddable":true,"href":"https:\/\/grevy.art\/en\/wp-json\/wp\/v2\/motiv?post=5471"},{"taxonomy":"product_brand","embeddable":true,"href":"https:\/\/grevy.art\/en\/wp-json\/wp\/v2\/product_brand?post=5471"},{"taxonomy":"product_cat","embeddable":true,"href":"https:\/\/grevy.art\/en\/wp-json\/wp\/v2\/product_cat?post=5471"},{"taxonomy":"product_tag","embeddable":true,"href":"https:\/\/grevy.art\/en\/wp-json\/wp\/v2\/product_tag?post=5471"}],"curies":[{"name":"wp","href":"https:\/\/api.w.org\/{rel}","templated":true}]}}