{"id":56,"date":"2024-12-13T14:55:58","date_gmt":"2024-12-13T13:55:58","guid":{"rendered":"https:\/\/grevy.art\/?post_type=product&#038;p=56"},"modified":"2025-07-30T11:29:31","modified_gmt":"2025-07-30T09:29:31","slug":"sturmlicht_13","status":"publish","type":"product","link":"https:\/\/grevy.art\/en\/kunstwerke\/painting\/sturmlicht_13\/","title":{"rendered":"Sturmlicht_13"},"content":{"rendered":"<p>Jahr: 2018<br \/>\nLieferzeit: on request<br \/>\nOrt: K\u00f6ln<br \/>\nMa\u00dfe: 3 \u00d7 70 \u00d7 70 cm<br \/>\nMotiv: Figur Mensch Sturm Polarlicht<br \/>\ncolour: wei\u00df blau grau anthrazit<br \/>\nSchlagworte: selbstleuchtend bei Dunkelheit<\/p>\n","protected":false},"excerpt":{"rendered":"<p>Silbrig wei\u00dfe Fl\u00e4che in struktureller, abstrakter Gestaltung mit vom Sturm gebeugter Figur \u2013 t\u00fcrkise Leuchteffekte an Polarlicht erinnernd erscheinen bei Dunkelheit und verblassen sehr langsam.c<\/p>\n<p>Serie: freeze<\/p>\n","protected":false},"featured_media":57,"comment_status":"closed","ping_status":"closed","template":"","meta":{"_acf_changed":false},"ausgestaltungen":[],"farbigkeit":[59],"material":[],"motiv":[],"product_brand":[],"product_cat":[18,28],"product_tag":[24],"class_list":{"0":"post-56","1":"product","2":"type-product","3":"status-publish","4":"has-post-thumbnail","6":"farbigkeit-gruen","7":"product_cat-malerei","8":"product_cat-mixedmedia","9":"product_tag-selbstleuchtend-bei-dunkelheit","11":"first","12":"instock","13":"sold-individually","14":"taxable","15":"shipping-taxable","16":"purchasable","17":"product-type-simple"},"acf":[],"aioseo_notices":[],"_links":{"self":[{"href":"https:\/\/grevy.art\/en\/wp-json\/wp\/v2\/product\/56","targetHints":{"allow":["GET"]}}],"collection":[{"href":"https:\/\/grevy.art\/en\/wp-json\/wp\/v2\/product"}],"about":[{"href":"https:\/\/grevy.art\/en\/wp-json\/wp\/v2\/types\/product"}],"replies":[{"embeddable":true,"href":"https:\/\/grevy.art\/en\/wp-json\/wp\/v2\/comments?post=56"}],"wp:featuredmedia":[{"embeddable":true,"href":"https:\/\/grevy.art\/en\/wp-json\/wp\/v2\/media\/57"}],"wp:attachment":[{"href":"https:\/\/grevy.art\/en\/wp-json\/wp\/v2\/media?parent=56"}],"wp:term":[{"taxonomy":"ausgestaltungen","embeddable":true,"href":"https:\/\/grevy.art\/en\/wp-json\/wp\/v2\/ausgestaltungen?post=56"},{"taxonomy":"farbigkeit","embeddable":true,"href":"https:\/\/grevy.art\/en\/wp-json\/wp\/v2\/farbigkeit?post=56"},{"taxonomy":"material","embeddable":true,"href":"https:\/\/grevy.art\/en\/wp-json\/wp\/v2\/material?post=56"},{"taxonomy":"motiv","embeddable":true,"href":"https:\/\/grevy.art\/en\/wp-json\/wp\/v2\/motiv?post=56"},{"taxonomy":"product_brand","embeddable":true,"href":"https:\/\/grevy.art\/en\/wp-json\/wp\/v2\/product_brand?post=56"},{"taxonomy":"product_cat","embeddable":true,"href":"https:\/\/grevy.art\/en\/wp-json\/wp\/v2\/product_cat?post=56"},{"taxonomy":"product_tag","embeddable":true,"href":"https:\/\/grevy.art\/en\/wp-json\/wp\/v2\/product_tag?post=56"}],"curies":[{"name":"wp","href":"https:\/\/api.w.org\/{rel}","templated":true}]}}