{"id":5829,"date":"2025-07-29T17:02:07","date_gmt":"2025-07-29T15:02:07","guid":{"rendered":"https:\/\/grevy.art\/?post_type=product&#038;p=5829"},"modified":"2026-03-29T13:11:22","modified_gmt":"2026-03-29T11:11:22","slug":"sehnsuchtsorte-iii","status":"publish","type":"product","link":"https:\/\/grevy.art\/en\/kunstwerke\/painting\/sehnsuchtsorte-iii\/","title":{"rendered":"Sehnsuchtsorte III"},"content":{"rendered":"","protected":false},"excerpt":{"rendered":"<p><span style=\"font-family: Times New Roman, serif\">Ein weiterer Schwerpunkt meiner Malerei ist die Natur in ihrer malerische Umsetzung, die vom Ansatz her der oben beschriebenen Vorgehensweise gleich kommt.<\/span><\/p>\n<p><span style=\"font-family: Times New Roman, serif\">Nicht eine malerische Sichtbarmachung ist mir wichtig, sondern die charakteristischen Formen <\/span><\/p>\n<p><span style=\"font-family: Times New Roman, serif\">und Farben der Natur, als wandlungsf\u00e4hige Bildr\u00e4ume, die sich durch die Zeit, das Licht oder die Atmosph\u00e4re auch in der Realit\u00e4t immer wieder aufl\u00f6sen und ein breites Spektrum von <\/span><\/p>\n<p><span style=\"font-family: Times New Roman, serif\">Lebendigkeit und Farbgebung widerspiegeln.<\/span><\/p>\n<p><span style=\"font-family: Times New Roman, serif\">So entstehen, oft durch eine gestische Malerei, Strukturen, die im Malprozess aus der Reflexion meines Inneren her r\u00fchren.<\/span><\/p>\n","protected":false},"featured_media":5830,"comment_status":"open","ping_status":"closed","template":"","meta":{"_acf_changed":false},"ausgestaltungen":[74,73],"farbigkeit":[57,68,241,58,59],"material":[212,217],"motiv":[173,184,185,178],"product_brand":[],"product_cat":[18],"product_tag":[312,133,354,512,662,342,303,161],"class_list":{"0":"post-5829","1":"product","2":"type-product","3":"status-publish","4":"has-post-thumbnail","6":"ausgestaltungen-original","7":"ausgestaltungen-unikat","8":"farbigkeit-blau","9":"farbigkeit-braun","10":"farbigkeit-erdfarben","11":"farbigkeit-gelb","12":"farbigkeit-gruen","13":"material-acryl","14":"material-leinwand","15":"motiv-abstrakt","16":"motiv-landschaft","17":"motiv-meer","18":"motiv-natur-und-tiere","19":"product_cat-malerei","20":"product_tag-abstrakt","21":"product_tag-acrylmalerei","22":"product_tag-balance","23":"product_tag-blau","24":"product_tag-daf-2026-cgn","25":"product_tag-landschaft","26":"product_tag-leinwand","27":"product_tag-meer","29":"first","30":"instock","31":"taxable","32":"shipping-taxable","33":"purchasable","34":"product-type-simple"},"acf":[],"aioseo_notices":[],"_links":{"self":[{"href":"https:\/\/grevy.art\/en\/wp-json\/wp\/v2\/product\/5829","targetHints":{"allow":["GET"]}}],"collection":[{"href":"https:\/\/grevy.art\/en\/wp-json\/wp\/v2\/product"}],"about":[{"href":"https:\/\/grevy.art\/en\/wp-json\/wp\/v2\/types\/product"}],"replies":[{"embeddable":true,"href":"https:\/\/grevy.art\/en\/wp-json\/wp\/v2\/comments?post=5829"}],"wp:featuredmedia":[{"embeddable":true,"href":"https:\/\/grevy.art\/en\/wp-json\/wp\/v2\/media\/5830"}],"wp:attachment":[{"href":"https:\/\/grevy.art\/en\/wp-json\/wp\/v2\/media?parent=5829"}],"wp:term":[{"taxonomy":"ausgestaltungen","embeddable":true,"href":"https:\/\/grevy.art\/en\/wp-json\/wp\/v2\/ausgestaltungen?post=5829"},{"taxonomy":"farbigkeit","embeddable":true,"href":"https:\/\/grevy.art\/en\/wp-json\/wp\/v2\/farbigkeit?post=5829"},{"taxonomy":"material","embeddable":true,"href":"https:\/\/grevy.art\/en\/wp-json\/wp\/v2\/material?post=5829"},{"taxonomy":"motiv","embeddable":true,"href":"https:\/\/grevy.art\/en\/wp-json\/wp\/v2\/motiv?post=5829"},{"taxonomy":"product_brand","embeddable":true,"href":"https:\/\/grevy.art\/en\/wp-json\/wp\/v2\/product_brand?post=5829"},{"taxonomy":"product_cat","embeddable":true,"href":"https:\/\/grevy.art\/en\/wp-json\/wp\/v2\/product_cat?post=5829"},{"taxonomy":"product_tag","embeddable":true,"href":"https:\/\/grevy.art\/en\/wp-json\/wp\/v2\/product_tag?post=5829"}],"curies":[{"name":"wp","href":"https:\/\/api.w.org\/{rel}","templated":true}]}}