{"id":5937,"date":"2025-08-03T11:50:18","date_gmt":"2025-08-03T09:50:18","guid":{"rendered":"https:\/\/grevy.art\/?post_type=product&#038;p=5937"},"modified":"2026-04-21T10:33:52","modified_gmt":"2026-04-21T08:33:52","slug":"chroma-fiduciae-farbe-der-zuversicht","status":"publish","type":"product","link":"https:\/\/grevy.art\/en\/kunstwerke\/painting\/chroma-fiduciae-farbe-der-zuversicht\/","title":{"rendered":"Chromatische Dynamik"},"content":{"rendered":"<p>In <strong>Chromatische Dynamik<\/strong> entfaltet sich ein kraftvolles Spiel aus Farbenergie, Bewegung und Form. Die ineinander verschr\u00e4nkten, organischen Strukturen scheinen in einem st\u00e4ndigen Wandel begriffen \u2013 wie ein lebendiger Organismus, der pulsiert, str\u00f6mt und sich neu formt. Die leuchtenden Farb\u00fcberg\u00e4nge erzeugen ein rhythmisches Spannungsfeld zwischen N\u00e4he und Distanz, Gewicht und Leichtigkeit. Jede Farbe behauptet sich, bleibt aber zugleich in Beziehung zum Ganzen. Es geht nicht um Harmonie oder Unruhe \u2013 sondern um eine innere Bewegung, die ihren eigenen Takt kennt. Chromatische Dynamik ist ein Bild \u00fcber das Leben im Fluss: intensiv, offen, voller Schwingung.<\/p>\n","protected":false},"excerpt":{"rendered":"<p>Pulsierende Farbkr\u00e4fte verbinden sich zu einer bewegten Formlandschaft \u2013 ein Gem\u00e4lde voller Rhythmus, Energie und organischer Spannung.<\/p>\n","protected":false},"featured_media":5512,"comment_status":"open","ping_status":"closed","template":"","meta":{"_acf_changed":false},"ausgestaltungen":[74,73],"farbigkeit":[191],"material":[211],"motiv":[173],"product_brand":[],"product_cat":[18],"product_tag":[452,302],"class_list":{"0":"post-5937","1":"product","2":"type-product","3":"status-publish","4":"has-post-thumbnail","6":"ausgestaltungen-original","7":"ausgestaltungen-unikat","8":"farbigkeit-farbig","9":"material-oelfarbe","10":"motiv-abstrakt","11":"product_cat-malerei","12":"product_tag-abstrakte-formen","13":"product_tag-oel","15":"first","16":"instock","17":"taxable","18":"shipping-taxable","19":"purchasable","20":"product-type-simple"},"acf":[],"aioseo_notices":[],"_links":{"self":[{"href":"https:\/\/grevy.art\/en\/wp-json\/wp\/v2\/product\/5937","targetHints":{"allow":["GET"]}}],"collection":[{"href":"https:\/\/grevy.art\/en\/wp-json\/wp\/v2\/product"}],"about":[{"href":"https:\/\/grevy.art\/en\/wp-json\/wp\/v2\/types\/product"}],"replies":[{"embeddable":true,"href":"https:\/\/grevy.art\/en\/wp-json\/wp\/v2\/comments?post=5937"}],"wp:featuredmedia":[{"embeddable":true,"href":"https:\/\/grevy.art\/en\/wp-json\/wp\/v2\/media\/5512"}],"wp:attachment":[{"href":"https:\/\/grevy.art\/en\/wp-json\/wp\/v2\/media?parent=5937"}],"wp:term":[{"taxonomy":"ausgestaltungen","embeddable":true,"href":"https:\/\/grevy.art\/en\/wp-json\/wp\/v2\/ausgestaltungen?post=5937"},{"taxonomy":"farbigkeit","embeddable":true,"href":"https:\/\/grevy.art\/en\/wp-json\/wp\/v2\/farbigkeit?post=5937"},{"taxonomy":"material","embeddable":true,"href":"https:\/\/grevy.art\/en\/wp-json\/wp\/v2\/material?post=5937"},{"taxonomy":"motiv","embeddable":true,"href":"https:\/\/grevy.art\/en\/wp-json\/wp\/v2\/motiv?post=5937"},{"taxonomy":"product_brand","embeddable":true,"href":"https:\/\/grevy.art\/en\/wp-json\/wp\/v2\/product_brand?post=5937"},{"taxonomy":"product_cat","embeddable":true,"href":"https:\/\/grevy.art\/en\/wp-json\/wp\/v2\/product_cat?post=5937"},{"taxonomy":"product_tag","embeddable":true,"href":"https:\/\/grevy.art\/en\/wp-json\/wp\/v2\/product_tag?post=5937"}],"curies":[{"name":"wp","href":"https:\/\/api.w.org\/{rel}","templated":true}]}}