{"id":6031,"date":"2025-08-03T14:57:16","date_gmt":"2025-08-03T12:57:16","guid":{"rendered":"https:\/\/grevy.art\/?post_type=product&#038;p=6031"},"modified":"2025-08-06T16:44:41","modified_gmt":"2025-08-06T14:44:41","slug":"whats-on-your-mind","status":"publish","type":"product","link":"https:\/\/grevy.art\/en\/kunstwerke\/digital-art-en\/whats-on-your-mind\/","title":{"rendered":"Whats on your mind"},"content":{"rendered":"","protected":false},"excerpt":{"rendered":"<p>Lebensplan<\/p>\n<p>Art on demand: Vorgeschlagene Gr\u00f6\u00dfe ist 80\u00d780 auf Leinwand oder Papier hinter Glas<\/p>\n","protected":false},"featured_media":6016,"comment_status":"open","ping_status":"closed","template":"","meta":{"_acf_changed":false},"ausgestaltungen":[74],"farbigkeit":[57,318,65,66],"material":[],"motiv":[173,174,239],"product_brand":[],"product_cat":[204],"product_tag":[400],"class_list":{"0":"post-6031","1":"product","2":"type-product","3":"status-publish","4":"has-post-thumbnail","6":"ausgestaltungen-original","7":"farbigkeit-blau","8":"farbigkeit-ocker","9":"farbigkeit-schwarz","10":"farbigkeit-weiss","11":"motiv-abstrakt","12":"motiv-figurativ","13":"motiv-schriftbild","14":"product_cat-digital-art","15":"product_tag-collage","17":"first","18":"instock","19":"taxable","20":"shipping-taxable","21":"purchasable","22":"product-type-simple"},"acf":[],"aioseo_notices":[],"_links":{"self":[{"href":"https:\/\/grevy.art\/en\/wp-json\/wp\/v2\/product\/6031","targetHints":{"allow":["GET"]}}],"collection":[{"href":"https:\/\/grevy.art\/en\/wp-json\/wp\/v2\/product"}],"about":[{"href":"https:\/\/grevy.art\/en\/wp-json\/wp\/v2\/types\/product"}],"replies":[{"embeddable":true,"href":"https:\/\/grevy.art\/en\/wp-json\/wp\/v2\/comments?post=6031"}],"wp:featuredmedia":[{"embeddable":true,"href":"https:\/\/grevy.art\/en\/wp-json\/wp\/v2\/media\/6016"}],"wp:attachment":[{"href":"https:\/\/grevy.art\/en\/wp-json\/wp\/v2\/media?parent=6031"}],"wp:term":[{"taxonomy":"ausgestaltungen","embeddable":true,"href":"https:\/\/grevy.art\/en\/wp-json\/wp\/v2\/ausgestaltungen?post=6031"},{"taxonomy":"farbigkeit","embeddable":true,"href":"https:\/\/grevy.art\/en\/wp-json\/wp\/v2\/farbigkeit?post=6031"},{"taxonomy":"material","embeddable":true,"href":"https:\/\/grevy.art\/en\/wp-json\/wp\/v2\/material?post=6031"},{"taxonomy":"motiv","embeddable":true,"href":"https:\/\/grevy.art\/en\/wp-json\/wp\/v2\/motiv?post=6031"},{"taxonomy":"product_brand","embeddable":true,"href":"https:\/\/grevy.art\/en\/wp-json\/wp\/v2\/product_brand?post=6031"},{"taxonomy":"product_cat","embeddable":true,"href":"https:\/\/grevy.art\/en\/wp-json\/wp\/v2\/product_cat?post=6031"},{"taxonomy":"product_tag","embeddable":true,"href":"https:\/\/grevy.art\/en\/wp-json\/wp\/v2\/product_tag?post=6031"}],"curies":[{"name":"wp","href":"https:\/\/api.w.org\/{rel}","templated":true}]}}