{"id":6061,"date":"2025-08-05T14:27:17","date_gmt":"2025-08-05T12:27:17","guid":{"rendered":"https:\/\/grevy.art\/?post_type=product&#038;p=6061"},"modified":"2025-08-05T15:05:00","modified_gmt":"2025-08-05T13:05:00","slug":"bluetenpracht","status":"publish","type":"product","link":"https:\/\/grevy.art\/en\/kunstwerke\/painting\/bluetenpracht\/","title":{"rendered":"BL\u00dcTENPRACHT"},"content":{"rendered":"<h3 class=\"info_section_title\"><span style=\"font-size: 16px;\">Poem by E.A. Housman<\/span><\/h3>\n<div class=\"info portfolio_single_content\">\n<p>Photoencaustic auf Japanpapier, Tusche, Typoprints, Gouache auf handgesch\u00f6pftem Papieren auf Holzboard.<\/p>\n<p>&nbsp;<\/p>\n<p><em><span class=\"long-line\">Loveliest of trees, the cherry now<\/span><\/em><br \/>\n<em><span class=\"long-line\">Is hung with bloom along the bough,<\/span><\/em><br \/>\n<em><span class=\"long-line\">And stands about the woodland ride<\/span><\/em><br \/>\n<em><span class=\"long-line\">Wearing white for Eastertide.<\/span><\/em><\/p>\n<p><em><span class=\"long-line\">Now, of my threescore years and ten,<\/span><\/em><br \/>\n<em><span class=\"long-line\">Twenty will not come again,<\/span><\/em><br \/>\n<em><span class=\"long-line\">And take from seventy springs a score,<\/span><\/em><br \/>\n<em><span class=\"long-line\">It only leaves me fifty more.<\/span><\/em><\/p>\n<p><em><span class=\"long-line\">And since to look at things in bloom<\/span><\/em><br \/>\n<em><span class=\"long-line\">Fifty springs are little room,<\/span><\/em><br \/>\n<em><span class=\"long-line\">About the woodlands I will go<\/span><\/em><br \/>\n<em><span class=\"long-line\">To see the cherry hung with snow.<\/span><\/em><\/p>\n<\/div>\n<div class=\"info portfolio_single_categories\"><\/div>\n","protected":false},"excerpt":{"rendered":"<p>Kirschbl\u00fctencollage auf Japanpapier gedruckt und mit Tusche\/Gouache nachgezeichnet in Kombination mit einem Gedicht \u00fcber die Verg\u00e4nglichkeit des Lebens in Form der Kirschbl\u00fctenzeit.<\/p>\n","protected":false},"featured_media":6062,"comment_status":"open","ping_status":"closed","template":"","meta":{"_acf_changed":false},"ausgestaltungen":[73],"farbigkeit":[59,192,129,385,62,64,66],"material":[424,238,219,218,237,230],"motiv":[545,544,338,239],"product_brand":[],"product_cat":[18,202],"product_tag":[359,571,566,568,567,569,570],"class_list":{"0":"post-6061","1":"product","2":"type-product","3":"status-publish","4":"has-post-thumbnail","6":"ausgestaltungen-unikat","7":"farbigkeit-gruen","8":"farbigkeit-pastell","9":"farbigkeit-rosa","10":"farbigkeit-rose","11":"farbigkeit-rot","12":"farbigkeit-violett","13":"farbigkeit-weiss","14":"material-foto","15":"material-gouache","16":"material-holz","17":"material-papier","18":"material-tusche","19":"material-wachs","20":"motiv-blume","21":"motiv-blumen","22":"motiv-farbflaechen","23":"motiv-schriftbild","24":"product_cat-malerei","25":"product_cat-schriftkunst","26":"product_tag-blume","27":"product_tag-encaustic","28":"product_tag-kirschbluete","29":"product_tag-malerei","30":"product_tag-schriftkunst","31":"product_tag-tusche","32":"product_tag-wachs","34":"first","35":"instock","36":"taxable","37":"shipping-taxable","38":"purchasable","39":"product-type-simple"},"acf":[],"aioseo_notices":[],"_links":{"self":[{"href":"https:\/\/grevy.art\/en\/wp-json\/wp\/v2\/product\/6061","targetHints":{"allow":["GET"]}}],"collection":[{"href":"https:\/\/grevy.art\/en\/wp-json\/wp\/v2\/product"}],"about":[{"href":"https:\/\/grevy.art\/en\/wp-json\/wp\/v2\/types\/product"}],"replies":[{"embeddable":true,"href":"https:\/\/grevy.art\/en\/wp-json\/wp\/v2\/comments?post=6061"}],"wp:featuredmedia":[{"embeddable":true,"href":"https:\/\/grevy.art\/en\/wp-json\/wp\/v2\/media\/6062"}],"wp:attachment":[{"href":"https:\/\/grevy.art\/en\/wp-json\/wp\/v2\/media?parent=6061"}],"wp:term":[{"taxonomy":"ausgestaltungen","embeddable":true,"href":"https:\/\/grevy.art\/en\/wp-json\/wp\/v2\/ausgestaltungen?post=6061"},{"taxonomy":"farbigkeit","embeddable":true,"href":"https:\/\/grevy.art\/en\/wp-json\/wp\/v2\/farbigkeit?post=6061"},{"taxonomy":"material","embeddable":true,"href":"https:\/\/grevy.art\/en\/wp-json\/wp\/v2\/material?post=6061"},{"taxonomy":"motiv","embeddable":true,"href":"https:\/\/grevy.art\/en\/wp-json\/wp\/v2\/motiv?post=6061"},{"taxonomy":"product_brand","embeddable":true,"href":"https:\/\/grevy.art\/en\/wp-json\/wp\/v2\/product_brand?post=6061"},{"taxonomy":"product_cat","embeddable":true,"href":"https:\/\/grevy.art\/en\/wp-json\/wp\/v2\/product_cat?post=6061"},{"taxonomy":"product_tag","embeddable":true,"href":"https:\/\/grevy.art\/en\/wp-json\/wp\/v2\/product_tag?post=6061"}],"curies":[{"name":"wp","href":"https:\/\/api.w.org\/{rel}","templated":true}]}}