{"id":6070,"date":"2025-08-05T15:10:22","date_gmt":"2025-08-05T13:10:22","guid":{"rendered":"https:\/\/grevy.art\/?post_type=product&#038;p=6070"},"modified":"2025-08-05T15:25:37","modified_gmt":"2025-08-05T13:25:37","slug":"johnny-guitar","status":"publish","type":"product","link":"https:\/\/grevy.art\/en\/kunstwerke\/collagen-en\/johnny-guitar\/","title":{"rendered":"JOHNNY GUITAR"},"content":{"rendered":"<p>Tuschmalerei und Gouache auf handgesch\u00f6pften Papieren, aufgebracht auf einem Holzk\u00f6rper und mit Wachs bearbeitet. Durch die Wachsschicht bricht sich das Licht auf der Oberfl\u00e4che und bringt das Bild sanft zum Leuchten &#8211; gerne wird die Oberfl\u00e4che angefasst, da es ein haptisches Erlebnis ist.<\/p>\n","protected":false},"excerpt":{"rendered":"<p>JOHNNY GUITAR geh\u00f6rt zu einer losen Serie von Tuschmalereien, die sich mit dem Thema Musik besch\u00e4ftigen.<\/p>\n","protected":false},"featured_media":6071,"comment_status":"open","ping_status":"closed","template":"","meta":{"_acf_changed":false},"ausgestaltungen":[73],"farbigkeit":[57,388,68,343,60,65,66],"material":[238,219,218,237,230],"motiv":[174,182],"product_brand":[],"product_cat":[201,18],"product_tag":[],"class_list":{"0":"post-6070","1":"product","2":"type-product","3":"status-publish","4":"has-post-thumbnail","6":"ausgestaltungen-unikat","7":"farbigkeit-blau","8":"farbigkeit-blautuerkis","9":"farbigkeit-braun","10":"farbigkeit-gruenlich","11":"farbigkeit-hellgruen","12":"farbigkeit-schwarz","13":"farbigkeit-weiss","14":"material-gouache","15":"material-holz","16":"material-papier","17":"material-tusche","18":"material-wachs","19":"motiv-figurativ","20":"motiv-mann","21":"product_cat-collagen","22":"product_cat-malerei","24":"first","25":"instock","26":"taxable","27":"shipping-taxable","28":"purchasable","29":"product-type-simple"},"acf":[],"aioseo_notices":[],"_links":{"self":[{"href":"https:\/\/grevy.art\/en\/wp-json\/wp\/v2\/product\/6070","targetHints":{"allow":["GET"]}}],"collection":[{"href":"https:\/\/grevy.art\/en\/wp-json\/wp\/v2\/product"}],"about":[{"href":"https:\/\/grevy.art\/en\/wp-json\/wp\/v2\/types\/product"}],"replies":[{"embeddable":true,"href":"https:\/\/grevy.art\/en\/wp-json\/wp\/v2\/comments?post=6070"}],"wp:featuredmedia":[{"embeddable":true,"href":"https:\/\/grevy.art\/en\/wp-json\/wp\/v2\/media\/6071"}],"wp:attachment":[{"href":"https:\/\/grevy.art\/en\/wp-json\/wp\/v2\/media?parent=6070"}],"wp:term":[{"taxonomy":"ausgestaltungen","embeddable":true,"href":"https:\/\/grevy.art\/en\/wp-json\/wp\/v2\/ausgestaltungen?post=6070"},{"taxonomy":"farbigkeit","embeddable":true,"href":"https:\/\/grevy.art\/en\/wp-json\/wp\/v2\/farbigkeit?post=6070"},{"taxonomy":"material","embeddable":true,"href":"https:\/\/grevy.art\/en\/wp-json\/wp\/v2\/material?post=6070"},{"taxonomy":"motiv","embeddable":true,"href":"https:\/\/grevy.art\/en\/wp-json\/wp\/v2\/motiv?post=6070"},{"taxonomy":"product_brand","embeddable":true,"href":"https:\/\/grevy.art\/en\/wp-json\/wp\/v2\/product_brand?post=6070"},{"taxonomy":"product_cat","embeddable":true,"href":"https:\/\/grevy.art\/en\/wp-json\/wp\/v2\/product_cat?post=6070"},{"taxonomy":"product_tag","embeddable":true,"href":"https:\/\/grevy.art\/en\/wp-json\/wp\/v2\/product_tag?post=6070"}],"curies":[{"name":"wp","href":"https:\/\/api.w.org\/{rel}","templated":true}]}}