{"id":6572,"date":"2025-09-04T22:42:45","date_gmt":"2025-09-04T20:42:45","guid":{"rendered":"https:\/\/grevy.art\/?post_type=product&#038;p=6572"},"modified":"2025-10-10T00:12:13","modified_gmt":"2025-10-09T22:12:13","slug":"this-was-edo-the-lost-paradise-aus-dem-zyklus-japanese-deconstructivism-xii-60-x-50-cm-collage-acryl-auf-leinwand-2018","status":"publish","type":"product","link":"https:\/\/grevy.art\/en\/kunstwerke\/without\/this-was-edo-the-lost-paradise-aus-dem-zyklus-japanese-deconstructivism-xii-60-x-50-cm-collage-acryl-auf-leinwand-2018\/","title":{"rendered":"This was Edo!  The lost Paradise,  aus dem Zyklus Japanese Deconstructivism XII"},"content":{"rendered":"","protected":false},"excerpt":{"rendered":"<p>Bei dem Werk &#8220;This was Edo! The lost Paradise&#8221; sieht man eine historische, japanische Landschaft mit dem Berg <span class=\"BxUVEf ILfuVd\" lang=\"de\"><span class=\"hgKElc\">Fujiyama im Hintergrund. Die Idylle wird unterbrochen von mehreren Blasen und einem modernen, grafischen Element, das nur entfernt an einen Rahmen erinnert.<\/span><\/span><\/p>\n<p>Das Werk stammt aus meinem ersten Zyklus &#8220;Japanese Deconstructivism&#8221;\u00a0 und handelt davon, dass der japanische Kaiser K\u00fcnstler durch sein Reich schickte um an ausgew\u00e4hlten Stationen die Sch\u00f6nheit des Landes festzuhalten. Die Blasen, die im Bild aufplatzen wirken bei genauerem Hinsehen wie geborsten und stehen f\u00fcr die Verg\u00e4nglichkeit der Zeit.<\/p>\n","protected":false},"featured_media":6575,"comment_status":"open","ping_status":"closed","template":"","meta":{"_acf_changed":false},"ausgestaltungen":[74],"farbigkeit":[560,388,197,343,60,192],"material":[212,217],"motiv":[173,174,177,184,178,543],"product_brand":[],"product_cat":[16],"product_tag":[312,381,146,512,345,575,347,383,330,160,342,303,248,255,140,144,382],"class_list":{"0":"post-6572","1":"product","2":"type-product","3":"status-publish","4":"has-post-thumbnail","6":"ausgestaltungen-original","7":"farbigkeit-beige","8":"farbigkeit-blautuerkis","9":"farbigkeit-gedeckte-farben","10":"farbigkeit-gruenlich","11":"farbigkeit-hellgruen","12":"farbigkeit-pastell","13":"material-acryl","14":"material-leinwand","15":"motiv-abstrakt","16":"motiv-figurativ","17":"motiv-gegenstaendlich","18":"motiv-landschaft","19":"motiv-natur-und-tiere","20":"motiv-wiese","21":"product_cat-ohne","22":"product_tag-abstrakt","23":"product_tag-baeume","24":"product_tag-berge","25":"product_tag-blau","26":"product_tag-gegenstaendlich","27":"product_tag-grafisch","28":"product_tag-hell","29":"product_tag-himmelblau","30":"product_tag-interior","31":"product_tag-japan","32":"product_tag-landschaft","33":"product_tag-leinwand","34":"product_tag-linien","35":"product_tag-melancholie","36":"product_tag-natur","37":"product_tag-stille","38":"product_tag-wiese","40":"first","41":"instock","42":"taxable","43":"shipping-taxable","44":"purchasable","45":"product-type-simple"},"acf":[],"aioseo_notices":[],"_links":{"self":[{"href":"https:\/\/grevy.art\/en\/wp-json\/wp\/v2\/product\/6572","targetHints":{"allow":["GET"]}}],"collection":[{"href":"https:\/\/grevy.art\/en\/wp-json\/wp\/v2\/product"}],"about":[{"href":"https:\/\/grevy.art\/en\/wp-json\/wp\/v2\/types\/product"}],"replies":[{"embeddable":true,"href":"https:\/\/grevy.art\/en\/wp-json\/wp\/v2\/comments?post=6572"}],"wp:featuredmedia":[{"embeddable":true,"href":"https:\/\/grevy.art\/en\/wp-json\/wp\/v2\/media\/6575"}],"wp:attachment":[{"href":"https:\/\/grevy.art\/en\/wp-json\/wp\/v2\/media?parent=6572"}],"wp:term":[{"taxonomy":"ausgestaltungen","embeddable":true,"href":"https:\/\/grevy.art\/en\/wp-json\/wp\/v2\/ausgestaltungen?post=6572"},{"taxonomy":"farbigkeit","embeddable":true,"href":"https:\/\/grevy.art\/en\/wp-json\/wp\/v2\/farbigkeit?post=6572"},{"taxonomy":"material","embeddable":true,"href":"https:\/\/grevy.art\/en\/wp-json\/wp\/v2\/material?post=6572"},{"taxonomy":"motiv","embeddable":true,"href":"https:\/\/grevy.art\/en\/wp-json\/wp\/v2\/motiv?post=6572"},{"taxonomy":"product_brand","embeddable":true,"href":"https:\/\/grevy.art\/en\/wp-json\/wp\/v2\/product_brand?post=6572"},{"taxonomy":"product_cat","embeddable":true,"href":"https:\/\/grevy.art\/en\/wp-json\/wp\/v2\/product_cat?post=6572"},{"taxonomy":"product_tag","embeddable":true,"href":"https:\/\/grevy.art\/en\/wp-json\/wp\/v2\/product_tag?post=6572"}],"curies":[{"name":"wp","href":"https:\/\/api.w.org\/{rel}","templated":true}]}}