{"id":6583,"date":"2025-09-08T12:51:49","date_gmt":"2025-09-08T10:51:49","guid":{"rendered":"https:\/\/grevy.art\/?post_type=product&#038;p=6583"},"modified":"2026-04-21T10:30:39","modified_gmt":"2026-04-21T08:30:39","slug":"smalltalk","status":"publish","type":"product","link":"https:\/\/grevy.art\/en\/kunstwerke\/painting\/smalltalk\/","title":{"rendered":"Smalltalk"},"content":{"rendered":"<p>Zwei farbenfrohe Wesen treten in einen lebendigen Dialog \u2013 das ist Smalltalk. Die linke Figur scheint im Fluss der Worte zu stehen, w\u00e4hrend die rechte aufmerksam lauscht. Zwischen ihnen entsteht eine rhythmische, bewegte Verbindung, fast wie ein Tanz aus Farben und Formen. Die Komposition spielt mit Gegens\u00e4tzen: Aktivit\u00e4t und Ruhe, Ausdruck und Zuh\u00f6ren, N\u00e4he und Eigenst\u00e4ndigkeit. So wird das Bild zu einer Metapher f\u00fcr jede gelungene Begegnung \u2013 ein Moment des Miteinanders, getragen von Aufmerksamkeit und spielerischer Leichtigkeit. Smalltalk feiert die Kunst des Austauschs \u2013 auch dann, wenn es nur scheinbar um Belangloses geht.<\/p>\n","protected":false},"excerpt":{"rendered":"<p>Ein Gespr\u00e4ch in Farben: Zwei Wesen begegnen sich, lebendig und leicht, in der wunderbaren Balance von Sprechen und Zuh\u00f6ren.<\/p>\n","protected":false},"featured_media":6584,"comment_status":"open","ping_status":"closed","template":"","meta":{"_acf_changed":false},"ausgestaltungen":[74,73],"farbigkeit":[388,191],"material":[211],"motiv":[173],"product_brand":[],"product_cat":[18],"product_tag":[585],"class_list":{"0":"post-6583","1":"product","2":"type-product","3":"status-publish","4":"has-post-thumbnail","6":"ausgestaltungen-original","7":"ausgestaltungen-unikat","8":"farbigkeit-blautuerkis","9":"farbigkeit-farbig","10":"material-oelfarbe","11":"motiv-abstrakt","12":"product_cat-malerei","13":"product_tag-oelmalerei","15":"first","16":"instock","17":"taxable","18":"shipping-taxable","19":"purchasable","20":"product-type-simple"},"acf":[],"aioseo_notices":[],"_links":{"self":[{"href":"https:\/\/grevy.art\/en\/wp-json\/wp\/v2\/product\/6583","targetHints":{"allow":["GET"]}}],"collection":[{"href":"https:\/\/grevy.art\/en\/wp-json\/wp\/v2\/product"}],"about":[{"href":"https:\/\/grevy.art\/en\/wp-json\/wp\/v2\/types\/product"}],"replies":[{"embeddable":true,"href":"https:\/\/grevy.art\/en\/wp-json\/wp\/v2\/comments?post=6583"}],"wp:featuredmedia":[{"embeddable":true,"href":"https:\/\/grevy.art\/en\/wp-json\/wp\/v2\/media\/6584"}],"wp:attachment":[{"href":"https:\/\/grevy.art\/en\/wp-json\/wp\/v2\/media?parent=6583"}],"wp:term":[{"taxonomy":"ausgestaltungen","embeddable":true,"href":"https:\/\/grevy.art\/en\/wp-json\/wp\/v2\/ausgestaltungen?post=6583"},{"taxonomy":"farbigkeit","embeddable":true,"href":"https:\/\/grevy.art\/en\/wp-json\/wp\/v2\/farbigkeit?post=6583"},{"taxonomy":"material","embeddable":true,"href":"https:\/\/grevy.art\/en\/wp-json\/wp\/v2\/material?post=6583"},{"taxonomy":"motiv","embeddable":true,"href":"https:\/\/grevy.art\/en\/wp-json\/wp\/v2\/motiv?post=6583"},{"taxonomy":"product_brand","embeddable":true,"href":"https:\/\/grevy.art\/en\/wp-json\/wp\/v2\/product_brand?post=6583"},{"taxonomy":"product_cat","embeddable":true,"href":"https:\/\/grevy.art\/en\/wp-json\/wp\/v2\/product_cat?post=6583"},{"taxonomy":"product_tag","embeddable":true,"href":"https:\/\/grevy.art\/en\/wp-json\/wp\/v2\/product_tag?post=6583"}],"curies":[{"name":"wp","href":"https:\/\/api.w.org\/{rel}","templated":true}]}}