{"id":6701,"date":"2025-09-24T14:11:41","date_gmt":"2025-09-24T12:11:41","guid":{"rendered":"https:\/\/grevy.art\/?post_type=product&#038;p=6701"},"modified":"2025-09-24T14:26:46","modified_gmt":"2025-09-24T12:26:46","slug":"dreaming-2","status":"publish","type":"product","link":"https:\/\/grevy.art\/en\/kunstwerke\/painting\/dreaming-2\/","title":{"rendered":"DREAMING"},"content":{"rendered":"<p>Das Bild zeigt eine Frau, die von hinten gemalt, tr\u00e4umend auf dem Sofa liegt oder Musik h\u00f6rt&#8230;Es ist eine Tuschemalerei auf einer Collage von Kaharipapieren, mit Wachs bearbeitet &#8211; aufgebracht auf einen Holzk\u00f6rper ist wei\u00df lasiert. Durch die Wachsschicht bricht sich das Licht auf der Oberfl\u00e4che und bringt das Bild sanft zum Leuchten &#8211; gerne wird die Oberfl\u00e4che angefasst, da es ein haptisches Erlebnis ist.<\/p>\n<p>&nbsp;<\/p>\n","protected":false},"excerpt":{"rendered":"<p>Tuschmalerei, Gouache, Wachsstifte auf Papiercollage, mit Wachs berabeitet, aufgebracht auf Holzk\u00f6rper. Es geh\u00f6rt zu einer losen Serie von Tuschmalereien, die sich mit dem Thema Musik besch\u00e4ftigen.<\/p>\n","protected":false},"featured_media":6702,"comment_status":"open","ping_status":"closed","template":"","meta":{"_acf_changed":false},"ausgestaltungen":[73],"farbigkeit":[560,195,192,385,194,66],"material":[238,237,230],"motiv":[174,183],"product_brand":[],"product_cat":[18],"product_tag":[],"class_list":{"0":"post-6701","1":"product","2":"type-product","3":"status-publish","4":"has-post-thumbnail","6":"ausgestaltungen-unikat","7":"farbigkeit-beige","8":"farbigkeit-hell","9":"farbigkeit-pastell","10":"farbigkeit-rose","11":"farbigkeit-sepia","12":"farbigkeit-weiss","13":"material-gouache","14":"material-tusche","15":"material-wachs","16":"motiv-figurativ","17":"motiv-frau","18":"product_cat-malerei","20":"first","21":"instock","22":"sold-individually","23":"taxable","24":"shipping-taxable","25":"purchasable","26":"product-type-simple"},"acf":[],"aioseo_notices":[],"_links":{"self":[{"href":"https:\/\/grevy.art\/en\/wp-json\/wp\/v2\/product\/6701","targetHints":{"allow":["GET"]}}],"collection":[{"href":"https:\/\/grevy.art\/en\/wp-json\/wp\/v2\/product"}],"about":[{"href":"https:\/\/grevy.art\/en\/wp-json\/wp\/v2\/types\/product"}],"replies":[{"embeddable":true,"href":"https:\/\/grevy.art\/en\/wp-json\/wp\/v2\/comments?post=6701"}],"wp:featuredmedia":[{"embeddable":true,"href":"https:\/\/grevy.art\/en\/wp-json\/wp\/v2\/media\/6702"}],"wp:attachment":[{"href":"https:\/\/grevy.art\/en\/wp-json\/wp\/v2\/media?parent=6701"}],"wp:term":[{"taxonomy":"ausgestaltungen","embeddable":true,"href":"https:\/\/grevy.art\/en\/wp-json\/wp\/v2\/ausgestaltungen?post=6701"},{"taxonomy":"farbigkeit","embeddable":true,"href":"https:\/\/grevy.art\/en\/wp-json\/wp\/v2\/farbigkeit?post=6701"},{"taxonomy":"material","embeddable":true,"href":"https:\/\/grevy.art\/en\/wp-json\/wp\/v2\/material?post=6701"},{"taxonomy":"motiv","embeddable":true,"href":"https:\/\/grevy.art\/en\/wp-json\/wp\/v2\/motiv?post=6701"},{"taxonomy":"product_brand","embeddable":true,"href":"https:\/\/grevy.art\/en\/wp-json\/wp\/v2\/product_brand?post=6701"},{"taxonomy":"product_cat","embeddable":true,"href":"https:\/\/grevy.art\/en\/wp-json\/wp\/v2\/product_cat?post=6701"},{"taxonomy":"product_tag","embeddable":true,"href":"https:\/\/grevy.art\/en\/wp-json\/wp\/v2\/product_tag?post=6701"}],"curies":[{"name":"wp","href":"https:\/\/api.w.org\/{rel}","templated":true}]}}