{"id":671,"date":"2025-01-12T09:49:42","date_gmt":"2025-01-12T09:49:42","guid":{"rendered":"https:\/\/grevy.art\/?post_type=product&#038;p=671"},"modified":"2025-07-25T19:32:52","modified_gmt":"2025-07-25T17:32:52","slug":"1328-ohne-titel-landschaft","status":"publish","type":"product","link":"https:\/\/grevy.art\/en\/kunstwerke\/painting\/1328-ohne-titel-landschaft\/","title":{"rendered":"#1328 ohne Titel"},"content":{"rendered":"<p>Wie im strahlenden Sonnenschein wirkt das dargestellte Motiv. Das fr\u00fchlingshafte Gr\u00fcn und die blaugrauen Formen scheinen in strahlendem Sonnenlicht zu liegen, in der Mitte finden sich basaltartige Formen. Der genauere Blick l\u00f6st die Vorstellung wieder auf: Die Farbfl\u00e4chen scheinen frei gesetzt zu sein und entfalten ein Eigenleben, das \u00fcber die Schilderung einer Naturszene hinaus geht.<\/p>\n<p>Als Besonderheit weisen die Leinw\u00e4nde bemalte Seitenfl\u00e4chen von ca. 4,5 cm Breite auf. \u00a0Sie laden dazu ein, das Werk von verschiedenen Seiten zu sehen und eine spontane Interaktion mit dem Betrachter entsteht. Zugleich entsteht eine Spannung zwischen dem &#8220;Blick in ein Bildfenster&#8221; zu dem die Arbeit einl\u00e4dt, und dem Bewusstsein einer plastischen Form auf der Wand.<\/p>\n<p>Die Gliederung des Kunstwerks in mehrere Fl\u00e4chen mit ihren markant gro\u00dfen Abst\u00e4nden ist ein typisches Merkmal der Arbeiten von Schultze-Schnabl. Seine Bilder trennen und verbinden unsere Seheindr\u00fccke zugleich und untersuchen so die Bedingungen daf\u00fcr, wie unser Gehirn Teile zu einem Gesamtinhalt zusammenf\u00fcgt. So entsteht unsere Vorstellung von Wirklichkeit. Auf diesem k\u00fcnstlerischen Weg entstehen so immer neue Bildentdeckungen.<\/p>\n","protected":false},"excerpt":{"rendered":"<p>Wie ein Blick auf eine sonnige Waldlichtung l\u00e4dt uns das dreiteilige Bild auf einen Spaziergang ein. \u00a0An Basaltsteine erinnern die Formen, die den Vordergrund gliedern. Die Aufl\u00f6sung in Farbfl\u00e4chen l\u00e4sst das Auge wandern und Entdeckungen machen.<\/p>\n","protected":false},"featured_media":672,"comment_status":"open","ping_status":"closed","template":"","meta":{"_acf_changed":false},"ausgestaltungen":[73],"farbigkeit":[57,58,67,195,60,64],"material":[212,217],"motiv":[173,177,184],"product_brand":[],"product_cat":[18],"product_tag":[147,141,140,143,144,142],"class_list":{"0":"post-671","1":"product","2":"type-product","3":"status-publish","4":"has-post-thumbnail","6":"ausgestaltungen-unikat","7":"farbigkeit-blau","8":"farbigkeit-gelb","9":"farbigkeit-grau","10":"farbigkeit-hell","11":"farbigkeit-hellgruen","12":"farbigkeit-violett","13":"material-acryl","14":"material-leinwand","15":"motiv-abstrakt","16":"motiv-gegenstaendlich","17":"motiv-landschaft","18":"product_cat-malerei","19":"product_tag-licht","20":"product_tag-lichtung","21":"product_tag-natur","22":"product_tag-sonne","23":"product_tag-stille","24":"product_tag-waldstueck","26":"first","27":"instock","28":"taxable","29":"shipping-taxable","30":"purchasable","31":"product-type-simple"},"acf":[],"aioseo_notices":[],"_links":{"self":[{"href":"https:\/\/grevy.art\/en\/wp-json\/wp\/v2\/product\/671","targetHints":{"allow":["GET"]}}],"collection":[{"href":"https:\/\/grevy.art\/en\/wp-json\/wp\/v2\/product"}],"about":[{"href":"https:\/\/grevy.art\/en\/wp-json\/wp\/v2\/types\/product"}],"replies":[{"embeddable":true,"href":"https:\/\/grevy.art\/en\/wp-json\/wp\/v2\/comments?post=671"}],"wp:featuredmedia":[{"embeddable":true,"href":"https:\/\/grevy.art\/en\/wp-json\/wp\/v2\/media\/672"}],"wp:attachment":[{"href":"https:\/\/grevy.art\/en\/wp-json\/wp\/v2\/media?parent=671"}],"wp:term":[{"taxonomy":"ausgestaltungen","embeddable":true,"href":"https:\/\/grevy.art\/en\/wp-json\/wp\/v2\/ausgestaltungen?post=671"},{"taxonomy":"farbigkeit","embeddable":true,"href":"https:\/\/grevy.art\/en\/wp-json\/wp\/v2\/farbigkeit?post=671"},{"taxonomy":"material","embeddable":true,"href":"https:\/\/grevy.art\/en\/wp-json\/wp\/v2\/material?post=671"},{"taxonomy":"motiv","embeddable":true,"href":"https:\/\/grevy.art\/en\/wp-json\/wp\/v2\/motiv?post=671"},{"taxonomy":"product_brand","embeddable":true,"href":"https:\/\/grevy.art\/en\/wp-json\/wp\/v2\/product_brand?post=671"},{"taxonomy":"product_cat","embeddable":true,"href":"https:\/\/grevy.art\/en\/wp-json\/wp\/v2\/product_cat?post=671"},{"taxonomy":"product_tag","embeddable":true,"href":"https:\/\/grevy.art\/en\/wp-json\/wp\/v2\/product_tag?post=671"}],"curies":[{"name":"wp","href":"https:\/\/api.w.org\/{rel}","templated":true}]}}