{"id":6714,"date":"2025-09-24T14:44:47","date_gmt":"2025-09-24T12:44:47","guid":{"rendered":"https:\/\/grevy.art\/?post_type=product&#038;p=6714"},"modified":"2025-09-24T14:54:27","modified_gmt":"2025-09-24T12:54:27","slug":"girl-playing-piano","status":"publish","type":"product","link":"https:\/\/grevy.art\/en\/kunstwerke\/painting\/girl-playing-piano\/","title":{"rendered":"GIRL PLAYING PIANO"},"content":{"rendered":"<p>Ein M\u00e4dchen spielt versonnen am Klavierfl\u00fcgel, ganz versunken in die Musik. Das Motiv strahlt eine wunderbare Ruhe aus, was durch die matt schimmernde Oberfl\u00e4che der Wachsbehandlung verst\u00e4rkt wird.<\/p>\n","protected":false},"excerpt":{"rendered":"<p>Tuschmalerei, Gouache, Wachsstifte auf Papiercollage, mit Wachs berarbeitet, aufgebracht auf Holzk\u00f6rper. Das Bild geh\u00f6rt zu einer losen Serie zum Thema Musik.<\/p>\n","protected":false},"featured_media":6715,"comment_status":"open","ping_status":"closed","template":"","meta":{"_acf_changed":false},"ausgestaltungen":[73],"farbigkeit":[200,67,254,343,60,192,65,66],"material":[238,219,237,230],"motiv":[174,179,181],"product_brand":[],"product_cat":[18,28],"product_tag":[],"class_list":{"0":"post-6714","1":"product","2":"type-product","3":"status-publish","4":"has-post-thumbnail","6":"ausgestaltungen-unikat","7":"farbigkeit-anthrazit","8":"farbigkeit-grau","9":"farbigkeit-grauweiss","10":"farbigkeit-gruenlich","11":"farbigkeit-hellgruen","12":"farbigkeit-pastell","13":"farbigkeit-schwarz","14":"farbigkeit-weiss","15":"material-gouache","16":"material-holz","17":"material-tusche","18":"material-wachs","19":"motiv-figurativ","20":"motiv-mensch","21":"motiv-portrait","22":"product_cat-malerei","23":"product_cat-mixedmedia","25":"first","26":"instock","27":"taxable","28":"shipping-taxable","29":"purchasable","30":"product-type-simple"},"acf":[],"aioseo_notices":[],"_links":{"self":[{"href":"https:\/\/grevy.art\/en\/wp-json\/wp\/v2\/product\/6714","targetHints":{"allow":["GET"]}}],"collection":[{"href":"https:\/\/grevy.art\/en\/wp-json\/wp\/v2\/product"}],"about":[{"href":"https:\/\/grevy.art\/en\/wp-json\/wp\/v2\/types\/product"}],"replies":[{"embeddable":true,"href":"https:\/\/grevy.art\/en\/wp-json\/wp\/v2\/comments?post=6714"}],"wp:featuredmedia":[{"embeddable":true,"href":"https:\/\/grevy.art\/en\/wp-json\/wp\/v2\/media\/6715"}],"wp:attachment":[{"href":"https:\/\/grevy.art\/en\/wp-json\/wp\/v2\/media?parent=6714"}],"wp:term":[{"taxonomy":"ausgestaltungen","embeddable":true,"href":"https:\/\/grevy.art\/en\/wp-json\/wp\/v2\/ausgestaltungen?post=6714"},{"taxonomy":"farbigkeit","embeddable":true,"href":"https:\/\/grevy.art\/en\/wp-json\/wp\/v2\/farbigkeit?post=6714"},{"taxonomy":"material","embeddable":true,"href":"https:\/\/grevy.art\/en\/wp-json\/wp\/v2\/material?post=6714"},{"taxonomy":"motiv","embeddable":true,"href":"https:\/\/grevy.art\/en\/wp-json\/wp\/v2\/motiv?post=6714"},{"taxonomy":"product_brand","embeddable":true,"href":"https:\/\/grevy.art\/en\/wp-json\/wp\/v2\/product_brand?post=6714"},{"taxonomy":"product_cat","embeddable":true,"href":"https:\/\/grevy.art\/en\/wp-json\/wp\/v2\/product_cat?post=6714"},{"taxonomy":"product_tag","embeddable":true,"href":"https:\/\/grevy.art\/en\/wp-json\/wp\/v2\/product_tag?post=6714"}],"curies":[{"name":"wp","href":"https:\/\/api.w.org\/{rel}","templated":true}]}}