{"id":6721,"date":"2025-09-24T14:54:55","date_gmt":"2025-09-24T12:54:55","guid":{"rendered":"https:\/\/grevy.art\/?post_type=product&#038;p=6721"},"modified":"2025-09-24T15:02:52","modified_gmt":"2025-09-24T13:02:52","slug":"flamenco","status":"publish","type":"product","link":"https:\/\/grevy.art\/en\/kunstwerke\/without\/flamenco\/","title":{"rendered":"FLAMENCO"},"content":{"rendered":"<p>Das Bild zeigt eine Flamencot\u00e4nzerin, die zur Seite schaut und in sich gekehrt tanzt. Es ist mit schwarzer Tusche auf einer Collage aus Kaharipapieren gemalt. Die abschlie\u00dfende Wachsschicht l\u00e4sst das Bild zart schimmern und man hat Lust, die Oberfl\u00e4che anzufassen.<\/p>\n","protected":false},"excerpt":{"rendered":"<p>Tuschmalerei, Gouache, Wachsstifte auf Papiercollage, mit Wachs berarbeitet, aufgebracht auf Holzk\u00f6rper.<\/p>\n","protected":false},"featured_media":6722,"comment_status":"open","ping_status":"closed","template":"","meta":{"_acf_changed":false},"ausgestaltungen":[73],"farbigkeit":[560,197,254,192,65,194,66],"material":[238,219,237,230],"motiv":[174,183,177,346],"product_brand":[],"product_cat":[16],"product_tag":[],"class_list":{"0":"post-6721","1":"product","2":"type-product","3":"status-publish","4":"has-post-thumbnail","6":"ausgestaltungen-unikat","7":"farbigkeit-beige","8":"farbigkeit-gedeckte-farben","9":"farbigkeit-grauweiss","10":"farbigkeit-pastell","11":"farbigkeit-schwarz","12":"farbigkeit-sepia","13":"farbigkeit-weiss","14":"material-gouache","15":"material-holz","16":"material-tusche","17":"material-wachs","18":"motiv-figurativ","19":"motiv-frau","20":"motiv-gegenstaendlich","21":"motiv-tanz","22":"product_cat-ohne","24":"first","25":"instock","26":"taxable","27":"shipping-taxable","28":"purchasable","29":"product-type-simple"},"acf":[],"aioseo_notices":[],"_links":{"self":[{"href":"https:\/\/grevy.art\/en\/wp-json\/wp\/v2\/product\/6721","targetHints":{"allow":["GET"]}}],"collection":[{"href":"https:\/\/grevy.art\/en\/wp-json\/wp\/v2\/product"}],"about":[{"href":"https:\/\/grevy.art\/en\/wp-json\/wp\/v2\/types\/product"}],"replies":[{"embeddable":true,"href":"https:\/\/grevy.art\/en\/wp-json\/wp\/v2\/comments?post=6721"}],"wp:featuredmedia":[{"embeddable":true,"href":"https:\/\/grevy.art\/en\/wp-json\/wp\/v2\/media\/6722"}],"wp:attachment":[{"href":"https:\/\/grevy.art\/en\/wp-json\/wp\/v2\/media?parent=6721"}],"wp:term":[{"taxonomy":"ausgestaltungen","embeddable":true,"href":"https:\/\/grevy.art\/en\/wp-json\/wp\/v2\/ausgestaltungen?post=6721"},{"taxonomy":"farbigkeit","embeddable":true,"href":"https:\/\/grevy.art\/en\/wp-json\/wp\/v2\/farbigkeit?post=6721"},{"taxonomy":"material","embeddable":true,"href":"https:\/\/grevy.art\/en\/wp-json\/wp\/v2\/material?post=6721"},{"taxonomy":"motiv","embeddable":true,"href":"https:\/\/grevy.art\/en\/wp-json\/wp\/v2\/motiv?post=6721"},{"taxonomy":"product_brand","embeddable":true,"href":"https:\/\/grevy.art\/en\/wp-json\/wp\/v2\/product_brand?post=6721"},{"taxonomy":"product_cat","embeddable":true,"href":"https:\/\/grevy.art\/en\/wp-json\/wp\/v2\/product_cat?post=6721"},{"taxonomy":"product_tag","embeddable":true,"href":"https:\/\/grevy.art\/en\/wp-json\/wp\/v2\/product_tag?post=6721"}],"curies":[{"name":"wp","href":"https:\/\/api.w.org\/{rel}","templated":true}]}}