{"id":674,"date":"2025-01-12T11:02:40","date_gmt":"2025-01-12T10:02:40","guid":{"rendered":"https:\/\/grevy.art\/?post_type=product&#038;p=674"},"modified":"2025-07-25T19:32:01","modified_gmt":"2025-07-25T17:32:01","slug":"1291-ohne-titel-acryl-auf-leinwand-90-x-126-x-75-cm","status":"publish","type":"product","link":"https:\/\/grevy.art\/en\/kunstwerke\/painting\/1291-ohne-titel-acryl-auf-leinwand-90-x-126-x-75-cm\/","title":{"rendered":"#1291 ohne Titel"},"content":{"rendered":"<p>Das Bild wirkt mit seinen leuchtenden Farben sehr warm und einladend. Die vielf\u00e4ltig gestuften Gr\u00fcnt\u00f6ne wirken auf angenehme Weise lebhaft. Die gelben Formen sind locker gruppiert und geordnet. Sie spiegeln auf verspielte Weise die diagonalen Bildachsen. Auch wenn uns das Ganze an eine Szene aus der Natur erinnert, das Braun rechts vielleicht sogar an Baumrinde, so bleibt die gegenst\u00e4ndliche Zuordnung des Gesehenen doch offen. Das Bild bleibt in der Schwebe zwischen einer gegenst\u00e4ndlichen und einer ungegenst\u00e4ndlichen Betrachtungsweise und macht uns damit auf seine spezielle Weise darauf aufmerksam, wie unser Sehen die Wirklichkeit wahrnimmt und unser Kopf auf Deutung des Gesehenen aus ist.<\/p>\n<p>Dies wird durch die spezielle Gestaltungsweise des Werks nochmals unterstrichen: die Aufteilung der Bildfl\u00e4chen bremst unser Vorgehen, mit dem Auge etwas ganzheitlich erfassen zu wollen und dann schnell zum n\u00e4chsten Objekt weiterzugehen. Der Sprung \u201e\u00fcber die L\u00fccke hinweg\u201c und das Zusammensetzen des punktuell Gesehene ist ein Kernprozess unserer Wahrnehmung. Dies wird nochmals auf eine andere Eben gebracht, indem die Arbeit auf besondere Keilrahmen umgesetzt ist. Die fast 8 cm breiten Seiten sind ebenfalls bemalt und f\u00fchren die Motive weiter. So kann man von allen Seiten auf das Bild schauen und sehen, wie es sich so ver\u00e4ndert und unser Sehen sich anpasst. Das aktive Sehen bimndet den Betrachter ein und die Kunst f\u00fchrt zu einer Interaktion.<\/p>\n<p>Die typische Gestaltungsweise des K\u00fcnstlers, seine Bilder in mehreren Fl\u00e4chen auf Abstand zueinander zu gestalten (der englische Begriff des \u201emultipanel paintings\u201c trifft das Vorgehen gut) findet sich auch hier wieder. So entstehen in seinen Bildern immer wieder ungew\u00f6hnliche und spannende Kompositionen.<\/p>\n","protected":false},"excerpt":{"rendered":"<p>Kleine gelbe, kompakte Formen sind auf einem \u00fcberwiegend gr\u00fcnen Untergrund angeordnet. Es wirkt wie eine Fl\u00e4che in der Natur, vielleicht eine Wiese oder etwas Moosbewachsenes. Rechts unten schlie\u00dft eine br\u00e4unliche Form das Bildgeschehen optisch ab.<\/p>\n","protected":false},"featured_media":675,"comment_status":"open","ping_status":"closed","template":"","meta":{"_acf_changed":false},"ausgestaltungen":[73],"farbigkeit":[68,58,247,59],"material":[212,217],"motiv":[173,177,184],"product_brand":[],"product_cat":[18],"product_tag":[140,375,144,142,340],"class_list":{"0":"post-674","1":"product","2":"type-product","3":"status-publish","4":"has-post-thumbnail","6":"ausgestaltungen-unikat","7":"farbigkeit-braun","8":"farbigkeit-gelb","9":"farbigkeit-goldgelb","10":"farbigkeit-gruen","11":"material-acryl","12":"material-leinwand","13":"motiv-abstrakt","14":"motiv-gegenstaendlich","15":"motiv-landschaft","16":"product_cat-malerei","17":"product_tag-natur","18":"product_tag-romantisch","19":"product_tag-stille","20":"product_tag-waldstueck","21":"product_tag-warm","23":"first","24":"instock","25":"featured","26":"taxable","27":"shipping-taxable","28":"purchasable","29":"product-type-simple"},"acf":[],"aioseo_notices":[],"_links":{"self":[{"href":"https:\/\/grevy.art\/en\/wp-json\/wp\/v2\/product\/674","targetHints":{"allow":["GET"]}}],"collection":[{"href":"https:\/\/grevy.art\/en\/wp-json\/wp\/v2\/product"}],"about":[{"href":"https:\/\/grevy.art\/en\/wp-json\/wp\/v2\/types\/product"}],"replies":[{"embeddable":true,"href":"https:\/\/grevy.art\/en\/wp-json\/wp\/v2\/comments?post=674"}],"wp:featuredmedia":[{"embeddable":true,"href":"https:\/\/grevy.art\/en\/wp-json\/wp\/v2\/media\/675"}],"wp:attachment":[{"href":"https:\/\/grevy.art\/en\/wp-json\/wp\/v2\/media?parent=674"}],"wp:term":[{"taxonomy":"ausgestaltungen","embeddable":true,"href":"https:\/\/grevy.art\/en\/wp-json\/wp\/v2\/ausgestaltungen?post=674"},{"taxonomy":"farbigkeit","embeddable":true,"href":"https:\/\/grevy.art\/en\/wp-json\/wp\/v2\/farbigkeit?post=674"},{"taxonomy":"material","embeddable":true,"href":"https:\/\/grevy.art\/en\/wp-json\/wp\/v2\/material?post=674"},{"taxonomy":"motiv","embeddable":true,"href":"https:\/\/grevy.art\/en\/wp-json\/wp\/v2\/motiv?post=674"},{"taxonomy":"product_brand","embeddable":true,"href":"https:\/\/grevy.art\/en\/wp-json\/wp\/v2\/product_brand?post=674"},{"taxonomy":"product_cat","embeddable":true,"href":"https:\/\/grevy.art\/en\/wp-json\/wp\/v2\/product_cat?post=674"},{"taxonomy":"product_tag","embeddable":true,"href":"https:\/\/grevy.art\/en\/wp-json\/wp\/v2\/product_tag?post=674"}],"curies":[{"name":"wp","href":"https:\/\/api.w.org\/{rel}","templated":true}]}}