{"id":677,"date":"2025-01-12T10:23:55","date_gmt":"2025-01-12T10:23:55","guid":{"rendered":"https:\/\/grevy.art\/?post_type=product&#038;p=677"},"modified":"2025-07-25T19:31:10","modified_gmt":"2025-07-25T17:31:10","slug":"1281-ohne-titel-120-x-168-x-75-cm-acryl-auf-leinwand","status":"publish","type":"product","link":"https:\/\/grevy.art\/en\/kunstwerke\/painting\/1281-ohne-titel-120-x-168-x-75-cm-acryl-auf-leinwand\/","title":{"rendered":"#1281 ohne Titel (helle Landschaft)"},"content":{"rendered":"<p>In lockeren hellen Farben entwickelt sich beim Betrachten eine Vorstellung eines vielleicht sommerhaft warmen, leicht windigen Tags in einer weiten Landschaft. Die skizzenhafte Malweise wirkt lebhaft und kontrastiert mit dem eigentlich stillen Motiv. So bleibt sie auf der Grenze zwischen einer frei gesetzten Farbigkeit und einer Naturschilderung.<\/p>\n<p>Durch die Art der Arbeit entsteht ein Dialog zwischen dem &#8220;Blick in ein Bildfenster&#8221;, zu dem die Arbeit einl\u00e4dt, und dem Bewusstsein einer plastischen Form auf der Wand. Damit wird das k\u00fcnstlerische Leitthema, wie unser Kopf Informationen ordnet und deutet, auf eine besondere Weise umgesetzt: Das Werk bezieht den Betrachter selbst ein, denn die breiten Seitenfl\u00e4chen der Leinw\u00e4nde (7,5, cm) sind gleichfalls malerisch bearbeitet. Dies l\u00e4dt uns ein, intuitiv das Werk von verschiedenen Seiten zu sehen und zu schauen, wie sich die Wahrnehmung in unserem Kopf zusammensetzt. Der Prozess des Betrachtens wird Teil der k\u00fcnstlerischen Arbeit, ein Element der typischen Handschrift des K\u00fcnstlers.<\/p>\n","protected":false},"excerpt":{"rendered":"<p>Skizzenhaft bewegte Farbfl\u00e4chen gliedern das dreiteilige Bild und rufen Gedanken an einen warmen Sommertag wach.\u00a0 Die Abstraktion befreit die Farbe und unterstreicht die Bewegung der Komposition.<\/p>\n<p>Eine Besonderheit stellen die seitlich bemalten Leinw\u00e4nde (7,5 cm) dar. Sie verleihen der Arbeit etwas K\u00f6rperhaftes und bieten je nach Betrachterperspektive unterschiedliche Sichtweisen auf das Motiv.<\/p>\n","protected":false},"featured_media":678,"comment_status":"open","ping_status":"closed","template":"","meta":{"_acf_changed":false},"ausgestaltungen":[73],"farbigkeit":[57,195,60,192,62,66],"material":[212,217],"motiv":[173,177,184],"product_brand":[],"product_cat":[18],"product_tag":[312,249,311,138,147,140,144,245,313],"class_list":{"0":"post-677","1":"product","2":"type-product","3":"status-publish","4":"has-post-thumbnail","6":"ausgestaltungen-unikat","7":"farbigkeit-blau","8":"farbigkeit-hell","9":"farbigkeit-hellgruen","10":"farbigkeit-pastell","11":"farbigkeit-rot","12":"farbigkeit-weiss","13":"material-acryl","14":"material-leinwand","15":"motiv-abstrakt","16":"motiv-gegenstaendlich","17":"motiv-landschaft","18":"product_cat-malerei","19":"product_tag-abstrakt","20":"product_tag-dynamik","21":"product_tag-expressiv","22":"product_tag-himmel","23":"product_tag-licht","24":"product_tag-natur","25":"product_tag-stille","26":"product_tag-strukturen","27":"product_tag-wind","29":"first","30":"instock","31":"taxable","32":"shipping-taxable","33":"purchasable","34":"product-type-simple"},"acf":[],"aioseo_notices":[],"_links":{"self":[{"href":"https:\/\/grevy.art\/en\/wp-json\/wp\/v2\/product\/677","targetHints":{"allow":["GET"]}}],"collection":[{"href":"https:\/\/grevy.art\/en\/wp-json\/wp\/v2\/product"}],"about":[{"href":"https:\/\/grevy.art\/en\/wp-json\/wp\/v2\/types\/product"}],"replies":[{"embeddable":true,"href":"https:\/\/grevy.art\/en\/wp-json\/wp\/v2\/comments?post=677"}],"wp:featuredmedia":[{"embeddable":true,"href":"https:\/\/grevy.art\/en\/wp-json\/wp\/v2\/media\/678"}],"wp:attachment":[{"href":"https:\/\/grevy.art\/en\/wp-json\/wp\/v2\/media?parent=677"}],"wp:term":[{"taxonomy":"ausgestaltungen","embeddable":true,"href":"https:\/\/grevy.art\/en\/wp-json\/wp\/v2\/ausgestaltungen?post=677"},{"taxonomy":"farbigkeit","embeddable":true,"href":"https:\/\/grevy.art\/en\/wp-json\/wp\/v2\/farbigkeit?post=677"},{"taxonomy":"material","embeddable":true,"href":"https:\/\/grevy.art\/en\/wp-json\/wp\/v2\/material?post=677"},{"taxonomy":"motiv","embeddable":true,"href":"https:\/\/grevy.art\/en\/wp-json\/wp\/v2\/motiv?post=677"},{"taxonomy":"product_brand","embeddable":true,"href":"https:\/\/grevy.art\/en\/wp-json\/wp\/v2\/product_brand?post=677"},{"taxonomy":"product_cat","embeddable":true,"href":"https:\/\/grevy.art\/en\/wp-json\/wp\/v2\/product_cat?post=677"},{"taxonomy":"product_tag","embeddable":true,"href":"https:\/\/grevy.art\/en\/wp-json\/wp\/v2\/product_tag?post=677"}],"curies":[{"name":"wp","href":"https:\/\/api.w.org\/{rel}","templated":true}]}}