{"id":680,"date":"2025-01-12T10:41:23","date_gmt":"2025-01-12T10:41:23","guid":{"rendered":"https:\/\/grevy.art\/?post_type=product&#038;p=680"},"modified":"2026-02-28T16:46:43","modified_gmt":"2026-02-28T15:46:43","slug":"963-ohne-titel-acryl-auf-karton-70-x-50-cm","status":"publish","type":"product","link":"https:\/\/grevy.art\/en\/kunstwerke\/painting\/963-ohne-titel-acryl-auf-karton-70-x-50-cm\/","title":{"rendered":"#963 ohne Titel"},"content":{"rendered":"<p>Vielleicht denken wir an Sonnenschein in einer Gebirgslandschaft oder etwas \u00c4hnliches, wenn wir das Bild sehen. Unser Blick tastet ab, verbindet die Informationen, die der K\u00fcnstler in seiner typischen Handschrift auf die verschiedenen Bildfl\u00e4chen verteilt hat und wir \u00fcberpr\u00fcfen die Vorstellungen und Deutungen, die uns in den Sinn kommen. Der Vorgang des Betrachtens und Deutens steht im Vordergrund und das Bild ist eine Einladung, sich auf den Weg zu begeben. Im kleinen Format thematisiert die Arbeit das, was der K\u00fcnstler sich zum Kern seiner Arbeit gemacht hat: den Prozess, des Sehen, des Deutens und der Frage nach Erkenntnis.<\/p>\n","protected":false},"excerpt":{"rendered":"<p>Farben und Strukturen erinnern vielleicht an eine Situation im Gebirge. Die gelben Fl\u00e4chen geben nicht preis, ob dies Wolken, B\u00e4ume oder etwas anderes sein k\u00f6nnte. Unser Auge wandert und macht Entdeckungen in der stillen Szene.<\/p>\n","protected":false},"featured_media":683,"comment_status":"open","ping_status":"closed","template":"","meta":{"_acf_changed":false},"ausgestaltungen":[74],"farbigkeit":[57,58,67],"material":[212,218],"motiv":[173,186,177,184],"product_brand":[],"product_cat":[18],"product_tag":[146,249,256,311,147,140,143],"class_list":{"0":"post-680","1":"product","2":"type-product","3":"status-publish","4":"has-post-thumbnail","6":"ausgestaltungen-original","7":"farbigkeit-blau","8":"farbigkeit-gelb","9":"farbigkeit-grau","10":"material-acryl","11":"material-papier","12":"motiv-abstrakt","13":"motiv-elemente","14":"motiv-gegenstaendlich","15":"motiv-landschaft","16":"product_cat-malerei","17":"product_tag-berge","18":"product_tag-dynamik","19":"product_tag-einsamkeit","20":"product_tag-expressiv","21":"product_tag-licht","22":"product_tag-natur","23":"product_tag-sonne","25":"first","26":"instock","27":"taxable","28":"shipping-taxable","29":"purchasable","30":"product-type-simple"},"acf":[],"aioseo_notices":[],"_links":{"self":[{"href":"https:\/\/grevy.art\/en\/wp-json\/wp\/v2\/product\/680","targetHints":{"allow":["GET"]}}],"collection":[{"href":"https:\/\/grevy.art\/en\/wp-json\/wp\/v2\/product"}],"about":[{"href":"https:\/\/grevy.art\/en\/wp-json\/wp\/v2\/types\/product"}],"replies":[{"embeddable":true,"href":"https:\/\/grevy.art\/en\/wp-json\/wp\/v2\/comments?post=680"}],"wp:featuredmedia":[{"embeddable":true,"href":"https:\/\/grevy.art\/en\/wp-json\/wp\/v2\/media\/683"}],"wp:attachment":[{"href":"https:\/\/grevy.art\/en\/wp-json\/wp\/v2\/media?parent=680"}],"wp:term":[{"taxonomy":"ausgestaltungen","embeddable":true,"href":"https:\/\/grevy.art\/en\/wp-json\/wp\/v2\/ausgestaltungen?post=680"},{"taxonomy":"farbigkeit","embeddable":true,"href":"https:\/\/grevy.art\/en\/wp-json\/wp\/v2\/farbigkeit?post=680"},{"taxonomy":"material","embeddable":true,"href":"https:\/\/grevy.art\/en\/wp-json\/wp\/v2\/material?post=680"},{"taxonomy":"motiv","embeddable":true,"href":"https:\/\/grevy.art\/en\/wp-json\/wp\/v2\/motiv?post=680"},{"taxonomy":"product_brand","embeddable":true,"href":"https:\/\/grevy.art\/en\/wp-json\/wp\/v2\/product_brand?post=680"},{"taxonomy":"product_cat","embeddable":true,"href":"https:\/\/grevy.art\/en\/wp-json\/wp\/v2\/product_cat?post=680"},{"taxonomy":"product_tag","embeddable":true,"href":"https:\/\/grevy.art\/en\/wp-json\/wp\/v2\/product_tag?post=680"}],"curies":[{"name":"wp","href":"https:\/\/api.w.org\/{rel}","templated":true}]}}