{"id":6901,"date":"2025-10-03T07:58:53","date_gmt":"2025-10-03T05:58:53","guid":{"rendered":"https:\/\/grevy.art\/?post_type=product&#038;p=6901"},"modified":"2025-10-04T16:06:16","modified_gmt":"2025-10-04T14:06:16","slug":"dreaming-3","status":"publish","type":"product","link":"https:\/\/grevy.art\/en\/kunstwerke\/painting\/dreaming-3\/","title":{"rendered":"dreaming"},"content":{"rendered":"<p>Das Bild mit dem Titel \u201eDreaming\u201c,2023, thematisiert den Zustand des Tr\u00e4umens \u2013 einen<br \/>\nZwischenraum zwischen Realit\u00e4t und Fantasie. H\u00e4ufig zeigen solche Darstellungen eine Person, die<br \/>\nmit geschlossenen Augen, in entspannter Haltung oder schwebend in einem surrealen Raum<br \/>\ndargestellt ist. Traumhafte Elemente wie Wolken, Sterne, fantastische Landschaften oder surreale<br \/>\nVerzerrungen deuten darauf hin, dass der dargestellte Moment nicht der realen Welt entspringt,<br \/>\nsondern dem Inneren eines tr\u00e4umenden Geistes.<br \/>\nTr\u00e4umen steht symbolisch f\u00fcr W\u00fcnsche, Sehns\u00fcchte, Flucht aus dem Alltag, aber auch f\u00fcr \u00c4ngste<br \/>\noder unterbewusste Gedanken. Das Bild l\u00e4dt den Betrachter dazu ein, sich in diese andere<br \/>\nWirklichkeit hineinzuversetzen \u2013 eine Welt, in der physikalische Gesetze aufgehoben und Grenzen<br \/>\nverschoben sind. Es stellt infrage, was Realit\u00e4t und was Fiktion ist.<br \/>\nForm und Stil:<br \/>\nOft wird mit weichen Farben, flie\u00dfenden \u00dcberg\u00e4ngen und surrealistischen Elementen gearbeitet, um<br \/>\nden Eindruck von Traumhaftigkeit zu verst\u00e4rken. Die Bildkomposition wirkt oft harmonisch und<br \/>\nruhig, wodurch sich der meditative Charakter des Tr\u00e4umens zeigt.<\/p>\n","protected":false},"excerpt":{"rendered":"<p>Das Bild mit dem Titel \u201eDreaming\u201c,2023, thematisiert den Zustand des Tr\u00e4umens \u2013 einen<br \/>\nZwischenraum zwischen Realit\u00e4t und Fantasie.<\/p>\n","protected":false},"featured_media":6903,"comment_status":"closed","ping_status":"closed","template":"","meta":{"_acf_changed":false},"ausgestaltungen":[],"farbigkeit":[],"material":[],"motiv":[],"product_brand":[],"product_cat":[18],"product_tag":[],"class_list":{"0":"post-6901","1":"product","2":"type-product","3":"status-publish","4":"has-post-thumbnail","6":"product_cat-malerei","8":"first","9":"instock","10":"taxable","11":"shipping-taxable","12":"purchasable","13":"product-type-simple"},"acf":[],"aioseo_notices":[],"_links":{"self":[{"href":"https:\/\/grevy.art\/en\/wp-json\/wp\/v2\/product\/6901","targetHints":{"allow":["GET"]}}],"collection":[{"href":"https:\/\/grevy.art\/en\/wp-json\/wp\/v2\/product"}],"about":[{"href":"https:\/\/grevy.art\/en\/wp-json\/wp\/v2\/types\/product"}],"replies":[{"embeddable":true,"href":"https:\/\/grevy.art\/en\/wp-json\/wp\/v2\/comments?post=6901"}],"wp:featuredmedia":[{"embeddable":true,"href":"https:\/\/grevy.art\/en\/wp-json\/wp\/v2\/media\/6903"}],"wp:attachment":[{"href":"https:\/\/grevy.art\/en\/wp-json\/wp\/v2\/media?parent=6901"}],"wp:term":[{"taxonomy":"ausgestaltungen","embeddable":true,"href":"https:\/\/grevy.art\/en\/wp-json\/wp\/v2\/ausgestaltungen?post=6901"},{"taxonomy":"farbigkeit","embeddable":true,"href":"https:\/\/grevy.art\/en\/wp-json\/wp\/v2\/farbigkeit?post=6901"},{"taxonomy":"material","embeddable":true,"href":"https:\/\/grevy.art\/en\/wp-json\/wp\/v2\/material?post=6901"},{"taxonomy":"motiv","embeddable":true,"href":"https:\/\/grevy.art\/en\/wp-json\/wp\/v2\/motiv?post=6901"},{"taxonomy":"product_brand","embeddable":true,"href":"https:\/\/grevy.art\/en\/wp-json\/wp\/v2\/product_brand?post=6901"},{"taxonomy":"product_cat","embeddable":true,"href":"https:\/\/grevy.art\/en\/wp-json\/wp\/v2\/product_cat?post=6901"},{"taxonomy":"product_tag","embeddable":true,"href":"https:\/\/grevy.art\/en\/wp-json\/wp\/v2\/product_tag?post=6901"}],"curies":[{"name":"wp","href":"https:\/\/api.w.org\/{rel}","templated":true}]}}