{"id":7311,"date":"2025-11-17T11:01:00","date_gmt":"2025-11-17T10:01:00","guid":{"rendered":"https:\/\/grevy.art\/?post_type=product&#038;p=7311"},"modified":"2026-03-17T21:08:17","modified_gmt":"2026-03-17T20:08:17","slug":"headhunter","status":"publish","type":"product","link":"https:\/\/grevy.art\/en\/kunstwerke\/painting\/headhunter\/","title":{"rendered":"Headhunter (2025)"},"content":{"rendered":"<p>Wo kein Haupt, da kein Kopfgeld!<\/p>\n<p>&#8220;Headhunter&#8221; spielt mit starken Formen und Farbfl\u00e4chen, manch einer mag sich bei den beiden sitzenden Figuren an die Vogel-Strau\u00df-Taktik erinnert f\u00fchlen &#8211;<\/p>\n<p>hoffen wir, dass die zwei damit Erfolg haben. Sie scheinen jedenfalls ruhig und gelassen.<\/p>\n","protected":false},"excerpt":{"rendered":"<p>Acryl und Wachs auf Holzwerkstoff<\/p>\n","protected":false},"featured_media":7312,"comment_status":"open","ping_status":"closed","template":"","meta":{"_acf_changed":false},"ausgestaltungen":[73],"farbigkeit":[57,388,573,62,65,66],"material":[212,219,230],"motiv":[338,174,179],"product_brand":[],"product_cat":[18],"product_tag":[133,253,242,229],"class_list":{"0":"post-7311","1":"product","2":"type-product","3":"status-publish","4":"has-post-thumbnail","6":"ausgestaltungen-unikat","7":"farbigkeit-blau","8":"farbigkeit-blautuerkis","9":"farbigkeit-rost","10":"farbigkeit-rot","11":"farbigkeit-schwarz","12":"farbigkeit-weiss","13":"material-acryl","14":"material-holz","15":"material-wachs","16":"motiv-farbflaechen","17":"motiv-figurativ","18":"motiv-mensch","19":"product_cat-malerei","20":"product_tag-acrylmalerei","21":"product_tag-farbflaechen","22":"product_tag-figuren","23":"product_tag-storytelling","25":"first","26":"instock","27":"sold-individually","28":"shipping-taxable","29":"purchasable","30":"product-type-simple"},"acf":[],"aioseo_notices":[],"_links":{"self":[{"href":"https:\/\/grevy.art\/en\/wp-json\/wp\/v2\/product\/7311","targetHints":{"allow":["GET"]}}],"collection":[{"href":"https:\/\/grevy.art\/en\/wp-json\/wp\/v2\/product"}],"about":[{"href":"https:\/\/grevy.art\/en\/wp-json\/wp\/v2\/types\/product"}],"replies":[{"embeddable":true,"href":"https:\/\/grevy.art\/en\/wp-json\/wp\/v2\/comments?post=7311"}],"wp:featuredmedia":[{"embeddable":true,"href":"https:\/\/grevy.art\/en\/wp-json\/wp\/v2\/media\/7312"}],"wp:attachment":[{"href":"https:\/\/grevy.art\/en\/wp-json\/wp\/v2\/media?parent=7311"}],"wp:term":[{"taxonomy":"ausgestaltungen","embeddable":true,"href":"https:\/\/grevy.art\/en\/wp-json\/wp\/v2\/ausgestaltungen?post=7311"},{"taxonomy":"farbigkeit","embeddable":true,"href":"https:\/\/grevy.art\/en\/wp-json\/wp\/v2\/farbigkeit?post=7311"},{"taxonomy":"material","embeddable":true,"href":"https:\/\/grevy.art\/en\/wp-json\/wp\/v2\/material?post=7311"},{"taxonomy":"motiv","embeddable":true,"href":"https:\/\/grevy.art\/en\/wp-json\/wp\/v2\/motiv?post=7311"},{"taxonomy":"product_brand","embeddable":true,"href":"https:\/\/grevy.art\/en\/wp-json\/wp\/v2\/product_brand?post=7311"},{"taxonomy":"product_cat","embeddable":true,"href":"https:\/\/grevy.art\/en\/wp-json\/wp\/v2\/product_cat?post=7311"},{"taxonomy":"product_tag","embeddable":true,"href":"https:\/\/grevy.art\/en\/wp-json\/wp\/v2\/product_tag?post=7311"}],"curies":[{"name":"wp","href":"https:\/\/api.w.org\/{rel}","templated":true}]}}