{"id":7327,"date":"2025-11-19T13:04:33","date_gmt":"2025-11-19T12:04:33","guid":{"rendered":"https:\/\/grevy.art\/?post_type=product&#038;p=7327"},"modified":"2026-04-07T19:14:49","modified_gmt":"2026-04-07T17:14:49","slug":"dienstags-im-farbrausch","status":"publish","type":"product","link":"https:\/\/grevy.art\/en\/kunstwerke\/painting\/dienstags-im-farbrausch\/","title":{"rendered":"dienstags im Farbrausch"},"content":{"rendered":"<p>Im Zusammenspiel mit den typischen Merkmalen eines Parkettmusters &#8211; Nut und Feder &#8211; und der durchschimmernden Tapete ergibt sich eine spannungsvolles, leicht ironisches Werk: polygonale, kantige Formen kontrastieren mit den dynamischen Bewegungen der V\u00f6gel. Ein Flug in entgegengesetzte Richtungen, knapp \u00fcber dem Boden, fast unter dem Radar. Der bewusst raue, vielschichtige Hintergrund unterst\u00fctzt die atmosph\u00e4rische Tiefe.<\/p>\n","protected":false},"excerpt":{"rendered":"<p>Acryl auf Tapete und Parkettmuster<\/p>\n","protected":false},"featured_media":7328,"comment_status":"open","ping_status":"closed","template":"","meta":{"_acf_changed":false},"ausgestaltungen":[73],"farbigkeit":[388,191,59,572,62,65,66],"material":[212,219,598,230],"motiv":[174,599],"product_brand":[],"product_cat":[18,28],"product_tag":[452,600,229],"class_list":{"0":"post-7327","1":"product","2":"type-product","3":"status-publish","4":"has-post-thumbnail","6":"ausgestaltungen-unikat","7":"farbigkeit-blautuerkis","8":"farbigkeit-farbig","9":"farbigkeit-gruen","10":"farbigkeit-pink","11":"farbigkeit-rot","12":"farbigkeit-schwarz","13":"farbigkeit-weiss","14":"material-acryl","15":"material-holz","16":"material-tapete","17":"material-wachs","18":"motiv-figurativ","19":"motiv-voegel","20":"product_cat-malerei","21":"product_cat-mixedmedia","22":"product_tag-abstrakte-formen","23":"product_tag-figurative-malerei","24":"product_tag-storytelling","26":"first","27":"instock","28":"sold-individually","29":"shipping-taxable","30":"purchasable","31":"product-type-simple"},"acf":[],"aioseo_notices":[],"_links":{"self":[{"href":"https:\/\/grevy.art\/en\/wp-json\/wp\/v2\/product\/7327","targetHints":{"allow":["GET"]}}],"collection":[{"href":"https:\/\/grevy.art\/en\/wp-json\/wp\/v2\/product"}],"about":[{"href":"https:\/\/grevy.art\/en\/wp-json\/wp\/v2\/types\/product"}],"replies":[{"embeddable":true,"href":"https:\/\/grevy.art\/en\/wp-json\/wp\/v2\/comments?post=7327"}],"wp:featuredmedia":[{"embeddable":true,"href":"https:\/\/grevy.art\/en\/wp-json\/wp\/v2\/media\/7328"}],"wp:attachment":[{"href":"https:\/\/grevy.art\/en\/wp-json\/wp\/v2\/media?parent=7327"}],"wp:term":[{"taxonomy":"ausgestaltungen","embeddable":true,"href":"https:\/\/grevy.art\/en\/wp-json\/wp\/v2\/ausgestaltungen?post=7327"},{"taxonomy":"farbigkeit","embeddable":true,"href":"https:\/\/grevy.art\/en\/wp-json\/wp\/v2\/farbigkeit?post=7327"},{"taxonomy":"material","embeddable":true,"href":"https:\/\/grevy.art\/en\/wp-json\/wp\/v2\/material?post=7327"},{"taxonomy":"motiv","embeddable":true,"href":"https:\/\/grevy.art\/en\/wp-json\/wp\/v2\/motiv?post=7327"},{"taxonomy":"product_brand","embeddable":true,"href":"https:\/\/grevy.art\/en\/wp-json\/wp\/v2\/product_brand?post=7327"},{"taxonomy":"product_cat","embeddable":true,"href":"https:\/\/grevy.art\/en\/wp-json\/wp\/v2\/product_cat?post=7327"},{"taxonomy":"product_tag","embeddable":true,"href":"https:\/\/grevy.art\/en\/wp-json\/wp\/v2\/product_tag?post=7327"}],"curies":[{"name":"wp","href":"https:\/\/api.w.org\/{rel}","templated":true}]}}