{"id":7487,"date":"2025-12-08T22:10:31","date_gmt":"2025-12-08T21:10:31","guid":{"rendered":"https:\/\/grevy.art\/?post_type=product&#038;p=7487"},"modified":"2026-03-08T14:56:17","modified_gmt":"2026-03-08T13:56:17","slug":"fuersorge","status":"publish","type":"product","link":"https:\/\/grevy.art\/en\/kunstwerke\/painting\/fuersorge\/","title":{"rendered":"F\u00fcrsorge"},"content":{"rendered":"<p><i>F\u00fcrsorge<\/i> entfaltet eine stille Erz\u00e4hlung von Schutz und Verbundenheit. Zwei kleinere Figuren sitzen im unteren Bildbereich, w\u00e4hrend eine gr\u00f6\u00dfere Gestalt sich dar\u00fcber w\u00f6lbt und sie in eine sanfte, farbige Bewegung einh\u00fcllt. Die \u00fcberlagernden Formen und transparenten Farbschichten lassen N\u00e4he und Entwicklung sichtbar werden, als w\u00fcrde etwas Inneres nach au\u00dfen treten. Im Malprozess hat sich das Motiv immer weiter verwandelt \u2013 wie Menschen, die sich \u00e4ndern und dennoch ihrem Kern treu bleiben. <i>F\u00fcrsorge<\/i> verweist auf das behutsame Gleichgewicht zwischen St\u00e4rke und Bed\u00fcrftigkeit und auf die M\u00f6glichkeit, in Beziehung zu wachsen.<\/p>\n","protected":false},"excerpt":{"rendered":"<p><i>F\u00fcrsorge<\/i> zeigt eine gr\u00f6\u00dfere Figur, die zwei kleinere Wesen behutsam umschlie\u00dft. Die geschwungenen Formen und leuchtenden Farben erzeugen einen Eindruck von W\u00e4rme, N\u00e4he und Schutz. Das Bild erz\u00e4hlt von der Kraft einer Beziehung, die tr\u00e4gt \u2013 und vom Vertrauen, das im Raum zwischen Menschen entsteht.<\/p>\n","protected":false},"featured_media":7488,"comment_status":"open","ping_status":"closed","template":"","meta":{"_acf_changed":false},"ausgestaltungen":[74],"farbigkeit":[191],"material":[211],"motiv":[173],"product_brand":[],"product_cat":[18],"product_tag":[585,634],"class_list":{"0":"post-7487","1":"product","2":"type-product","3":"status-publish","4":"has-post-thumbnail","6":"ausgestaltungen-original","7":"farbigkeit-farbig","8":"material-oelfarbe","9":"motiv-abstrakt","10":"product_cat-malerei","11":"product_tag-oelmalerei","12":"product_tag-wir","14":"first","15":"instock","16":"taxable","17":"shipping-taxable","18":"purchasable","19":"product-type-simple"},"acf":[],"aioseo_notices":[],"_links":{"self":[{"href":"https:\/\/grevy.art\/en\/wp-json\/wp\/v2\/product\/7487","targetHints":{"allow":["GET"]}}],"collection":[{"href":"https:\/\/grevy.art\/en\/wp-json\/wp\/v2\/product"}],"about":[{"href":"https:\/\/grevy.art\/en\/wp-json\/wp\/v2\/types\/product"}],"replies":[{"embeddable":true,"href":"https:\/\/grevy.art\/en\/wp-json\/wp\/v2\/comments?post=7487"}],"wp:featuredmedia":[{"embeddable":true,"href":"https:\/\/grevy.art\/en\/wp-json\/wp\/v2\/media\/7488"}],"wp:attachment":[{"href":"https:\/\/grevy.art\/en\/wp-json\/wp\/v2\/media?parent=7487"}],"wp:term":[{"taxonomy":"ausgestaltungen","embeddable":true,"href":"https:\/\/grevy.art\/en\/wp-json\/wp\/v2\/ausgestaltungen?post=7487"},{"taxonomy":"farbigkeit","embeddable":true,"href":"https:\/\/grevy.art\/en\/wp-json\/wp\/v2\/farbigkeit?post=7487"},{"taxonomy":"material","embeddable":true,"href":"https:\/\/grevy.art\/en\/wp-json\/wp\/v2\/material?post=7487"},{"taxonomy":"motiv","embeddable":true,"href":"https:\/\/grevy.art\/en\/wp-json\/wp\/v2\/motiv?post=7487"},{"taxonomy":"product_brand","embeddable":true,"href":"https:\/\/grevy.art\/en\/wp-json\/wp\/v2\/product_brand?post=7487"},{"taxonomy":"product_cat","embeddable":true,"href":"https:\/\/grevy.art\/en\/wp-json\/wp\/v2\/product_cat?post=7487"},{"taxonomy":"product_tag","embeddable":true,"href":"https:\/\/grevy.art\/en\/wp-json\/wp\/v2\/product_tag?post=7487"}],"curies":[{"name":"wp","href":"https:\/\/api.w.org\/{rel}","templated":true}]}}