{"id":7502,"date":"2025-12-08T23:00:20","date_gmt":"2025-12-08T22:00:20","guid":{"rendered":"https:\/\/grevy.art\/?post_type=product&#038;p=7502"},"modified":"2026-04-25T09:34:43","modified_gmt":"2026-04-25T07:34:43","slug":"social-geometry-iii-who-is-the-queen","status":"publish","type":"product","link":"https:\/\/grevy.art\/en\/kunstwerke\/painting\/social-geometry-iii-who-is-the-queen\/","title":{"rendered":"Social Geometry III: Who is the Queen?"},"content":{"rendered":"<p><i>Social Geometry III: Who is the Queen?<\/i> versammelt mehrere Figuren, die dicht nebeneinanderstehen wie auf einer B\u00fchne gesellschaftlicher Erwartungen. Eine blaue Gestalt tr\u00e4gt zwar eine Krone, doch ihre Umgebung wirkt ebenso selbstbewusst, aufmerksam, ambitioniert. Kreise, H\u00e4nde und rhythmische Wiederholungen erzeugen ein Geflecht aus Blicken, Begehren und m\u00f6glichen Machtpositionen. Die Komposition stellt keine eindeutige Hierarchie her, sondern macht sichtbar, wie Rollen entstehen: durch Zuschreibungen, durch Gesten, durch Wahrnehmung. In dieser Vielstimmigkeit liegt die Spannung des Bildes \u2013 die Frage nach der \u201eQueen\u201c bleibt offen und wird zur Einladung, eigene Ma\u00dfst\u00e4be zu hinterfragen.<\/p>\n","protected":false},"excerpt":{"rendered":"<p><i>Social Geometry III:Who is the Queen?<\/i> stellt eine Gruppe farbiger Figuren ins Zentrum eines stillen Wettbewerbs. Eine Form tr\u00e4gt eine Krone, doch die Aufmerksamkeit verteilt sich vielschichtig. Das Bild spielt mit Pr\u00e4senz, Eitelkeit und Rollen \u2013 und mit der Frage, wer eigentlich bestimmt, wer hier \u201eK\u00f6nigin\u201c ist.<\/p>\n","protected":false},"featured_media":7503,"comment_status":"open","ping_status":"closed","template":"","meta":{"_acf_changed":false},"ausgestaltungen":[74],"farbigkeit":[191],"material":[211],"motiv":[173,174],"product_brand":[],"product_cat":[18],"product_tag":[683,662,611],"class_list":{"0":"post-7502","1":"product","2":"type-product","3":"status-publish","4":"has-post-thumbnail","6":"ausgestaltungen-original","7":"farbigkeit-farbig","8":"material-oelfarbe","9":"motiv-abstrakt","10":"motiv-figurativ","11":"product_cat-malerei","12":"product_tag-social-geometry","13":"product_tag-daf-2026-cgn","14":"product_tag-figurative-abstraktion","16":"first","17":"instock","18":"taxable","19":"shipping-taxable","20":"purchasable","21":"product-type-simple"},"acf":[],"aioseo_notices":[],"_links":{"self":[{"href":"https:\/\/grevy.art\/en\/wp-json\/wp\/v2\/product\/7502","targetHints":{"allow":["GET"]}}],"collection":[{"href":"https:\/\/grevy.art\/en\/wp-json\/wp\/v2\/product"}],"about":[{"href":"https:\/\/grevy.art\/en\/wp-json\/wp\/v2\/types\/product"}],"replies":[{"embeddable":true,"href":"https:\/\/grevy.art\/en\/wp-json\/wp\/v2\/comments?post=7502"}],"wp:featuredmedia":[{"embeddable":true,"href":"https:\/\/grevy.art\/en\/wp-json\/wp\/v2\/media\/7503"}],"wp:attachment":[{"href":"https:\/\/grevy.art\/en\/wp-json\/wp\/v2\/media?parent=7502"}],"wp:term":[{"taxonomy":"ausgestaltungen","embeddable":true,"href":"https:\/\/grevy.art\/en\/wp-json\/wp\/v2\/ausgestaltungen?post=7502"},{"taxonomy":"farbigkeit","embeddable":true,"href":"https:\/\/grevy.art\/en\/wp-json\/wp\/v2\/farbigkeit?post=7502"},{"taxonomy":"material","embeddable":true,"href":"https:\/\/grevy.art\/en\/wp-json\/wp\/v2\/material?post=7502"},{"taxonomy":"motiv","embeddable":true,"href":"https:\/\/grevy.art\/en\/wp-json\/wp\/v2\/motiv?post=7502"},{"taxonomy":"product_brand","embeddable":true,"href":"https:\/\/grevy.art\/en\/wp-json\/wp\/v2\/product_brand?post=7502"},{"taxonomy":"product_cat","embeddable":true,"href":"https:\/\/grevy.art\/en\/wp-json\/wp\/v2\/product_cat?post=7502"},{"taxonomy":"product_tag","embeddable":true,"href":"https:\/\/grevy.art\/en\/wp-json\/wp\/v2\/product_tag?post=7502"}],"curies":[{"name":"wp","href":"https:\/\/api.w.org\/{rel}","templated":true}]}}