{"id":7611,"date":"2025-12-17T17:50:10","date_gmt":"2025-12-17T16:50:10","guid":{"rendered":"https:\/\/grevy.art\/?post_type=product&#038;p=7611"},"modified":"2026-04-21T12:01:15","modified_gmt":"2026-04-21T10:01:15","slug":"globali_251","status":"publish","type":"product","link":"https:\/\/grevy.art\/en\/kunstwerke\/collagen-en\/globali_251\/","title":{"rendered":"globali_251"},"content":{"rendered":"","protected":false},"excerpt":{"rendered":"<p>Collage und Acryl auf Leinwand, Format 20&#215;20 cm. Integrierte Metallschlie\u00dfen von 2 Getr\u00e4nkedosen, Motiv Eisb\u00e4r aus Svalbard.<\/p>\n","protected":false},"featured_media":7616,"comment_status":"closed","ping_status":"closed","template":"","meta":{"_acf_changed":false},"ausgestaltungen":[74],"farbigkeit":[191,60,559],"material":[212,217],"motiv":[173],"product_brand":[],"product_cat":[201,28],"product_tag":[312,360,623],"class_list":{"0":"post-7611","1":"product","2":"type-product","3":"status-publish","4":"has-post-thumbnail","6":"ausgestaltungen-original","7":"farbigkeit-farbig","8":"farbigkeit-hellgruen","9":"farbigkeit-rot-farbig","10":"material-acryl","11":"material-leinwand","12":"motiv-abstrakt","13":"product_cat-collagen","14":"product_cat-mixedmedia","15":"product_tag-abstrakt","16":"product_tag-acryl","17":"product_tag-globalis","19":"first","20":"instock","21":"sold-individually","22":"purchasable","23":"product-type-simple"},"acf":[],"aioseo_notices":[],"_links":{"self":[{"href":"https:\/\/grevy.art\/en\/wp-json\/wp\/v2\/product\/7611","targetHints":{"allow":["GET"]}}],"collection":[{"href":"https:\/\/grevy.art\/en\/wp-json\/wp\/v2\/product"}],"about":[{"href":"https:\/\/grevy.art\/en\/wp-json\/wp\/v2\/types\/product"}],"replies":[{"embeddable":true,"href":"https:\/\/grevy.art\/en\/wp-json\/wp\/v2\/comments?post=7611"}],"wp:featuredmedia":[{"embeddable":true,"href":"https:\/\/grevy.art\/en\/wp-json\/wp\/v2\/media\/7616"}],"wp:attachment":[{"href":"https:\/\/grevy.art\/en\/wp-json\/wp\/v2\/media?parent=7611"}],"wp:term":[{"taxonomy":"ausgestaltungen","embeddable":true,"href":"https:\/\/grevy.art\/en\/wp-json\/wp\/v2\/ausgestaltungen?post=7611"},{"taxonomy":"farbigkeit","embeddable":true,"href":"https:\/\/grevy.art\/en\/wp-json\/wp\/v2\/farbigkeit?post=7611"},{"taxonomy":"material","embeddable":true,"href":"https:\/\/grevy.art\/en\/wp-json\/wp\/v2\/material?post=7611"},{"taxonomy":"motiv","embeddable":true,"href":"https:\/\/grevy.art\/en\/wp-json\/wp\/v2\/motiv?post=7611"},{"taxonomy":"product_brand","embeddable":true,"href":"https:\/\/grevy.art\/en\/wp-json\/wp\/v2\/product_brand?post=7611"},{"taxonomy":"product_cat","embeddable":true,"href":"https:\/\/grevy.art\/en\/wp-json\/wp\/v2\/product_cat?post=7611"},{"taxonomy":"product_tag","embeddable":true,"href":"https:\/\/grevy.art\/en\/wp-json\/wp\/v2\/product_tag?post=7611"}],"curies":[{"name":"wp","href":"https:\/\/api.w.org\/{rel}","templated":true}]}}