{"id":7620,"date":"2025-12-17T18:33:42","date_gmt":"2025-12-17T17:33:42","guid":{"rendered":"https:\/\/grevy.art\/?post_type=product&#038;p=7620"},"modified":"2026-04-21T12:00:36","modified_gmt":"2026-04-21T10:00:36","slug":"globali_252","status":"publish","type":"product","link":"https:\/\/grevy.art\/en\/kunstwerke\/collagen-en\/globali_252\/","title":{"rendered":"globali_252"},"content":{"rendered":"","protected":false},"excerpt":{"rendered":"<p>Collage und Acryl auf Leinwand, Format 20&#215;20 cm. Integrierte Metallschlie\u00dfen von 2 Getr\u00e4nkedosen, Motiv Eisb\u00e4r aus Svalbard.<\/p>\n","protected":false},"featured_media":7618,"comment_status":"closed","ping_status":"closed","template":"","meta":{"_acf_changed":false},"ausgestaltungen":[74],"farbigkeit":[191,559],"material":[212,217],"motiv":[173],"product_brand":[],"product_cat":[201,28],"product_tag":[312,360,623],"class_list":{"0":"post-7620","1":"product","2":"type-product","3":"status-publish","4":"has-post-thumbnail","6":"ausgestaltungen-original","7":"farbigkeit-farbig","8":"farbigkeit-rot-farbig","9":"material-acryl","10":"material-leinwand","11":"motiv-abstrakt","12":"product_cat-collagen","13":"product_cat-mixedmedia","14":"product_tag-abstrakt","15":"product_tag-acryl","16":"product_tag-globalis","18":"first","19":"instock","20":"sold-individually","21":"purchasable","22":"product-type-simple"},"acf":[],"aioseo_notices":[],"_links":{"self":[{"href":"https:\/\/grevy.art\/en\/wp-json\/wp\/v2\/product\/7620","targetHints":{"allow":["GET"]}}],"collection":[{"href":"https:\/\/grevy.art\/en\/wp-json\/wp\/v2\/product"}],"about":[{"href":"https:\/\/grevy.art\/en\/wp-json\/wp\/v2\/types\/product"}],"replies":[{"embeddable":true,"href":"https:\/\/grevy.art\/en\/wp-json\/wp\/v2\/comments?post=7620"}],"wp:featuredmedia":[{"embeddable":true,"href":"https:\/\/grevy.art\/en\/wp-json\/wp\/v2\/media\/7618"}],"wp:attachment":[{"href":"https:\/\/grevy.art\/en\/wp-json\/wp\/v2\/media?parent=7620"}],"wp:term":[{"taxonomy":"ausgestaltungen","embeddable":true,"href":"https:\/\/grevy.art\/en\/wp-json\/wp\/v2\/ausgestaltungen?post=7620"},{"taxonomy":"farbigkeit","embeddable":true,"href":"https:\/\/grevy.art\/en\/wp-json\/wp\/v2\/farbigkeit?post=7620"},{"taxonomy":"material","embeddable":true,"href":"https:\/\/grevy.art\/en\/wp-json\/wp\/v2\/material?post=7620"},{"taxonomy":"motiv","embeddable":true,"href":"https:\/\/grevy.art\/en\/wp-json\/wp\/v2\/motiv?post=7620"},{"taxonomy":"product_brand","embeddable":true,"href":"https:\/\/grevy.art\/en\/wp-json\/wp\/v2\/product_brand?post=7620"},{"taxonomy":"product_cat","embeddable":true,"href":"https:\/\/grevy.art\/en\/wp-json\/wp\/v2\/product_cat?post=7620"},{"taxonomy":"product_tag","embeddable":true,"href":"https:\/\/grevy.art\/en\/wp-json\/wp\/v2\/product_tag?post=7620"}],"curies":[{"name":"wp","href":"https:\/\/api.w.org\/{rel}","templated":true}]}}