{"id":7656,"date":"2026-01-12T08:25:50","date_gmt":"2026-01-12T07:25:50","guid":{"rendered":"https:\/\/grevy.art\/?post_type=product&#038;p=7656"},"modified":"2026-03-15T12:41:12","modified_gmt":"2026-03-15T11:41:12","slug":"rapunzel-reloaded-2025","status":"publish","type":"product","link":"https:\/\/grevy.art\/en\/kunstwerke\/painting\/rapunzel-reloaded-2025\/","title":{"rendered":"Rapunzel reloaded (2025)"},"content":{"rendered":"<p>&#8220;Rapunzel reloaded&#8221; spielt mit den Elementen des klassischen M\u00e4rchens, verfremdet, formt um und gewichtet neu.<\/p>\n<p>So wird Rapunzel nicht romantisch verkl\u00e4rt, sondern in einer ambivalenten Stimmung festgehalten: in sich gekehrt, ohne Blick nach au\u00dfen, beeinflusst von mechanisch wirkenden Konstruktionen &#8211; jedoch gelassen, ruhend, fast sogar zufrieden. Neben der bewusst irritierenden fig\u00fcrlichen Darstellung gibt es ein zwar leises, aber zentrales sprachliches Element: Hold me tight &#8211; ist es ein Wunsch nach N\u00e4he, festgehalten auf einem Etikett &#8211; oder ein von au\u00dfen aufgedr\u00fcckter Stempel, der gar nicht Rapunzels Empfindungen entspricht?<\/p>\n","protected":false},"excerpt":{"rendered":"<p>Acryl und Wachs auf Holzwerkstoff<\/p>\n","protected":false},"featured_media":7657,"comment_status":"open","ping_status":"closed","template":"","meta":{"_acf_changed":false},"ausgestaltungen":[73],"farbigkeit":[388,67,199,254,62,65,66],"material":[212,219,230],"motiv":[173,338,174,179],"product_brand":[],"product_cat":[18],"product_tag":[133,374,229],"class_list":{"0":"post-7656","1":"product","2":"type-product","3":"status-publish","4":"has-post-thumbnail","6":"ausgestaltungen-unikat","7":"farbigkeit-blautuerkis","8":"farbigkeit-grau","9":"farbigkeit-graustufen","10":"farbigkeit-grauweiss","11":"farbigkeit-rot","12":"farbigkeit-schwarz","13":"farbigkeit-weiss","14":"material-acryl","15":"material-holz","16":"material-wachs","17":"motiv-abstrakt","18":"motiv-farbflaechen","19":"motiv-figurativ","20":"motiv-mensch","21":"product_cat-malerei","22":"product_tag-acrylmalerei","23":"product_tag-portrait","24":"product_tag-storytelling","26":"first","27":"instock","28":"sold-individually","29":"shipping-taxable","30":"purchasable","31":"product-type-simple"},"acf":[],"aioseo_notices":[],"_links":{"self":[{"href":"https:\/\/grevy.art\/en\/wp-json\/wp\/v2\/product\/7656","targetHints":{"allow":["GET"]}}],"collection":[{"href":"https:\/\/grevy.art\/en\/wp-json\/wp\/v2\/product"}],"about":[{"href":"https:\/\/grevy.art\/en\/wp-json\/wp\/v2\/types\/product"}],"replies":[{"embeddable":true,"href":"https:\/\/grevy.art\/en\/wp-json\/wp\/v2\/comments?post=7656"}],"wp:featuredmedia":[{"embeddable":true,"href":"https:\/\/grevy.art\/en\/wp-json\/wp\/v2\/media\/7657"}],"wp:attachment":[{"href":"https:\/\/grevy.art\/en\/wp-json\/wp\/v2\/media?parent=7656"}],"wp:term":[{"taxonomy":"ausgestaltungen","embeddable":true,"href":"https:\/\/grevy.art\/en\/wp-json\/wp\/v2\/ausgestaltungen?post=7656"},{"taxonomy":"farbigkeit","embeddable":true,"href":"https:\/\/grevy.art\/en\/wp-json\/wp\/v2\/farbigkeit?post=7656"},{"taxonomy":"material","embeddable":true,"href":"https:\/\/grevy.art\/en\/wp-json\/wp\/v2\/material?post=7656"},{"taxonomy":"motiv","embeddable":true,"href":"https:\/\/grevy.art\/en\/wp-json\/wp\/v2\/motiv?post=7656"},{"taxonomy":"product_brand","embeddable":true,"href":"https:\/\/grevy.art\/en\/wp-json\/wp\/v2\/product_brand?post=7656"},{"taxonomy":"product_cat","embeddable":true,"href":"https:\/\/grevy.art\/en\/wp-json\/wp\/v2\/product_cat?post=7656"},{"taxonomy":"product_tag","embeddable":true,"href":"https:\/\/grevy.art\/en\/wp-json\/wp\/v2\/product_tag?post=7656"}],"curies":[{"name":"wp","href":"https:\/\/api.w.org\/{rel}","templated":true}]}}