{"id":7825,"date":"2026-02-11T16:17:06","date_gmt":"2026-02-11T15:17:06","guid":{"rendered":"https:\/\/grevy.art\/?post_type=product&#038;p=7825"},"modified":"2026-03-23T09:18:25","modified_gmt":"2026-03-23T08:18:25","slug":"2025-eimer-gerahmt-70x50cm","status":"publish","type":"product","link":"https:\/\/grevy.art\/en\/kunstwerke\/painting\/2025-eimer-gerahmt-70x50cm\/","title":{"rendered":"2025 Eimer gerahmt 70x50cm"},"content":{"rendered":"<p><span style=\"font-family: Montserrat\"><span style=\"font-size: small\">Seit diesem Jahr (2024) lasse ich dem Zufall einen gro\u00dfen Raum. <\/span><\/span><\/p>\n<p><span style=\"font-family: Montserrat\"><span style=\"font-size: small\">Der Hintergrund entsteht, ohne streben nach Profit, ziellos und absichtslos ohne wollen. Oder anders ausgedr\u00fcckt: im mushotoku. <\/span><\/span><span style=\"font-family: Montserrat\"><span style=\"font-size: small\">Dies ist sozusagen die Quintessenz des Zen-Buddhismus nach Meister Dogen, dem Begr\u00fcnder der soto-Schule . <\/span><\/span><span style=\"font-family: Montserrat\"><span style=\"font-size: small\">In den Wegk\u00fcnsten wird daf\u00fcr der Begriff Satori gebraucht. <\/span><\/span><span style=\"font-family: Montserrat\"><span style=\"font-size: small\">&#8220;Dieser Zustand macht es dem Menschen m\u00f6glich, den Weltzusammenhang intuitiv zu erfassen, und nicht bloss als Gegenstand zu betrachten. So ist er in der Lage, die geraden Denklinien des Intellekts zu verlassen, und ein intuitives Denken zu entwickeln, das einen leitet.\u201c <\/span><\/span><span style=\"font-family: Montserrat\"><span style=\"font-size: small\">(Zitat von ViVOTERRA) <\/span><\/span><\/p>\n<p><span style=\"font-family: Montserrat\"><span style=\"font-size: small\">Diese Sichtweise war Bestandteil der Auseinandersetzung mit meiner Kampfkunst Karate und findet sich nun in seiner vollen Bedeutung in meiner aktuellen Kunst wieder. <\/span><\/span><\/p>\n<p><span style=\"font-family: Montserrat\"><span style=\"font-size: small\">Aber so Weise bin ich dann doch nicht in letzter Konsequenz. <\/span><\/span><span style=\"font-family: Montserrat\"><span style=\"font-size: small\">Denn ich m\u00f6chte dem Entstandenen eine Bestimmung zuf\u00fchren und so definiere ich den Raum zuweilen mittels Gegenst\u00e4nden verschiedener Art.<\/span><\/span><\/p>\n<p><span style=\"font-family: Montserrat\"><span style=\"font-size: small\">Renate<\/span><\/span><\/p>\n","protected":false},"excerpt":{"rendered":"<p>Acryl auf Papier 60x40cm<\/p>\n<p>dann gerahmt mit Passepartout 70x50cm<\/p>\n","protected":false},"featured_media":7826,"comment_status":"open","ping_status":"closed","template":"","meta":{"_acf_changed":false},"ausgestaltungen":[74],"farbigkeit":[560,57,559],"material":[212],"motiv":[185,542],"product_brand":[],"product_cat":[18],"product_tag":[133,131,135,645,634],"class_list":{"0":"post-7825","1":"product","2":"type-product","3":"status-publish","4":"has-post-thumbnail","6":"ausgestaltungen-original","7":"farbigkeit-beige","8":"farbigkeit-blau","9":"farbigkeit-rot-farbig","10":"material-acryl","11":"motiv-meer","12":"motiv-wasser","13":"product_cat-malerei","14":"product_tag-acrylmalerei","15":"product_tag-boot","16":"product_tag-liebe","17":"product_tag-malerei-2","18":"product_tag-wir","20":"first","21":"instock","22":"featured","23":"sold-individually","24":"shipping-taxable","25":"purchasable","26":"product-type-simple"},"acf":[],"aioseo_notices":[],"_links":{"self":[{"href":"https:\/\/grevy.art\/en\/wp-json\/wp\/v2\/product\/7825","targetHints":{"allow":["GET"]}}],"collection":[{"href":"https:\/\/grevy.art\/en\/wp-json\/wp\/v2\/product"}],"about":[{"href":"https:\/\/grevy.art\/en\/wp-json\/wp\/v2\/types\/product"}],"replies":[{"embeddable":true,"href":"https:\/\/grevy.art\/en\/wp-json\/wp\/v2\/comments?post=7825"}],"wp:featuredmedia":[{"embeddable":true,"href":"https:\/\/grevy.art\/en\/wp-json\/wp\/v2\/media\/7826"}],"wp:attachment":[{"href":"https:\/\/grevy.art\/en\/wp-json\/wp\/v2\/media?parent=7825"}],"wp:term":[{"taxonomy":"ausgestaltungen","embeddable":true,"href":"https:\/\/grevy.art\/en\/wp-json\/wp\/v2\/ausgestaltungen?post=7825"},{"taxonomy":"farbigkeit","embeddable":true,"href":"https:\/\/grevy.art\/en\/wp-json\/wp\/v2\/farbigkeit?post=7825"},{"taxonomy":"material","embeddable":true,"href":"https:\/\/grevy.art\/en\/wp-json\/wp\/v2\/material?post=7825"},{"taxonomy":"motiv","embeddable":true,"href":"https:\/\/grevy.art\/en\/wp-json\/wp\/v2\/motiv?post=7825"},{"taxonomy":"product_brand","embeddable":true,"href":"https:\/\/grevy.art\/en\/wp-json\/wp\/v2\/product_brand?post=7825"},{"taxonomy":"product_cat","embeddable":true,"href":"https:\/\/grevy.art\/en\/wp-json\/wp\/v2\/product_cat?post=7825"},{"taxonomy":"product_tag","embeddable":true,"href":"https:\/\/grevy.art\/en\/wp-json\/wp\/v2\/product_tag?post=7825"}],"curies":[{"name":"wp","href":"https:\/\/api.w.org\/{rel}","templated":true}]}}