{"id":7944,"date":"2026-02-19T21:02:40","date_gmt":"2026-02-19T20:02:40","guid":{"rendered":"https:\/\/grevy.art\/?post_type=product&#038;p=7944"},"modified":"2026-02-20T11:15:48","modified_gmt":"2026-02-20T10:15:48","slug":"pillow-i-26","status":"publish","type":"product","link":"https:\/\/grevy.art\/en\/kunstwerke\/objects\/pillow-i-26\/","title":{"rendered":"PILLOW I-26"},"content":{"rendered":"<p>Robert Huber taucht tief in das Wesen unserer lebensnotwendigen Elemente wie Wasser und Mineralien ein und sch\u00e4rft mit seinen Werken unseren Blick f\u00fcr Sch\u00f6nheit und Eleganz, die ihren ganz eigenen Gesetzm\u00e4\u00dfigkeiten folgen.<\/p>\n","protected":false},"excerpt":{"rendered":"<h1>Wasser, Salz und ein handels\u00fcbliches Sitzkissen<\/h1>\n","protected":false},"featured_media":7850,"comment_status":"open","ping_status":"closed","template":"","meta":{"_acf_changed":false},"ausgestaltungen":[73],"farbigkeit":[343],"material":[628],"motiv":[],"product_brand":[],"product_cat":[32],"product_tag":[],"class_list":{"0":"post-7944","1":"product","2":"type-product","3":"status-publish","4":"has-post-thumbnail","6":"ausgestaltungen-unikat","7":"farbigkeit-gruenlich","8":"material-map-kristallisation","9":"product_cat-objekte","11":"first","12":"instock","13":"taxable","14":"shipping-taxable","15":"purchasable","16":"product-type-simple"},"acf":[],"aioseo_notices":[],"_links":{"self":[{"href":"https:\/\/grevy.art\/en\/wp-json\/wp\/v2\/product\/7944","targetHints":{"allow":["GET"]}}],"collection":[{"href":"https:\/\/grevy.art\/en\/wp-json\/wp\/v2\/product"}],"about":[{"href":"https:\/\/grevy.art\/en\/wp-json\/wp\/v2\/types\/product"}],"replies":[{"embeddable":true,"href":"https:\/\/grevy.art\/en\/wp-json\/wp\/v2\/comments?post=7944"}],"wp:featuredmedia":[{"embeddable":true,"href":"https:\/\/grevy.art\/en\/wp-json\/wp\/v2\/media\/7850"}],"wp:attachment":[{"href":"https:\/\/grevy.art\/en\/wp-json\/wp\/v2\/media?parent=7944"}],"wp:term":[{"taxonomy":"ausgestaltungen","embeddable":true,"href":"https:\/\/grevy.art\/en\/wp-json\/wp\/v2\/ausgestaltungen?post=7944"},{"taxonomy":"farbigkeit","embeddable":true,"href":"https:\/\/grevy.art\/en\/wp-json\/wp\/v2\/farbigkeit?post=7944"},{"taxonomy":"material","embeddable":true,"href":"https:\/\/grevy.art\/en\/wp-json\/wp\/v2\/material?post=7944"},{"taxonomy":"motiv","embeddable":true,"href":"https:\/\/grevy.art\/en\/wp-json\/wp\/v2\/motiv?post=7944"},{"taxonomy":"product_brand","embeddable":true,"href":"https:\/\/grevy.art\/en\/wp-json\/wp\/v2\/product_brand?post=7944"},{"taxonomy":"product_cat","embeddable":true,"href":"https:\/\/grevy.art\/en\/wp-json\/wp\/v2\/product_cat?post=7944"},{"taxonomy":"product_tag","embeddable":true,"href":"https:\/\/grevy.art\/en\/wp-json\/wp\/v2\/product_tag?post=7944"}],"curies":[{"name":"wp","href":"https:\/\/api.w.org\/{rel}","templated":true}]}}